{"id":15731,"date":"2018-03-17T17:41:07","date_gmt":"2018-03-17T17:41:07","guid":{"rendered":"http:\/\/inoxtanks.eu\/?page_id=15731"},"modified":"2023-04-17T11:56:37","modified_gmt":"2023-04-17T11:56:37","slug":"pouzite","status":"publish","type":"page","link":"https:\/\/inoxtanks.eu\/cs\/pouzite\/","title":{"rendered":"Pou\u017eit\u00e9"},"content":{"rendered":"<div class=\"wpb-content-wrapper\"><p>[vc_row bg_image=&#8220;15358&#8243; text_color=&#8220;light&#8220; top_padding=&#8220;140&#8243; bottom_padding=&#8220;140&#8243; bg_position=&#8220;center center&#8220;][vc_column text_align=&#8220;center&#8220; width=&#8220;1\/1&#8243;]<h1 class=\"headline font-inherit fontsize-xxxl fontweight-700 lh-12 align-center transform-inherit \" style=\"margin: 0 0 20px 0;\">T\u00e9m\u011b\u0159 1500 produkt\u016f v katalogu! <\/h1><h4 class=\"headline font-inherit fontsize-m fontweight-700 lh-12 align-center transform-inherit \" style=\"margin: 0 0 20px 0;\">Ka\u017edodenn\u00ed aktualizov\u00e1n\u00ed skladov\u00fdch stav\u016f.<\/h4>[vc_row_inner][vc_column_inner width=&#8220;1\/3&#8243; css=&#8220;.vc_custom_1517844469399{margin-top: 20px !important;}&#8220;]<a href=\"https:\/\/www.behaelter-kg.de\/en\/pdfservice\/generate\/getcurrentcatalog\/lang\/en_US\/\" target=\"_blank\" class=\"button color-8 large \" style=\"border-radius: 2px;\">OTEV\u0158\u00cdT KATALOG V .PDF (EN)<\/a>[\/vc_column_inner][vc_column_inner width=&#8220;1\/3&#8243; css=&#8220;.vc_custom_1514655730067{margin-top: 20px !important;}&#8220;]<a href=\"https:\/\/www.behaelter-kg.de\/de\/pdfservice\/generate\/getcurrentcatalog\/lang\/de_DE\/\" target=\"_blank\" class=\"button color-8 large \" style=\"border-radius: 2px;\">OTEV\u0158\u00cdT KATALOG V .PDF (DE)<\/a>[\/vc_column_inner][vc_column_inner width=&#8220;1\/3&#8243; css=&#8220;.vc_custom_1514655735489{margin-top: 20px !important;}&#8220;]<a href=\"https:\/\/www.behaelter-kg.de\/en\/available-from-stock\/stainless-steel-tanks.html\" target=\"_blank\" class=\"button color-8 large \" style=\"border-radius: 2px;\">PROHL\u00c9DNOUT KATALOG ONLINE<\/a>[\/vc_column_inner][\/vc_row_inner][\/vc_column][\/vc_row][vc_row top_padding=&#8220;40&#8243; bg_position=&#8220;left top&#8220;][vc_column width=&#8220;1\/2&#8243;][vc_column_text]<\/p>\n<h6>PRODEJ P\u0158\u00cdMO ZE SKLADU<\/h6>\n<p>\u0160irok\u00fd v\u00fdb\u011br na\u0161ich produkt\u016f zp\u016fsobuje, \u017ee zajist\u00e9 najdete to, co bude odpov\u00eddat va\u0161im pot\u0159eb\u00e1m. Mohou to b\u00fdt nejen n\u00e1dr\u017ee, ale tak\u00e9 p\u0159\u00edslu\u0161enstv\u00ed, jako jsou m\u00edchac\u00ed za\u0159\u00edzen\u00ed nebo \u010derpadla.<\/p>\n<p>Pamatujte, \u017ee mnoho v\u00fdrobk\u016f je dostupn\u00fdch p\u0159\u00edmo ze skladu. Pros\u00edme tedy o telefonn\u00ed nebo e-mailov\u00fd kontakt kv\u016fli rezervaci produktu a stanoven\u00ed zp\u016fsobu p\u0159evzet\u00ed nebo odesl\u00e1n\u00ed.<br \/>\n[\/vc_column_text][\/vc_column][vc_column width=&#8220;1\/2&#8243;][vc_column_text]<\/p>\n<h6>P\u0158ED\u00c1N\u00cd A DOD\u00c1VKA<\/h6>\n<p>Zakoupen\u00e9 n\u00e1dr\u017ee a vybaven\u00ed lze p\u0159evz\u00edt osobn\u011b nebo vyu\u017e\u00edt na\u0161e zprost\u0159edkov\u00e1n\u00ed. Nab\u00edz\u00edme dopravu pozemn\u00ed, \u017eelezni\u010dn\u00ed cestou a tak\u00e9 vnitrozemskou plavbou. Zp\u016fsob vol\u00edme v z\u00e1vislosti na velikosti n\u00e1dr\u017ee a poloze c\u00edle.<\/p>\n<p>Pamatujte, \u017ee zbo\u017e\u00ed s v\u00e1hou nad 15 tun, d\u00e9lkou nad 16,5m, \u0161\u00ed\u0159kou nad 2,55m a v\u00fd\u0161kou nad 4m bude vy\u017eadovat zvl\u00e1\u0161tn\u00ed povolen\u00ed, co\u017e m\u016f\u017ee prodlou\u017eit proces dod\u00e1vky.<br \/>\n[\/vc_column_text][\/vc_column][\/vc_row][vc_row type=&#8220;full_width_section&#8220;][vc_column width=&#8220;1\/1&#8243;]<div class=\"divider divider1\" style='margin:40px 0 40px 0 !important;'><\/div><h5 class=\"headline font-inherit fontsize-l fontweight-700 lh-inherit align-center transform-inherit \" style=\"margin: 0 0 20px 0;\">Objednat n\u00e1dr\u017e nebo p\u0159\u00edslu\u0161enstv\u00ed:<\/h5><h5 class=\"headline font-inherit fontsize-l fontweight-inherit lh-12 align-center transform-inherit \" style=\"margin: 0 0 20px 0;\">tel. : +48 693 860 412<br \/>\nmail: biuro@inoxtanks.eu<\/h5><div class=\"divider divider1\" style='margin:40px 0 40px 0 !important;'><\/div>[\/vc_column][\/vc_row]<\/p>\n<\/div>","protected":false},"excerpt":{"rendered":"<p>[vc_row bg_image=&#8220;15358&#8243; text_color=&#8220;light&#8220; top_padding=&#8220;140&#8243; bottom_padding=&#8220;140&#8243; bg_position=&#8220;center center&#8220;][vc_column text_align=&#8220;center&#8220; width=&#8220;1\/1&#8243;][vc_row_inner][vc_column_inner width=&#8220;1\/3&#8243; css=&#8220;.vc_custom_1517844469399{margin-top: 20px !important;}&#8220;][\/vc_column_inner][vc_column_inner width=&#8220;1\/3&#8243; css=&#8220;.vc_custom_1514655730067{margin-top: 20px !important;}&#8220;][\/vc_column_inner][vc_column_inner width=&#8220;1\/3&#8243; css=&#8220;.vc_custom_1514655735489{margin-top: 20px !important;}&#8220;][\/vc_column_inner][\/vc_row_inner][\/vc_column][\/vc_row][vc_row top_padding=&#8220;40&#8243; bg_position=&#8220;left top&#8220;][vc_column width=&#8220;1\/2&#8243;][vc_column_text] PRODEJ P\u0158\u00cdMO ZE SKLADU \u0160irok\u00fd v\u00fdb\u011br na\u0161ich produkt\u016f zp\u016fsobuje, \u017ee zajist\u00e9 najdete to, co bude odpov\u00eddat va\u0161im pot\u0159eb\u00e1m. Mohou to b\u00fdt nejen n\u00e1dr\u017ee, ale tak\u00e9 p\u0159\u00edslu\u0161enstv\u00ed, jako jsou m\u00edchac\u00ed za\u0159\u00edzen\u00ed nebo \u010derpadla. Pamatujte, \u017ee mnoho v\u00fdrobk\u016f je dostupn\u00fdch p\u0159\u00edmo ze skladu. Pros\u00edme tedy o telefonn\u00ed nebo e-mailov\u00fd kontakt kv\u016fli rezervaci produktu a stanoven\u00ed zp\u016fsobu p\u0159evzet\u00ed nebo odesl\u00e1n\u00ed. [\/vc_column_text][\/vc_column][vc_column width=&#8220;1\/2&#8243;][vc_column_text] P\u0158ED\u00c1N\u00cd A DOD\u00c1VKA Zakoupen\u00e9 n\u00e1dr\u017ee a vybaven\u00ed lze p\u0159evz\u00edt osobn\u011b nebo vyu\u017e\u00edt na\u0161e zprost\u0159edkov\u00e1n\u00ed. Nab\u00edz\u00edme dopravu pozemn\u00ed, \u017eelezni\u010dn\u00ed cestou a tak\u00e9 vnitrozemskou plavbou. Zp\u016fsob vol\u00edme v z\u00e1vislosti na velikosti n\u00e1dr\u017ee a poloze c\u00edle. Pamatujte, \u017ee zbo\u017e\u00ed s v\u00e1hou nad 15 tun, d\u00e9lkou nad 16,5m, \u0161\u00ed\u0159kou nad 2,55m a v\u00fd\u0161kou nad 4m bude vy\u017eadovat zvl\u00e1\u0161tn\u00ed povolen\u00ed, co\u017e m\u016f\u017ee prodlou\u017eit proces dod\u00e1vky. [\/vc_column_text][\/vc_column][\/vc_row][vc_row type=&#8220;full_width_section&#8220;][vc_column width=&#8220;1\/1&#8243;][\/vc_column][\/vc_row]<\/p>\n","protected":false},"author":1,"featured_media":0,"parent":0,"menu_order":0,"comment_status":"open","ping_status":"closed","template":"","meta":[],"_links":{"self":[{"href":"https:\/\/inoxtanks.eu\/cs\/wp-json\/wp\/v2\/pages\/15731"}],"collection":[{"href":"https:\/\/inoxtanks.eu\/cs\/wp-json\/wp\/v2\/pages"}],"about":[{"href":"https:\/\/inoxtanks.eu\/cs\/wp-json\/wp\/v2\/types\/page"}],"author":[{"embeddable":true,"href":"https:\/\/inoxtanks.eu\/cs\/wp-json\/wp\/v2\/users\/1"}],"replies":[{"embeddable":true,"href":"https:\/\/inoxtanks.eu\/cs\/wp-json\/wp\/v2\/comments?post=15731"}],"version-history":[{"count":0,"href":"https:\/\/inoxtanks.eu\/cs\/wp-json\/wp\/v2\/pages\/15731\/revisions"}],"wp:attachment":[{"href":"https:\/\/inoxtanks.eu\/cs\/wp-json\/wp\/v2\/media?parent=15731"}],"curies":[{"name":"wp","href":"https:\/\/api.w.org\/{rel}","templated":true}]}}