{"id":15738,"date":"2018-03-17T17:44:55","date_gmt":"2018-03-17T17:44:55","guid":{"rendered":"http:\/\/inoxtanks.eu\/?page_id=15738"},"modified":"2018-03-17T17:44:55","modified_gmt":"2018-03-17T17:44:55","slug":"o-nas","status":"publish","type":"page","link":"https:\/\/inoxtanks.eu\/cs\/o-nas\/","title":{"rendered":"O n\u00e1s"},"content":{"rendered":"<div class=\"wpb-content-wrapper\"><p>[vc_row type=&#8220;full_width_section&#8220; bg_image=&#8220;15350&#8243; text_color=&#8220;light&#8220; top_padding=&#8220;200&#8243; bottom_padding=&#8220;200&#8243; bg_position=&#8220;center center&#8220;][vc_column width=&#8220;1\/1&#8243;][\/vc_column][\/vc_row][vc_row top_padding=&#8220;40&#8243; bg_position=&#8220;left top&#8220;][vc_column width=&#8220;1\/3&#8243;][vc_column_text]<\/p>\n<h6>Z\u00c1STUPCE BEHAELTER KG<\/h6>\n<p>InoxTanks je ofici\u00e1ln\u00ed distributor zna\u010dky Behaelter KG pro Polsko, \u010cesko, Slovensko, Ma\u010farsko a Rumunsko. Reprezentujeme jednoho z nejv\u011bt\u0161\u00edch prodejc\u016f n\u00e1dr\u017e\u00ed z nerezov\u00e9 ocele v Evrop\u011b. Firmy, kter\u00e1 ji\u017e v\u00edce ne\u017e 50 let buduje svoji pozici v odv\u011btv\u00ed. D\u00edky nav\u00e1z\u00e1n\u00ed spolupr\u00e1ce m\u016f\u017ee InoxTanks nab\u00eddnout plnou produktovou \u0161k\u00e1lu tak\u00e9 pro z\u00e1kazn\u00edky z na\u0161eho st\u00e1tu.[\/vc_column_text][\/vc_column][vc_column width=&#8220;1\/3&#8243;][vc_column_text]<\/p>\n<h6>OBROVSK\u00c1 NAB\u00cdDKA<\/h6>\n<p>T\u00e9m\u011b\u0159 1500 n\u00e1dr\u017e\u00ed a sou\u010d\u00e1st\u00ed vybaven\u00ed dostupn\u00fdch nej\u010dast\u011bji okam\u017eit\u011b. Pou\u017eit\u00e9 i nov\u00e9 v\u00fdrobky, r\u016fzn\u00e1 pou\u017eit\u00ed, litr\u00e1\u017ee a rozm\u011bry. Pr\u00e1v\u011b to je p\u0159\u00ednosem kooperace mezi Behaelter KG a InoxTanks. Celek prezentujeme formou katalogu, kter\u00fd je ka\u017ed\u00fd den aktualizov\u00e1n, nebo\u0165 chceme zajistit komplexn\u00ed aktu\u00e1lnost nab\u00eddky.[\/vc_column_text][\/vc_column][vc_column width=&#8220;1\/3&#8243;][vc_column_text]<\/p>\n<h6>PODPORA NA KA\u017dD\u00c9M KROKU<\/h6>\n<p>V\u011bt\u0161ina n\u00e1dr\u017e\u00ed se nach\u00e1z\u00ed na obrovsk\u00e9m shroma\u017edi\u0161ti Behaelter KG v Br\u00e9m\u00e1ch v N\u011bmecku. Nen\u00ed v\u0161ak \u017e\u00e1dn\u00fd v\u011bt\u0161\u00ed probl\u00e9m zorganizovat dopravu nebo tak\u00e9 poskytnout podrobn\u00e9 informace. Sta\u010d\u00ed pouze prolistovat katalog, vybrat n\u00e1dr\u017e a kontaktovat n\u00e1s. My u\u017e se postar\u00e1me o zbytek.[\/vc_column_text][\/vc_column][\/vc_row][vc_row type=&#8220;full_width_section&#8220;][vc_column width=&#8220;1\/1&#8243;]<div class=\"divider divider1\" style='margin:40px 0 40px 0 !important;'><\/div>[\/vc_column][\/vc_row][vc_row type=&#8220;full_width_section&#8220;][vc_column width=&#8220;1\/1&#8243;]<div class=\"single_image wpb_content_element align-center  animate   \" data-animation=\"fade-in-from-bottom\" data-delay=\"0\"><img width=\"750\" height=\"250\" src=\"https:\/\/inoxtanks.eu\/wp-content\/uploads\/2017\/12\/FIT_Gruppe_Kategorie_1.jpg\" class=\"attachment-full\" alt=\"\" loading=\"lazy\" title=\"FIT_Gruppe_Kategorie_1\" srcset=\"https:\/\/inoxtanks.eu\/wp-content\/uploads\/2017\/12\/FIT_Gruppe_Kategorie_1.jpg 750w, https:\/\/inoxtanks.eu\/wp-content\/uploads\/2017\/12\/FIT_Gruppe_Kategorie_1-300x100.jpg 300w\" sizes=\"(max-width: 750px) 100vw, 750px\" \/><\/div>[\/vc_column][\/vc_row]<\/p>\n<\/div>","protected":false},"excerpt":{"rendered":"<p>[vc_row type=&#8220;full_width_section&#8220; bg_image=&#8220;15350&#8243; text_color=&#8220;light&#8220; top_padding=&#8220;200&#8243; bottom_padding=&#8220;200&#8243; bg_position=&#8220;center center&#8220;][vc_column width=&#8220;1\/1&#8243;][\/vc_column][\/vc_row][vc_row top_padding=&#8220;40&#8243; bg_position=&#8220;left top&#8220;][vc_column width=&#8220;1\/3&#8243;][vc_column_text] Z\u00c1STUPCE BEHAELTER KG InoxTanks je ofici\u00e1ln\u00ed distributor zna\u010dky Behaelter KG pro Polsko, \u010cesko, Slovensko, Ma\u010farsko a Rumunsko. Reprezentujeme jednoho z nejv\u011bt\u0161\u00edch prodejc\u016f n\u00e1dr\u017e\u00ed z nerezov\u00e9 ocele v Evrop\u011b. Firmy, kter\u00e1 ji\u017e v\u00edce ne\u017e 50 let buduje svoji pozici v odv\u011btv\u00ed. D\u00edky nav\u00e1z\u00e1n\u00ed spolupr\u00e1ce m\u016f\u017ee InoxTanks nab\u00eddnout plnou produktovou \u0161k\u00e1lu tak\u00e9 pro z\u00e1kazn\u00edky z na\u0161eho st\u00e1tu.[\/vc_column_text][\/vc_column][vc_column width=&#8220;1\/3&#8243;][vc_column_text] OBROVSK\u00c1 NAB\u00cdDKA T\u00e9m\u011b\u0159 1500 n\u00e1dr\u017e\u00ed a sou\u010d\u00e1st\u00ed vybaven\u00ed dostupn\u00fdch nej\u010dast\u011bji okam\u017eit\u011b. Pou\u017eit\u00e9 i nov\u00e9 v\u00fdrobky, r\u016fzn\u00e1 pou\u017eit\u00ed, litr\u00e1\u017ee a rozm\u011bry. Pr\u00e1v\u011b to je p\u0159\u00ednosem kooperace mezi Behaelter KG a InoxTanks. Celek prezentujeme formou katalogu, kter\u00fd je ka\u017ed\u00fd den aktualizov\u00e1n, nebo\u0165 chceme zajistit komplexn\u00ed aktu\u00e1lnost nab\u00eddky.[\/vc_column_text][\/vc_column][vc_column width=&#8220;1\/3&#8243;][vc_column_text] PODPORA NA KA\u017dD\u00c9M KROKU V\u011bt\u0161ina n\u00e1dr\u017e\u00ed se nach\u00e1z\u00ed na obrovsk\u00e9m shroma\u017edi\u0161ti Behaelter KG v Br\u00e9m\u00e1ch v N\u011bmecku. Nen\u00ed v\u0161ak \u017e\u00e1dn\u00fd v\u011bt\u0161\u00ed probl\u00e9m zorganizovat dopravu nebo tak\u00e9 poskytnout podrobn\u00e9 informace. Sta\u010d\u00ed pouze prolistovat katalog, vybrat n\u00e1dr\u017e a kontaktovat n\u00e1s. My u\u017e se postar\u00e1me o zbytek.[\/vc_column_text][\/vc_column][\/vc_row][vc_row type=&#8220;full_width_section&#8220;][vc_column width=&#8220;1\/1&#8243;][\/vc_column][\/vc_row][vc_row type=&#8220;full_width_section&#8220;][vc_column width=&#8220;1\/1&#8243;][\/vc_column][\/vc_row]<\/p>\n","protected":false},"author":1,"featured_media":0,"parent":0,"menu_order":0,"comment_status":"open","ping_status":"closed","template":"","meta":[],"_links":{"self":[{"href":"https:\/\/inoxtanks.eu\/cs\/wp-json\/wp\/v2\/pages\/15738"}],"collection":[{"href":"https:\/\/inoxtanks.eu\/cs\/wp-json\/wp\/v2\/pages"}],"about":[{"href":"https:\/\/inoxtanks.eu\/cs\/wp-json\/wp\/v2\/types\/page"}],"author":[{"embeddable":true,"href":"https:\/\/inoxtanks.eu\/cs\/wp-json\/wp\/v2\/users\/1"}],"replies":[{"embeddable":true,"href":"https:\/\/inoxtanks.eu\/cs\/wp-json\/wp\/v2\/comments?post=15738"}],"version-history":[{"count":0,"href":"https:\/\/inoxtanks.eu\/cs\/wp-json\/wp\/v2\/pages\/15738\/revisions"}],"wp:attachment":[{"href":"https:\/\/inoxtanks.eu\/cs\/wp-json\/wp\/v2\/media?parent=15738"}],"curies":[{"name":"wp","href":"https:\/\/api.w.org\/{rel}","templated":true}]}}