{"id":15745,"date":"2018-03-17T17:54:38","date_gmt":"2018-03-17T17:54:38","guid":{"rendered":"http:\/\/inoxtanks.eu\/?page_id=15745"},"modified":"2018-03-19T13:30:02","modified_gmt":"2018-03-19T13:30:02","slug":"serie-fit","status":"publish","type":"page","link":"https:\/\/inoxtanks.eu\/cs\/nove\/serie-fit\/","title":{"rendered":"S\u00c9RIE \u201eFIT\u201d"},"content":{"rendered":"<div class=\"wpb-content-wrapper\"><p>[vc_row type=&#8220;full_width_section&#8220; top_padding=&#8220;40&#8243;][vc_column text_align=&#8220;center&#8220; width=&#8220;1\/1&#8243;]<div class=\"single_image wpb_content_element align-center   image_zoom \" data-animation=\"none\" data-delay=\"0\"><img loading=\"lazy\" decoding=\"async\" width=\"1245\" height=\"451\" src=\"https:\/\/inoxtanks.eu\/wp-content\/uploads\/2017\/12\/fit.jpg\" class=\"attachment-full\" alt=\"\" title=\"fit\" srcset=\"https:\/\/inoxtanks.eu\/wp-content\/uploads\/2017\/12\/fit.jpg 1245w, https:\/\/inoxtanks.eu\/wp-content\/uploads\/2017\/12\/fit-300x109.jpg 300w, https:\/\/inoxtanks.eu\/wp-content\/uploads\/2017\/12\/fit-768x278.jpg 768w, https:\/\/inoxtanks.eu\/wp-content\/uploads\/2017\/12\/fit-1024x371.jpg 1024w\" sizes=\"auto, (max-width: 1245px) 100vw, 1245px\" \/><\/div><div class=\"single_image wpb_content_element align-center  image_box_border image_zoom \" data-animation=\"none\" data-delay=\"0\"><img loading=\"lazy\" decoding=\"async\" width=\"1200\" height=\"242\" src=\"https:\/\/inoxtanks.eu\/wp-content\/uploads\/2018\/03\/fitabele2-cs-v1.1.jpg\" class=\"attachment-full\" alt=\"\" title=\"fitabele2-cs-v1.1\" srcset=\"https:\/\/inoxtanks.eu\/wp-content\/uploads\/2018\/03\/fitabele2-cs-v1.1.jpg 1200w, https:\/\/inoxtanks.eu\/wp-content\/uploads\/2018\/03\/fitabele2-cs-v1.1-300x61.jpg 300w, https:\/\/inoxtanks.eu\/wp-content\/uploads\/2018\/03\/fitabele2-cs-v1.1-768x155.jpg 768w, https:\/\/inoxtanks.eu\/wp-content\/uploads\/2018\/03\/fitabele2-cs-v1.1-1024x207.jpg 1024w\" sizes=\"auto, (max-width: 1200px) 100vw, 1200px\" \/><\/div><div class=\"divider divider1\" style='margin:40px 0 40px 0 !important;'><\/div>[\/vc_column][\/vc_row][vc_row top_padding=&#8220;0&#8243; bg_position=&#8220;left top&#8220;][vc_column width=&#8220;1\/3&#8243;]<div class=\"iconbox  wpb_content_element iconbox-style-1 icon-color-accent color-dark animation-none\"><h3><i class=\"fa fa-check boxicon\" style=\"\"><\/i><span><\/span><\/h3><p><strong>Podlaha a n\u00e1dr\u017e s dvojitou st\u011bnou<\/strong><\/p><\/div><div class=\"iconbox  wpb_content_element iconbox-style-1 icon-color-accent color-dark animation-none\"><h3><i class=\"fa fa-check boxicon\" style=\"\"><\/i><span><\/span><\/h3><p><strong>Topn\u00fd \/ chlad\u00edc\u00ed pl\u00e1\u0161\u0165: tlak 2 bar<\/strong><\/p><\/div><div class=\"iconbox  wpb_content_element iconbox-style-1 icon-color-accent color-dark animation-none\"><h3><i class=\"fa fa-check boxicon\" style=\"\"><\/i><span><\/span><\/h3><p><strong>Dokumentace &amp; deklarace instalace EU<\/strong><\/p><\/div>[\/vc_column][vc_column width=&#8220;1\/3&#8243;]<div class=\"iconbox  wpb_content_element iconbox-style-1 icon-color-accent color-dark animation-none\"><h3><i class=\"fa fa-check boxicon\" style=\"\"><\/i><span><\/span><\/h3><p><strong>Nastaviteln\u00e1 v\u00fd\u0161ka podp\u011brn\u00fdch nohou<\/strong><\/p><\/div><div class=\"iconbox  wpb_content_element iconbox-style-1 icon-color-accent color-dark animation-none\"><h3><i class=\"fa fa-check boxicon\" style=\"\"><\/i><span><\/span><\/h3><p><strong>Rozs\u00e1hl\u00e1 dokumentace<\/strong><\/p><\/div><div class=\"iconbox  wpb_content_element iconbox-style-1 icon-color-accent color-dark animation-none\"><h3><i class=\"fa fa-check boxicon\" style=\"\"><\/i><span><\/span><\/h3><p><strong>Stabiln\u00ed stavba z nerezov\u00e9 ocele<\/strong><\/p><\/div>[\/vc_column][vc_column width=&#8220;1\/3&#8243;]<div class=\"iconbox  wpb_content_element iconbox-style-1 icon-color-accent color-dark animation-none\"><h3><i class=\"fa fa-check boxicon\" style=\"\"><\/i><span><\/span><\/h3><p><strong>Siln\u00e1 obruba m\u00edchac\u00edho za\u0159\u00edzen\u00ed<\/strong><\/p><\/div><div class=\"iconbox  wpb_content_element iconbox-style-1 icon-color-accent color-dark animation-none\"><h3><i class=\"fa fa-check boxicon\" style=\"\"><\/i><span><\/span><\/h3><p><strong>Vysok\u00fd lesk = snadn\u00e9 \u010di\u0161t\u011bn\u00ed<\/strong><\/p><\/div><div class=\"iconbox  wpb_content_element iconbox-style-1 icon-color-accent color-dark animation-none\"><h3><i class=\"fa fa-check boxicon\" style=\"\"><\/i><span><\/span><\/h3><p><strong>Voliteln\u011b s V4A<\/strong><\/p><\/div>[\/vc_column][\/vc_row][vc_row type=&#8220;full_width_section&#8220;][vc_column width=&#8220;1\/1&#8243;]<div class=\"divider divider1\" style='margin:40px 0 40px 0 !important;'><\/div><h5 class=\"headline font-inherit fontsize-l fontweight-700 lh-inherit align-center transform-inherit \" style=\"margin: 0 0 20px 0;\">Objednat n\u00e1dr\u017e nebo p\u0159\u00edslu\u0161enstv\u00ed:<\/h5><h5 class=\"headline font-inherit fontsize-l fontweight-inherit lh-12 align-center transform-inherit \" style=\"margin: 0 0 20px 0;\">tel. : +48 693 860 412<br \/>\nmail: biuro@inoxtanks.eu<\/h5><div class=\"divider divider1\" style='margin:40px 0 40px 0 !important;'><\/div>[\/vc_column][\/vc_row]<\/p>\n<\/div>","protected":false},"excerpt":{"rendered":"<p>[vc_row type=&#8220;full_width_section&#8220; top_padding=&#8220;40&#8243;][vc_column text_align=&#8220;center&#8220; width=&#8220;1\/1&#8243;][\/vc_column][\/vc_row][vc_row top_padding=&#8220;0&#8243; bg_position=&#8220;left top&#8220;][vc_column width=&#8220;1\/3&#8243;][\/vc_column][vc_column width=&#8220;1\/3&#8243;][\/vc_column][vc_column width=&#8220;1\/3&#8243;][\/vc_column][\/vc_row][vc_row type=&#8220;full_width_section&#8220;][vc_column width=&#8220;1\/1&#8243;][\/vc_column][\/vc_row]<\/p>\n","protected":false},"author":1,"featured_media":0,"parent":15742,"menu_order":0,"comment_status":"open","ping_status":"closed","template":"","meta":{"footnotes":""},"class_list":["post-15745","page","type-page","status-publish","hentry"],"yoast_head":"<!-- This site is optimized with the Yoast SEO plugin v27.4 - https:\/\/yoast.com\/product\/yoast-seo-wordpress\/ -->\n<title>S\u00c9RIE \u201eFIT\u201d - Inox Tanks<\/title>\n<meta name=\"robots\" content=\"index, follow, max-snippet:-1, max-image-preview:large, max-video-preview:-1\" \/>\n<link rel=\"canonical\" href=\"https:\/\/inoxtanks.eu\/nowe-zbiorniki\/fit\/\" \/>\n<meta property=\"og:locale\" content=\"cs_CZ\" \/>\n<meta property=\"og:type\" content=\"article\" \/>\n<meta property=\"og:title\" content=\"S\u00c9RIE \u201eFIT\u201d - Inox Tanks\" \/>\n<meta property=\"og:description\" content=\"[vc_row type=&#8220;full_width_section&#8220; top_padding=&#8220;40&#8243;][vc_column text_align=&#8220;center&#8220; width=&#8220;1\/1&#8243;][\/vc_column][\/vc_row][vc_row top_padding=&#8220;0&#8243; bg_position=&#8220;left top&#8220;][vc_column width=&#8220;1\/3&#8243;][\/vc_column][vc_column width=&#8220;1\/3&#8243;][\/vc_column][vc_column width=&#8220;1\/3&#8243;][\/vc_column][\/vc_row][vc_row type=&#8220;full_width_section&#8220;][vc_column width=&#8220;1\/1&#8243;][\/vc_column][\/vc_row]\" \/>\n<meta property=\"og:url\" content=\"https:\/\/inoxtanks.eu\/nowe-zbiorniki\/fit\/\" \/>\n<meta property=\"og:site_name\" content=\"Inox Tanks\" \/>\n<meta property=\"article:modified_time\" content=\"2018-03-19T13:30:02+00:00\" \/>\n<meta name=\"twitter:card\" content=\"summary_large_image\" \/>\n<meta name=\"twitter:label1\" content=\"Odhadovan\u00e1 doba \u010dten\u00ed\" \/>\n\t<meta name=\"twitter:data1\" content=\"1 minuta\" \/>\n<script type=\"application\/ld+json\" class=\"yoast-schema-graph\">{\"@context\":\"https:\\\/\\\/schema.org\",\"@graph\":[{\"@type\":\"WebPage\",\"@id\":\"https:\\\/\\\/inoxtanks.eu\\\/nowe-zbiorniki\\\/fit\\\/\",\"url\":\"https:\\\/\\\/inoxtanks.eu\\\/nowe-zbiorniki\\\/fit\\\/\",\"name\":\"S\u00c9RIE \u201eFIT\u201d - Inox Tanks\",\"isPartOf\":{\"@id\":\"https:\\\/\\\/inoxtanks.eu\\\/#website\"},\"datePublished\":\"2018-03-17T17:54:38+00:00\",\"dateModified\":\"2018-03-19T13:30:02+00:00\",\"breadcrumb\":{\"@id\":\"https:\\\/\\\/inoxtanks.eu\\\/nowe-zbiorniki\\\/fit\\\/#breadcrumb\"},\"inLanguage\":\"cs\",\"potentialAction\":[{\"@type\":\"ReadAction\",\"target\":[\"https:\\\/\\\/inoxtanks.eu\\\/nowe-zbiorniki\\\/fit\\\/\"]}]},{\"@type\":\"BreadcrumbList\",\"@id\":\"https:\\\/\\\/inoxtanks.eu\\\/nowe-zbiorniki\\\/fit\\\/#breadcrumb\",\"itemListElement\":[{\"@type\":\"ListItem\",\"position\":1,\"name\":\"Strona g\u0142\u00f3wna\",\"item\":\"https:\\\/\\\/inoxtanks.eu\\\/cs\\\/\"},{\"@type\":\"ListItem\",\"position\":2,\"name\":\"Nov\u00e9\",\"item\":\"https:\\\/\\\/inoxtanks.eu\\\/nowe-zbiorniki\\\/\"},{\"@type\":\"ListItem\",\"position\":3,\"name\":\"S\u00c9RIE \u201eFIT\u201d\"}]},{\"@type\":\"WebSite\",\"@id\":\"https:\\\/\\\/inoxtanks.eu\\\/#website\",\"url\":\"https:\\\/\\\/inoxtanks.eu\\\/\",\"name\":\"Inox Tanks\",\"description\":\"\",\"publisher\":{\"@id\":\"https:\\\/\\\/inoxtanks.eu\\\/#organization\"},\"potentialAction\":[{\"@type\":\"SearchAction\",\"target\":{\"@type\":\"EntryPoint\",\"urlTemplate\":\"https:\\\/\\\/inoxtanks.eu\\\/?s={search_term_string}\"},\"query-input\":{\"@type\":\"PropertyValueSpecification\",\"valueRequired\":true,\"valueName\":\"search_term_string\"}}],\"inLanguage\":\"cs\"},{\"@type\":\"Organization\",\"@id\":\"https:\\\/\\\/inoxtanks.eu\\\/#organization\",\"name\":\"InoxTanks\",\"url\":\"https:\\\/\\\/inoxtanks.eu\\\/\",\"logo\":{\"@type\":\"ImageObject\",\"inLanguage\":\"cs\",\"@id\":\"https:\\\/\\\/inoxtanks.eu\\\/#\\\/schema\\\/logo\\\/image\\\/\",\"url\":\"https:\\\/\\\/inoxtanks.eu\\\/wp-content\\\/uploads\\\/2017\\\/12\\\/inox-logo-retina.jpg\",\"contentUrl\":\"https:\\\/\\\/inoxtanks.eu\\\/wp-content\\\/uploads\\\/2017\\\/12\\\/inox-logo-retina.jpg\",\"width\":300,\"height\":269,\"caption\":\"InoxTanks\"},\"image\":{\"@id\":\"https:\\\/\\\/inoxtanks.eu\\\/#\\\/schema\\\/logo\\\/image\\\/\"}}]}<\/script>\n<!-- \/ Yoast SEO plugin. -->","yoast_head_json":{"title":"S\u00c9RIE \u201eFIT\u201d - Inox Tanks","robots":{"index":"index","follow":"follow","max-snippet":"max-snippet:-1","max-image-preview":"max-image-preview:large","max-video-preview":"max-video-preview:-1"},"canonical":"https:\/\/inoxtanks.eu\/nowe-zbiorniki\/fit\/","og_locale":"cs_CZ","og_type":"article","og_title":"S\u00c9RIE \u201eFIT\u201d - Inox Tanks","og_description":"[vc_row type=&#8220;full_width_section&#8220; top_padding=&#8220;40&#8243;][vc_column text_align=&#8220;center&#8220; width=&#8220;1\/1&#8243;][\/vc_column][\/vc_row][vc_row top_padding=&#8220;0&#8243; bg_position=&#8220;left top&#8220;][vc_column width=&#8220;1\/3&#8243;][\/vc_column][vc_column width=&#8220;1\/3&#8243;][\/vc_column][vc_column width=&#8220;1\/3&#8243;][\/vc_column][\/vc_row][vc_row type=&#8220;full_width_section&#8220;][vc_column width=&#8220;1\/1&#8243;][\/vc_column][\/vc_row]","og_url":"https:\/\/inoxtanks.eu\/nowe-zbiorniki\/fit\/","og_site_name":"Inox Tanks","article_modified_time":"2018-03-19T13:30:02+00:00","twitter_card":"summary_large_image","twitter_misc":{"Odhadovan\u00e1 doba \u010dten\u00ed":"1 minuta"},"schema":{"@context":"https:\/\/schema.org","@graph":[{"@type":"WebPage","@id":"https:\/\/inoxtanks.eu\/nowe-zbiorniki\/fit\/","url":"https:\/\/inoxtanks.eu\/nowe-zbiorniki\/fit\/","name":"S\u00c9RIE \u201eFIT\u201d - Inox Tanks","isPartOf":{"@id":"https:\/\/inoxtanks.eu\/#website"},"datePublished":"2018-03-17T17:54:38+00:00","dateModified":"2018-03-19T13:30:02+00:00","breadcrumb":{"@id":"https:\/\/inoxtanks.eu\/nowe-zbiorniki\/fit\/#breadcrumb"},"inLanguage":"cs","potentialAction":[{"@type":"ReadAction","target":["https:\/\/inoxtanks.eu\/nowe-zbiorniki\/fit\/"]}]},{"@type":"BreadcrumbList","@id":"https:\/\/inoxtanks.eu\/nowe-zbiorniki\/fit\/#breadcrumb","itemListElement":[{"@type":"ListItem","position":1,"name":"Strona g\u0142\u00f3wna","item":"https:\/\/inoxtanks.eu\/cs\/"},{"@type":"ListItem","position":2,"name":"Nov\u00e9","item":"https:\/\/inoxtanks.eu\/nowe-zbiorniki\/"},{"@type":"ListItem","position":3,"name":"S\u00c9RIE \u201eFIT\u201d"}]},{"@type":"WebSite","@id":"https:\/\/inoxtanks.eu\/#website","url":"https:\/\/inoxtanks.eu\/","name":"Inox Tanks","description":"","publisher":{"@id":"https:\/\/inoxtanks.eu\/#organization"},"potentialAction":[{"@type":"SearchAction","target":{"@type":"EntryPoint","urlTemplate":"https:\/\/inoxtanks.eu\/?s={search_term_string}"},"query-input":{"@type":"PropertyValueSpecification","valueRequired":true,"valueName":"search_term_string"}}],"inLanguage":"cs"},{"@type":"Organization","@id":"https:\/\/inoxtanks.eu\/#organization","name":"InoxTanks","url":"https:\/\/inoxtanks.eu\/","logo":{"@type":"ImageObject","inLanguage":"cs","@id":"https:\/\/inoxtanks.eu\/#\/schema\/logo\/image\/","url":"https:\/\/inoxtanks.eu\/wp-content\/uploads\/2017\/12\/inox-logo-retina.jpg","contentUrl":"https:\/\/inoxtanks.eu\/wp-content\/uploads\/2017\/12\/inox-logo-retina.jpg","width":300,"height":269,"caption":"InoxTanks"},"image":{"@id":"https:\/\/inoxtanks.eu\/#\/schema\/logo\/image\/"}}]}},"_links":{"self":[{"href":"https:\/\/inoxtanks.eu\/cs\/wp-json\/wp\/v2\/pages\/15745","targetHints":{"allow":["GET"]}}],"collection":[{"href":"https:\/\/inoxtanks.eu\/cs\/wp-json\/wp\/v2\/pages"}],"about":[{"href":"https:\/\/inoxtanks.eu\/cs\/wp-json\/wp\/v2\/types\/page"}],"author":[{"embeddable":true,"href":"https:\/\/inoxtanks.eu\/cs\/wp-json\/wp\/v2\/users\/1"}],"replies":[{"embeddable":true,"href":"https:\/\/inoxtanks.eu\/cs\/wp-json\/wp\/v2\/comments?post=15745"}],"version-history":[{"count":0,"href":"https:\/\/inoxtanks.eu\/cs\/wp-json\/wp\/v2\/pages\/15745\/revisions"}],"up":[{"embeddable":true,"href":"https:\/\/inoxtanks.eu\/cs\/wp-json\/wp\/v2\/pages\/15742"}],"wp:attachment":[{"href":"https:\/\/inoxtanks.eu\/cs\/wp-json\/wp\/v2\/media?parent=15745"}],"curies":[{"name":"wp","href":"https:\/\/api.w.org\/{rel}","templated":true}]}}