{"id":15755,"date":"2018-03-17T19:23:18","date_gmt":"2018-03-17T19:23:18","guid":{"rendered":"http:\/\/inoxtanks.eu\/?page_id=15755"},"modified":"2026-04-16T16:45:47","modified_gmt":"2026-04-16T16:45:47","slug":"serie-fot","status":"publish","type":"page","link":"https:\/\/inoxtanks.eu\/cs\/nove\/serie-fot\/","title":{"rendered":"S\u00c9RIE \u201eFOT\u201d"},"content":{"rendered":"<div class=\"wpb-content-wrapper\"><p>[vc_row top_padding=&#8220;40&#8243;][vc_column text_align=&#8220;center&#8220; width=&#8220;1\/2&#8243;]<div class=\"single_image wpb_content_element align-center   image_zoom \" data-animation=\"none\" data-delay=\"0\"><img decoding=\"async\" class=\"\" src=\"https:\/\/inoxtanks.eu\/wp-content\/uploads\/2017\/12\/fot-500x500.jpg\" width=\"500\" height=\"500\" alt=\"fot\" title=\"fot\" loading=\"lazy\" \/><\/div>[\/vc_column][vc_column width=&#8220;1\/2&#8243;]<h5 class=\"headline font-inherit fontsize-l fontweight-700 lh-12 align-left transform-inherit \" style=\"margin: 0 0 20px 0;\">Nov\u00e9 m\u00eds\u00edc\u00ed n\u00e1dr\u017ee od 1.100 do 3.800 litr\u016f<\/h5><h5 class=\"headline font-inherit fontsize-s fontweight-inherit lh-12 align-left transform-inherit \" style=\"margin: 0 0 20px 0;\">M\u00eds\u00edc\u00ed n\u00e1dr\u017ee typu FOT se osv\u011bd\u010duj\u00ed p\u0159edev\u0161\u00edm v oblasti zpracov\u00e1n\u00ed potravin\u00e1\u0159sk\u00e9ho zbo\u017e\u00ed. Zde se daj\u00ed zpracov\u00e1vat suroviny se zv\u00fd\u0161enou hustotou produkt\u016f a\u017e 1,4 kg na litr. Povrch le\u0161t\u011bn\u00fd na vysok\u00fd lesk zabra\u0148uje p\u0159ichyt\u00e1v\u00e1n\u00ed zbytk\u016f suroviny<\/p>\n<p>Nav\u00edc jsou n\u00e1dr\u017ee typu FOT vybaveny dv\u011bma na sob\u011b nez\u00e1visl\u00fdmi a samostatn\u011b \u0159\u00edzen\u00fdmi chladic\u00edmi-topn\u00fdmi z\u00f3nami. Integrovan\u00e9 podlahov\u00e9 desky umo\u017e\u0148uj\u00ed dopl\u0148kov\u00e9 ukotven\u00ed k podlo\u017e\u00ed.<\/h5><div class=\"single_image wpb_content_element align-left  image_box_border image_zoom \" data-animation=\"none\" data-delay=\"0\"><img loading=\"lazy\" decoding=\"async\" width=\"518\" height=\"366\" src=\"https:\/\/inoxtanks.eu\/wp-content\/uploads\/2017\/12\/fotset2.jpg\" class=\"attachment-full\" alt=\"\" title=\"fotset2\" srcset=\"https:\/\/inoxtanks.eu\/wp-content\/uploads\/2017\/12\/fotset2.jpg 518w, https:\/\/inoxtanks.eu\/wp-content\/uploads\/2017\/12\/fotset2-300x212.jpg 300w\" sizes=\"auto, (max-width: 518px) 100vw, 518px\" \/><\/div>[\/vc_column][\/vc_row][vc_row type=&#8220;full_width_section&#8220;][vc_column width=&#8220;1\/1&#8243;]<div class=\"divider divider1\" style='margin:40px 0 40px 0 !important;'><\/div>[\/vc_column][\/vc_row][vc_row top_padding=&#8220;0&#8243; bg_position=&#8220;left top&#8220;][vc_column width=&#8220;1\/2&#8243;]<div class=\"iconbox  wpb_content_element iconbox-style-1 icon-color-accent color-dark animation-none\"><h3><i class=\"fa fa-check boxicon\" style=\"\"><\/i><span><\/span><\/h3><p><strong>Dvojit\u00e1 st\u011bna v\u00e1lce a dna odoln\u00e1 proti tlaku<\/strong><\/p><\/div><div class=\"iconbox  wpb_content_element iconbox-style-1 icon-color-accent color-dark animation-none\"><h3><i class=\"fa fa-check boxicon\" style=\"\"><\/i><span><\/span><\/h3><p><strong>Pevn\u00e1 konstrukce s vysok\u00fdm leskem<\/strong><\/p><\/div><div class=\"iconbox  wpb_content_element iconbox-style-1 icon-color-accent color-dark animation-none\"><h3><i class=\"fa fa-check boxicon\" style=\"\"><\/i><span><\/span><\/h3><p><strong>Voliteln\u011b: m\u00eds\u00edc\u00ed za\u0159\u00edzen\u00ed s dv\u011bma v\u00edky se z\u00e1v\u011bsem<\/strong><\/p><\/div><div class=\"iconbox  wpb_content_element iconbox-style-1 icon-color-accent color-dark animation-none\"><h3><i class=\"fa fa-check boxicon\" style=\"\"><\/i><span><\/span><\/h3><p><strong>Voliteln\u011b: r\u016fzn\u00e9 varianty m\u00edchadla<\/strong><\/p><\/div><div class=\"iconbox  wpb_content_element iconbox-style-1 icon-color-accent color-dark animation-none\"><h3><i class=\"fa fa-check boxicon\" style=\"\"><\/i><span><\/span><\/h3><p><strong>Komplexn\u00ed dokumentace spolu s prohl\u00e1\u0161en\u00edm o shod\u011b, mont\u00e1\u017en\u00edm n\u00e1vodem, n\u00e1vodem k obsluze a jmenovit\u00fdm \u0161t\u00edtkem<\/strong><\/p><\/div><div class=\"iconbox  wpb_content_element iconbox-style-1 icon-color-accent color-dark animation-none\"><h3><i class=\"fa fa-check boxicon\" style=\"\"><\/i><span><\/span><\/h3><p><strong>Dodate\u010dn\u00e9 vybaven\u00ed: \u00fachyty ke zved\u00e1n\u00ed, odvzdu\u0161\u0148ovac\u00ed ventil a vypou\u0161t\u011bc\u00ed ventil v souladu s DIN 11851 DN50<\/strong><\/p><\/div>[\/vc_column][vc_column width=&#8220;1\/2&#8243;]<div class=\"iconbox  wpb_content_element iconbox-style-1 icon-color-accent color-dark animation-none\"><h3><i class=\"fa fa-check boxicon\" style=\"\"><\/i><span><\/span><\/h3><p><strong>Stojan se \u010dty\u0159mi nohami z nerezov\u00e9 ocele<\/strong><\/p><\/div><div class=\"iconbox  wpb_content_element iconbox-style-1 icon-color-accent color-dark animation-none\"><h3><i class=\"fa fa-check boxicon\" style=\"\"><\/i><span><\/span><\/h3><p><strong>Nastaven\u00ed v\u00fd\u0161ky nohou<\/strong><\/p><\/div><div class=\"iconbox  wpb_content_element iconbox-style-1 icon-color-accent color-dark animation-none\"><h3><i class=\"fa fa-check boxicon\" style=\"\"><\/i><span><\/span><\/h3><p><strong>Spodn\u00ed dno ku\u017eel, horn\u00ed patro m\u00eds\u00edc\u00ed ty\u010dka s v\u00edkem na z\u00e1v\u011bsu<\/strong><\/p><\/div><div class=\"iconbox  wpb_content_element iconbox-style-1 icon-color-accent color-dark animation-none\"><h3><i class=\"fa fa-check boxicon\" style=\"\"><\/i><span><\/span><\/h3><p><strong>Regulace teploty n\u00e1dr\u017ee: obd\u00e9ln\u00edkov\u00e1 topn\u00e1 spir\u00e1la, nastaven\u00ed teploty dna<\/strong><\/p><\/div><div class=\"iconbox  wpb_content_element iconbox-style-1 icon-color-accent color-dark animation-none\"><h3><i class=\"fa fa-check boxicon\" style=\"\"><\/i><span><\/span><\/h3><p><strong>Max. pracovn\u00ed tlak pro syst\u00e9m oh\u0159\u00edv\u00e1n\u00ed \/ chlazen\u00ed: 2 bary<\/strong><\/p><\/div>[\/vc_column][\/vc_row][vc_row type=&#8220;full_width_section&#8220;][vc_column width=&#8220;1\/1&#8243;]<div class=\"divider divider1\" style='margin:40px 0 40px 0 !important;'><\/div><h5 class=\"headline font-inherit fontsize-l fontweight-700 lh-inherit align-center transform-inherit \" style=\"margin: 0 0 20px 0;\">Objednat n\u00e1dr\u017e nebo p\u0159\u00edslu\u0161enstv\u00ed:<\/h5><h5 class=\"headline font-inherit fontsize-l fontweight-inherit lh-12 align-center transform-inherit \" style=\"margin: 0 0 20px 0;\">tel. : +48 693 860 412<br \/>\nmail: biuro@inoxtanks.eu<\/h5><div class=\"divider divider1\" style='margin:40px 0 40px 0 !important;'><\/div>[\/vc_column][\/vc_row]<\/p>\n<\/div>","protected":false},"excerpt":{"rendered":"<p>[vc_row top_padding=&#8220;40&#8243;][vc_column text_align=&#8220;center&#8220; width=&#8220;1\/2&#8243;][\/vc_column][vc_column width=&#8220;1\/2&#8243;][\/vc_column][\/vc_row][vc_row type=&#8220;full_width_section&#8220;][vc_column width=&#8220;1\/1&#8243;][\/vc_column][\/vc_row][vc_row top_padding=&#8220;0&#8243; bg_position=&#8220;left top&#8220;][vc_column width=&#8220;1\/2&#8243;][\/vc_column][vc_column width=&#8220;1\/2&#8243;][\/vc_column][\/vc_row][vc_row type=&#8220;full_width_section&#8220;][vc_column width=&#8220;1\/1&#8243;][\/vc_column][\/vc_row]<\/p>\n","protected":false},"author":1,"featured_media":0,"parent":15742,"menu_order":0,"comment_status":"open","ping_status":"closed","template":"","meta":{"footnotes":""},"class_list":["post-15755","page","type-page","status-publish","hentry"],"yoast_head":"<!-- This site is optimized with the Yoast SEO plugin v27.4 - https:\/\/yoast.com\/product\/yoast-seo-wordpress\/ -->\n<title>S\u00c9RIE \u201eFOT\u201d - Inox Tanks<\/title>\n<meta name=\"robots\" content=\"index, follow, max-snippet:-1, max-image-preview:large, max-video-preview:-1\" \/>\n<link rel=\"canonical\" href=\"https:\/\/inoxtanks.eu\/nowe-zbiorniki\/fot\/\" \/>\n<meta property=\"og:locale\" content=\"cs_CZ\" \/>\n<meta property=\"og:type\" content=\"article\" \/>\n<meta property=\"og:title\" content=\"S\u00c9RIE \u201eFOT\u201d - Inox Tanks\" \/>\n<meta property=\"og:description\" content=\"[vc_row top_padding=&#8220;40&#8243;][vc_column text_align=&#8220;center&#8220; width=&#8220;1\/2&#8243;][\/vc_column][vc_column width=&#8220;1\/2&#8243;][\/vc_column][\/vc_row][vc_row type=&#8220;full_width_section&#8220;][vc_column width=&#8220;1\/1&#8243;][\/vc_column][\/vc_row][vc_row top_padding=&#8220;0&#8243; bg_position=&#8220;left top&#8220;][vc_column width=&#8220;1\/2&#8243;][\/vc_column][vc_column width=&#8220;1\/2&#8243;][\/vc_column][\/vc_row][vc_row type=&#8220;full_width_section&#8220;][vc_column width=&#8220;1\/1&#8243;][\/vc_column][\/vc_row]\" \/>\n<meta property=\"og:url\" content=\"https:\/\/inoxtanks.eu\/nowe-zbiorniki\/fot\/\" \/>\n<meta property=\"og:site_name\" content=\"Inox Tanks\" \/>\n<meta property=\"article:modified_time\" content=\"2026-04-16T16:45:47+00:00\" \/>\n<meta name=\"twitter:card\" content=\"summary_large_image\" \/>\n<meta name=\"twitter:label1\" content=\"Odhadovan\u00e1 doba \u010dten\u00ed\" \/>\n\t<meta name=\"twitter:data1\" content=\"2 minuty\" \/>\n<script type=\"application\/ld+json\" class=\"yoast-schema-graph\">{\"@context\":\"https:\\\/\\\/schema.org\",\"@graph\":[{\"@type\":\"WebPage\",\"@id\":\"https:\\\/\\\/inoxtanks.eu\\\/nowe-zbiorniki\\\/fot\\\/\",\"url\":\"https:\\\/\\\/inoxtanks.eu\\\/nowe-zbiorniki\\\/fot\\\/\",\"name\":\"S\u00c9RIE \u201eFOT\u201d - Inox Tanks\",\"isPartOf\":{\"@id\":\"https:\\\/\\\/inoxtanks.eu\\\/#website\"},\"datePublished\":\"2018-03-17T19:23:18+00:00\",\"dateModified\":\"2026-04-16T16:45:47+00:00\",\"breadcrumb\":{\"@id\":\"https:\\\/\\\/inoxtanks.eu\\\/nowe-zbiorniki\\\/fot\\\/#breadcrumb\"},\"inLanguage\":\"cs\",\"potentialAction\":[{\"@type\":\"ReadAction\",\"target\":[\"https:\\\/\\\/inoxtanks.eu\\\/nowe-zbiorniki\\\/fot\\\/\"]}]},{\"@type\":\"BreadcrumbList\",\"@id\":\"https:\\\/\\\/inoxtanks.eu\\\/nowe-zbiorniki\\\/fot\\\/#breadcrumb\",\"itemListElement\":[{\"@type\":\"ListItem\",\"position\":1,\"name\":\"Strona g\u0142\u00f3wna\",\"item\":\"https:\\\/\\\/inoxtanks.eu\\\/cs\\\/\"},{\"@type\":\"ListItem\",\"position\":2,\"name\":\"Nov\u00e9\",\"item\":\"https:\\\/\\\/inoxtanks.eu\\\/nowe-zbiorniki\\\/\"},{\"@type\":\"ListItem\",\"position\":3,\"name\":\"S\u00c9RIE \u201eFOT\u201d\"}]},{\"@type\":\"WebSite\",\"@id\":\"https:\\\/\\\/inoxtanks.eu\\\/#website\",\"url\":\"https:\\\/\\\/inoxtanks.eu\\\/\",\"name\":\"Inox Tanks\",\"description\":\"\",\"publisher\":{\"@id\":\"https:\\\/\\\/inoxtanks.eu\\\/#organization\"},\"potentialAction\":[{\"@type\":\"SearchAction\",\"target\":{\"@type\":\"EntryPoint\",\"urlTemplate\":\"https:\\\/\\\/inoxtanks.eu\\\/?s={search_term_string}\"},\"query-input\":{\"@type\":\"PropertyValueSpecification\",\"valueRequired\":true,\"valueName\":\"search_term_string\"}}],\"inLanguage\":\"cs\"},{\"@type\":\"Organization\",\"@id\":\"https:\\\/\\\/inoxtanks.eu\\\/#organization\",\"name\":\"InoxTanks\",\"url\":\"https:\\\/\\\/inoxtanks.eu\\\/\",\"logo\":{\"@type\":\"ImageObject\",\"inLanguage\":\"cs\",\"@id\":\"https:\\\/\\\/inoxtanks.eu\\\/#\\\/schema\\\/logo\\\/image\\\/\",\"url\":\"https:\\\/\\\/inoxtanks.eu\\\/wp-content\\\/uploads\\\/2017\\\/12\\\/inox-logo-retina.jpg\",\"contentUrl\":\"https:\\\/\\\/inoxtanks.eu\\\/wp-content\\\/uploads\\\/2017\\\/12\\\/inox-logo-retina.jpg\",\"width\":300,\"height\":269,\"caption\":\"InoxTanks\"},\"image\":{\"@id\":\"https:\\\/\\\/inoxtanks.eu\\\/#\\\/schema\\\/logo\\\/image\\\/\"}}]}<\/script>\n<!-- \/ Yoast SEO plugin. -->","yoast_head_json":{"title":"S\u00c9RIE \u201eFOT\u201d - Inox Tanks","robots":{"index":"index","follow":"follow","max-snippet":"max-snippet:-1","max-image-preview":"max-image-preview:large","max-video-preview":"max-video-preview:-1"},"canonical":"https:\/\/inoxtanks.eu\/nowe-zbiorniki\/fot\/","og_locale":"cs_CZ","og_type":"article","og_title":"S\u00c9RIE \u201eFOT\u201d - Inox Tanks","og_description":"[vc_row top_padding=&#8220;40&#8243;][vc_column text_align=&#8220;center&#8220; width=&#8220;1\/2&#8243;][\/vc_column][vc_column width=&#8220;1\/2&#8243;][\/vc_column][\/vc_row][vc_row type=&#8220;full_width_section&#8220;][vc_column width=&#8220;1\/1&#8243;][\/vc_column][\/vc_row][vc_row top_padding=&#8220;0&#8243; bg_position=&#8220;left top&#8220;][vc_column width=&#8220;1\/2&#8243;][\/vc_column][vc_column width=&#8220;1\/2&#8243;][\/vc_column][\/vc_row][vc_row type=&#8220;full_width_section&#8220;][vc_column width=&#8220;1\/1&#8243;][\/vc_column][\/vc_row]","og_url":"https:\/\/inoxtanks.eu\/nowe-zbiorniki\/fot\/","og_site_name":"Inox Tanks","article_modified_time":"2026-04-16T16:45:47+00:00","twitter_card":"summary_large_image","twitter_misc":{"Odhadovan\u00e1 doba \u010dten\u00ed":"2 minuty"},"schema":{"@context":"https:\/\/schema.org","@graph":[{"@type":"WebPage","@id":"https:\/\/inoxtanks.eu\/nowe-zbiorniki\/fot\/","url":"https:\/\/inoxtanks.eu\/nowe-zbiorniki\/fot\/","name":"S\u00c9RIE \u201eFOT\u201d - Inox Tanks","isPartOf":{"@id":"https:\/\/inoxtanks.eu\/#website"},"datePublished":"2018-03-17T19:23:18+00:00","dateModified":"2026-04-16T16:45:47+00:00","breadcrumb":{"@id":"https:\/\/inoxtanks.eu\/nowe-zbiorniki\/fot\/#breadcrumb"},"inLanguage":"cs","potentialAction":[{"@type":"ReadAction","target":["https:\/\/inoxtanks.eu\/nowe-zbiorniki\/fot\/"]}]},{"@type":"BreadcrumbList","@id":"https:\/\/inoxtanks.eu\/nowe-zbiorniki\/fot\/#breadcrumb","itemListElement":[{"@type":"ListItem","position":1,"name":"Strona g\u0142\u00f3wna","item":"https:\/\/inoxtanks.eu\/cs\/"},{"@type":"ListItem","position":2,"name":"Nov\u00e9","item":"https:\/\/inoxtanks.eu\/nowe-zbiorniki\/"},{"@type":"ListItem","position":3,"name":"S\u00c9RIE \u201eFOT\u201d"}]},{"@type":"WebSite","@id":"https:\/\/inoxtanks.eu\/#website","url":"https:\/\/inoxtanks.eu\/","name":"Inox Tanks","description":"","publisher":{"@id":"https:\/\/inoxtanks.eu\/#organization"},"potentialAction":[{"@type":"SearchAction","target":{"@type":"EntryPoint","urlTemplate":"https:\/\/inoxtanks.eu\/?s={search_term_string}"},"query-input":{"@type":"PropertyValueSpecification","valueRequired":true,"valueName":"search_term_string"}}],"inLanguage":"cs"},{"@type":"Organization","@id":"https:\/\/inoxtanks.eu\/#organization","name":"InoxTanks","url":"https:\/\/inoxtanks.eu\/","logo":{"@type":"ImageObject","inLanguage":"cs","@id":"https:\/\/inoxtanks.eu\/#\/schema\/logo\/image\/","url":"https:\/\/inoxtanks.eu\/wp-content\/uploads\/2017\/12\/inox-logo-retina.jpg","contentUrl":"https:\/\/inoxtanks.eu\/wp-content\/uploads\/2017\/12\/inox-logo-retina.jpg","width":300,"height":269,"caption":"InoxTanks"},"image":{"@id":"https:\/\/inoxtanks.eu\/#\/schema\/logo\/image\/"}}]}},"_links":{"self":[{"href":"https:\/\/inoxtanks.eu\/cs\/wp-json\/wp\/v2\/pages\/15755","targetHints":{"allow":["GET"]}}],"collection":[{"href":"https:\/\/inoxtanks.eu\/cs\/wp-json\/wp\/v2\/pages"}],"about":[{"href":"https:\/\/inoxtanks.eu\/cs\/wp-json\/wp\/v2\/types\/page"}],"author":[{"embeddable":true,"href":"https:\/\/inoxtanks.eu\/cs\/wp-json\/wp\/v2\/users\/1"}],"replies":[{"embeddable":true,"href":"https:\/\/inoxtanks.eu\/cs\/wp-json\/wp\/v2\/comments?post=15755"}],"version-history":[{"count":1,"href":"https:\/\/inoxtanks.eu\/cs\/wp-json\/wp\/v2\/pages\/15755\/revisions"}],"predecessor-version":[{"id":24697,"href":"https:\/\/inoxtanks.eu\/cs\/wp-json\/wp\/v2\/pages\/15755\/revisions\/24697"}],"up":[{"embeddable":true,"href":"https:\/\/inoxtanks.eu\/cs\/wp-json\/wp\/v2\/pages\/15742"}],"wp:attachment":[{"href":"https:\/\/inoxtanks.eu\/cs\/wp-json\/wp\/v2\/media?parent=15755"}],"curies":[{"name":"wp","href":"https:\/\/api.w.org\/{rel}","templated":true}]}}