{"id":15765,"date":"2018-03-17T19:34:33","date_gmt":"2018-03-17T19:34:33","guid":{"rendered":"http:\/\/inoxtanks.eu\/?page_id=15765"},"modified":"2026-04-16T16:46:07","modified_gmt":"2026-04-16T16:46:07","slug":"tlakove-nadrze","status":"publish","type":"page","link":"https:\/\/inoxtanks.eu\/cs\/nove\/tlakove-nadrze\/","title":{"rendered":"Tlakov\u00e9 n\u00e1dr\u017ee"},"content":{"rendered":"<div class=\"wpb-content-wrapper\"><p>[vc_row top_padding=&#8220;40&#8243;][vc_column text_align=&#8220;center&#8220; width=&#8220;1\/1&#8243;]<h5 class=\"headline font-inherit fontsize-l fontweight-700 lh-12 align-center transform-inherit \" style=\"margin: 0 0 20px 0;\">Nov\u00e9 tlakov\u00e9 n\u00e1dr\u017ee s \u0161irok\u00fdm v\u00fdb\u011brem litr\u00e1\u017e\u00ed<\/h5>[vc_row_inner][vc_column_inner width=&#8220;1\/2&#8243; css=&#8220;.vc_custom_1514564902309{margin-top: 30px !important;margin-bottom: 30px !important;}&#8220;][vc_column_text]<\/p>\n<p style=\"text-align: left;\"><strong>Vybaven\u00ed:<\/strong> Vypou\u0161t\u011bc\u00ed odtok DN50 DIN 11851 \u2022 Spodn\u00ed odtok DN50 DIN11851 \u2022 Ov\u00e1ln\u00fd vstup 310\u00d7440 mm, PED 8bar \u2022 vtokov\u00e1 trubka DN50 DIN11851 \u2022 Ukazatel hladiny ZKG pro PVC hadici 10mm \u2022 P\u0159iva\u0159en\u00e1 obj\u00edmka teplom\u011bru L=230 \u2022 Podp\u011bry 5\/8\u201c AG L=30 \u2022 Jmenovit\u00fd \u0161t\u00edtek PED (97\/23\/EG) \u2022 Trubka CIP DN32 +2\u00d75\/8\u201c+DN15<\/p>\n<div id=\"IWLa00VmfFfgRde\"><\/div>\n<p>[\/vc_column_text][\/vc_column_inner][vc_column_inner width=&#8220;1\/2&#8243; css=&#8220;.vc_custom_1514564896294{margin-top: 30px !important;margin-bottom: 30px !important;}&#8220;][vc_column_text]<\/p>\n<p style=\"text-align: left;\"><strong>P\u0159\u00edslu\u0161enstv\u00ed:<\/strong> \u0160roub podp\u011brn\u00e9 nohy M24x100(120), 1 4301 \u2022 Desti\u010dka podp\u011brn\u00e9 nohy D=100 s=4MM EN1 4301 \u2022 Regul\u00e1tor teploty SPR8-11<\/p>\n<div id=\"IWLa00VmfFfgRde\"><\/div>\n<p>[\/vc_column_text][vc_column_text]<\/p>\n<p style=\"text-align: left;\"><strong>Dokumentace:<\/strong> V\u00fdkres s rozm\u011bry \u2022 Prohl\u00e1\u0161en\u00ed o shod\u011b CE, PED (98\/23\/EG) \u2022 Materi\u00e1lov\u00fd atest 3.1B pro nosn\u00e9 d\u00edly<\/p>\n<p>[\/vc_column_text][\/vc_column_inner][\/vc_row_inner]<div class=\"box clearfix style-6 wpb_content_element align-center \" style=\"padding: 40px 40px 40px 40px; \"><strong>V\u0161echny n\u00e1dr\u017ee jsou uvnit\u0159 i vn\u011b vyle\u0161t\u011bny, topn\u00fd\/chladic\u00ed pl\u00e1\u0161\u0165, boky a spodn\u00ed dno s dvojit\u00fdm pl\u00e1\u0161t\u011bm, pracovn\u00ed tlak +3 Atm. Kontrolov\u00e1no tlakem +6 Atm.<\/strong><\/div>[\/vc_column][\/vc_row][vc_row top_padding=&#8220;50&#8243; bottom_padding=&#8220;50&#8243;][vc_column width=&#8220;2\/3&#8243;]<div class=\"spacer\" style=\"height: 40px;\"><\/div><div class=\"single_image wpb_content_element align-center  image_box_border image_zoom \" data-animation=\"none\" data-delay=\"0\"><img width=\"901\" height=\"387\" src=\"https:\/\/inoxtanks.eu\/wp-content\/uploads\/2018\/03\/cisnieniowe-1b-cs.jpg\" class=\"attachment-full\" alt=\"\" loading=\"lazy\" title=\"cisnieniowe-1b-cs\" srcset=\"https:\/\/inoxtanks.eu\/wp-content\/uploads\/2018\/03\/cisnieniowe-1b-cs.jpg 901w, https:\/\/inoxtanks.eu\/wp-content\/uploads\/2018\/03\/cisnieniowe-1b-cs-300x129.jpg 300w, https:\/\/inoxtanks.eu\/wp-content\/uploads\/2018\/03\/cisnieniowe-1b-cs-768x330.jpg 768w\" sizes=\"(max-width: 901px) 100vw, 901px\" \/><\/div>[\/vc_column][vc_column width=&#8220;1\/3&#8243;]<div class=\"single_image wpb_content_element align-center   image_zoom \" data-animation=\"none\" data-delay=\"0\"><img class=\"\" src=\"https:\/\/inoxtanks.eu\/wp-content\/uploads\/2017\/12\/cisnieopt.jpg\" width=\"252\" height=\"380\" alt=\"cisnieopt\" title=\"cisnieopt\" loading=\"lazy\" \/><\/div>[\/vc_column][\/vc_row][vc_row type=&#8220;full_width_section&#8220;][vc_column width=&#8220;1\/1&#8243;]<div class=\"divider divider1\" style='margin:20px 0 20px 0 !important;'><\/div>[\/vc_column][\/vc_row][vc_row top_padding=&#8220;20&#8243; bottom_padding=&#8220;50&#8243;][vc_column width=&#8220;2\/3&#8243;]<div class=\"spacer\" style=\"height: 40px;\"><\/div><div class=\"single_image wpb_content_element align-left  image_box_border image_zoom \" data-animation=\"none\" data-delay=\"0\"><img width=\"900\" height=\"333\" src=\"https:\/\/inoxtanks.eu\/wp-content\/uploads\/2018\/03\/cisnieniowe-1c-cs.jpg\" class=\"attachment-full\" alt=\"\" loading=\"lazy\" title=\"cisnieniowe-1c-cs\" srcset=\"https:\/\/inoxtanks.eu\/wp-content\/uploads\/2018\/03\/cisnieniowe-1c-cs.jpg 900w, https:\/\/inoxtanks.eu\/wp-content\/uploads\/2018\/03\/cisnieniowe-1c-cs-300x111.jpg 300w, https:\/\/inoxtanks.eu\/wp-content\/uploads\/2018\/03\/cisnieniowe-1c-cs-768x284.jpg 768w\" sizes=\"(max-width: 900px) 100vw, 900px\" \/><\/div>[\/vc_column][vc_column width=&#8220;1\/3&#8243;]<div class=\"single_image wpb_content_element align-center   image_zoom \" data-animation=\"none\" data-delay=\"0\"><img width=\"186\" height=\"390\" src=\"https:\/\/inoxtanks.eu\/wp-content\/uploads\/2017\/12\/cisnieopt2.jpg\" class=\"attachment-full\" alt=\"\" loading=\"lazy\" title=\"cisnieopt2\" srcset=\"https:\/\/inoxtanks.eu\/wp-content\/uploads\/2017\/12\/cisnieopt2.jpg 186w, https:\/\/inoxtanks.eu\/wp-content\/uploads\/2017\/12\/cisnieopt2-143x300.jpg 143w\" sizes=\"(max-width: 186px) 100vw, 186px\" \/><\/div>[\/vc_column][\/vc_row][vc_row type=&#8220;full_width_section&#8220;][vc_column width=&#8220;1\/1&#8243;]<div class=\"divider divider1\" style='margin:20px 0 20px 0 !important;'><\/div>[\/vc_column][\/vc_row][vc_row top_padding=&#8220;40&#8243;][vc_column text_align=&#8220;center&#8220; width=&#8220;1\/1&#8243;]<h5 class=\"headline font-inherit fontsize-l fontweight-700 lh-12 align-center transform-inherit \" style=\"margin: 0 0 20px 0;\">Tlakov\u00e9 n\u00e1dr\u017ee od 100 litr\u016f objemu se dv\u011bma \u00fachyty na horn\u00edm dnu<\/h5>[vc_row_inner][vc_column_inner width=&#8220;1\/2&#8243; css=&#8220;.vc_custom_1514564902309{margin-top: 30px !important;margin-bottom: 30px !important;}&#8220;]<div class=\"spacer\" style=\"height: 40px;\"><\/div>[vc_column_text]<\/p>\n<p style=\"text-align: left;\"><strong>1. Uzav\u0159en\u00ed v\u00edk nebo vstup\u016f jsou p\u0159ipevn\u011bna pod \u00fahlem ~ 45 \u00b0 k ose n\u00e1dr\u017ee<\/strong><br \/>\n<strong> 2. Uzav\u0159en\u00ed v\u00edk pouze pro n\u00e1doby s nomin\u00e1ln\u00edm obsahem 1000-3000 litr\u016f, alternativn\u011b 1 uzav\u00edrateln\u00fd vstup pro n\u00e1dr\u017ee s obsahem 1500-3000 litr\u016f<\/strong><br \/>\n<strong> 3. Dno v souladu s DIN 28013 (alternativn\u011b podle DIN 28011)<\/strong><br \/>\n<strong> 4. P\u0159ipojen\u00ed k regul\u00e1toru tlaku<\/strong><br \/>\n<strong> 5. P\u0159\u00edpojky k ukazateli hladiny vody<\/strong><br \/>\n<strong> 6. P\u0159ipojen\u00ed k \u010derpadlu<\/strong><br \/>\n<strong> 7. P\u0159ipojen\u00ed k vypou\u0161t\u011bn\u00ed, dom\u00e1c\u00ed instalaci nebo nap\u00e1jec\u00edmu kabelu<\/strong><br \/>\n<strong> 8. P\u0159ipojen\u00ed k dom\u00e1c\u00ed instalaci nebo nap\u00e1jen\u00ed<\/strong><br \/>\n<strong> 9. P\u0159ipojen\u00ed k odvzdu\u0161\u0148ovac\u00edmu za\u0159\u00edzen\u00ed<\/strong><br \/>\n<strong> 10. P\u0159ipojen\u00ed k ventila\u010dn\u00edmu za\u0159\u00edzen\u00ed<\/strong><br \/>\n<strong> 11. Rezervn\u00ed p\u0159\u00edpojky<\/strong><br \/>\n<strong> 12. 3 podp\u011brn\u00e9 nohy z plechu (od. 4000 litr\u016f vyroben\u00e9 z trubky)<\/strong><\/p>\n<p>[\/vc_column_text][\/vc_column_inner][vc_column_inner width=&#8220;1\/2&#8243; css=&#8220;.vc_custom_1514564896294{margin-top: 30px !important;margin-bottom: 30px !important;}&#8220;]<div class=\"single_image wpb_content_element align-right   image_zoom \" data-animation=\"none\" data-delay=\"0\"><img width=\"400\" height=\"479\" src=\"https:\/\/inoxtanks.eu\/wp-content\/uploads\/2017\/12\/zbiornik1b.jpg\" class=\"attachment-full\" alt=\"\" loading=\"lazy\" title=\"zbiornik1b\" srcset=\"https:\/\/inoxtanks.eu\/wp-content\/uploads\/2017\/12\/zbiornik1b.jpg 400w, https:\/\/inoxtanks.eu\/wp-content\/uploads\/2017\/12\/zbiornik1b-251x300.jpg 251w\" sizes=\"(max-width: 400px) 100vw, 400px\" \/><\/div>[\/vc_column_inner][\/vc_row_inner]<div class=\"single_image wpb_content_element align-center   image_zoom \" data-animation=\"none\" data-delay=\"0\"><img width=\"1000\" height=\"487\" src=\"https:\/\/inoxtanks.eu\/wp-content\/uploads\/2018\/03\/cisnieniowe-1d-cs.jpg\" class=\"attachment-full\" alt=\"\" loading=\"lazy\" title=\"cisnieniowe-1d-cs\" srcset=\"https:\/\/inoxtanks.eu\/wp-content\/uploads\/2018\/03\/cisnieniowe-1d-cs.jpg 1000w, https:\/\/inoxtanks.eu\/wp-content\/uploads\/2018\/03\/cisnieniowe-1d-cs-300x146.jpg 300w, https:\/\/inoxtanks.eu\/wp-content\/uploads\/2018\/03\/cisnieniowe-1d-cs-768x374.jpg 768w\" sizes=\"(max-width: 1000px) 100vw, 1000px\" \/><\/div>[\/vc_column][\/vc_row][vc_row type=&#8220;full_width_section&#8220;][vc_column width=&#8220;1\/1&#8243;]<div class=\"divider divider1\" style='margin:40px 0 40px 0 !important;'><\/div><h5 class=\"headline font-inherit fontsize-l fontweight-700 lh-inherit align-center transform-inherit \" style=\"margin: 0 0 20px 0;\">Objednat n\u00e1dr\u017e nebo p\u0159\u00edslu\u0161enstv\u00ed:<\/h5><h5 class=\"headline font-inherit fontsize-l fontweight-inherit lh-12 align-center transform-inherit \" style=\"margin: 0 0 20px 0;\">tel. : +48 693 860 412<br \/>\nmail: biuro@inoxtanks.eu<\/h5><div class=\"divider divider1\" style='margin:40px 0 40px 0 !important;'><\/div>[\/vc_column][\/vc_row]<\/p>\n<\/div>","protected":false},"excerpt":{"rendered":"<p>[vc_row top_padding=&#8220;40&#8243;][vc_column text_align=&#8220;center&#8220; width=&#8220;1\/1&#8243;][vc_row_inner][vc_column_inner width=&#8220;1\/2&#8243; css=&#8220;.vc_custom_1514564902309{margin-top: 30px !important;margin-bottom: 30px !important;}&#8220;][vc_column_text] Vybaven\u00ed: Vypou\u0161t\u011bc\u00ed odtok DN50 DIN 11851 \u2022 Spodn\u00ed odtok DN50 DIN11851 \u2022 Ov\u00e1ln\u00fd vstup 310\u00d7440 mm, PED 8bar \u2022 vtokov\u00e1 trubka DN50 DIN11851 \u2022 Ukazatel hladiny ZKG pro PVC hadici 10mm \u2022 P\u0159iva\u0159en\u00e1 obj\u00edmka teplom\u011bru L=230 \u2022 Podp\u011bry 5\/8\u201c AG L=30 \u2022 Jmenovit\u00fd \u0161t\u00edtek PED (97\/23\/EG) \u2022 Trubka CIP DN32 +2\u00d75\/8\u201c+DN15 [\/vc_column_text][\/vc_column_inner][vc_column_inner width=&#8220;1\/2&#8243; css=&#8220;.vc_custom_1514564896294{margin-top: 30px !important;margin-bottom: 30px !important;}&#8220;][vc_column_text] P\u0159\u00edslu\u0161enstv\u00ed: \u0160roub podp\u011brn\u00e9 nohy M24x100(120), 1 4301 \u2022 Desti\u010dka podp\u011brn\u00e9 nohy D=100 s=4MM EN1 4301 \u2022 Regul\u00e1tor teploty SPR8-11 [\/vc_column_text][vc_column_text] Dokumentace: V\u00fdkres s rozm\u011bry \u2022 Prohl\u00e1\u0161en\u00ed o shod\u011b CE, PED (98\/23\/EG) \u2022 Materi\u00e1lov\u00fd atest 3.1B pro nosn\u00e9 d\u00edly [\/vc_column_text][\/vc_column_inner][\/vc_row_inner][\/vc_column][\/vc_row][vc_row top_padding=&#8220;50&#8243; bottom_padding=&#8220;50&#8243;][vc_column width=&#8220;2\/3&#8243;][\/vc_column][vc_column width=&#8220;1\/3&#8243;][\/vc_column][\/vc_row][vc_row type=&#8220;full_width_section&#8220;][vc_column width=&#8220;1\/1&#8243;][\/vc_column][\/vc_row][vc_row top_padding=&#8220;20&#8243; bottom_padding=&#8220;50&#8243;][vc_column width=&#8220;2\/3&#8243;][\/vc_column][vc_column width=&#8220;1\/3&#8243;][\/vc_column][\/vc_row][vc_row type=&#8220;full_width_section&#8220;][vc_column width=&#8220;1\/1&#8243;][\/vc_column][\/vc_row][vc_row top_padding=&#8220;40&#8243;][vc_column text_align=&#8220;center&#8220; width=&#8220;1\/1&#8243;][vc_row_inner][vc_column_inner width=&#8220;1\/2&#8243; css=&#8220;.vc_custom_1514564902309{margin-top: 30px !important;margin-bottom: 30px !important;}&#8220;][vc_column_text] 1. Uzav\u0159en\u00ed v\u00edk nebo vstup\u016f jsou p\u0159ipevn\u011bna pod \u00fahlem ~ 45 \u00b0 k ose n\u00e1dr\u017ee 2. Uzav\u0159en\u00ed v\u00edk pouze pro n\u00e1doby s nomin\u00e1ln\u00edm obsahem 1000-3000 litr\u016f, alternativn\u011b 1 uzav\u00edrateln\u00fd vstup pro n\u00e1dr\u017ee s obsahem 1500-3000 litr\u016f 3. Dno v souladu s DIN 28013 (alternativn\u011b podle DIN 28011) 4. P\u0159ipojen\u00ed k regul\u00e1toru tlaku 5. P\u0159\u00edpojky k ukazateli hladiny vody 6. P\u0159ipojen\u00ed k \u010derpadlu 7. P\u0159ipojen\u00ed k vypou\u0161t\u011bn\u00ed, dom\u00e1c\u00ed instalaci nebo nap\u00e1jec\u00edmu kabelu 8. [&hellip;]<\/p>\n","protected":false},"author":1,"featured_media":0,"parent":15742,"menu_order":0,"comment_status":"open","ping_status":"closed","template":"","meta":[],"_links":{"self":[{"href":"https:\/\/inoxtanks.eu\/cs\/wp-json\/wp\/v2\/pages\/15765"}],"collection":[{"href":"https:\/\/inoxtanks.eu\/cs\/wp-json\/wp\/v2\/pages"}],"about":[{"href":"https:\/\/inoxtanks.eu\/cs\/wp-json\/wp\/v2\/types\/page"}],"author":[{"embeddable":true,"href":"https:\/\/inoxtanks.eu\/cs\/wp-json\/wp\/v2\/users\/1"}],"replies":[{"embeddable":true,"href":"https:\/\/inoxtanks.eu\/cs\/wp-json\/wp\/v2\/comments?post=15765"}],"version-history":[{"count":2,"href":"https:\/\/inoxtanks.eu\/cs\/wp-json\/wp\/v2\/pages\/15765\/revisions"}],"predecessor-version":[{"id":24699,"href":"https:\/\/inoxtanks.eu\/cs\/wp-json\/wp\/v2\/pages\/15765\/revisions\/24699"}],"up":[{"embeddable":true,"href":"https:\/\/inoxtanks.eu\/cs\/wp-json\/wp\/v2\/pages\/15742"}],"wp:attachment":[{"href":"https:\/\/inoxtanks.eu\/cs\/wp-json\/wp\/v2\/media?parent=15765"}],"curies":[{"name":"wp","href":"https:\/\/api.w.org\/{rel}","templated":true}]}}