{"id":15921,"date":"2018-05-25T14:20:18","date_gmt":"2018-05-25T14:20:18","guid":{"rendered":"http:\/\/inoxtanks.eu\/?page_id=15921"},"modified":"2025-09-17T18:32:45","modified_gmt":"2025-09-17T18:32:45","slug":"%d0%b5%d0%bc%d0%ba%d0%be%d1%81%d1%82%d0%b8-%d0%b2%d1%8b%d1%81%d0%be%d0%ba%d0%be%d0%b3%d0%be-%d0%b4%d0%b0%d0%b2%d0%bb%d0%b5%d0%bd%d0%b8%d1%8f","status":"publish","type":"page","link":"https:\/\/inoxtanks.eu\/ru\/%d0%bd%d0%be%d0%b2%d1%8b%d0%b5-%d0%b5%d0%bc%d0%ba%d0%be%d1%81%d1%82%d0%b8\/%d0%b5%d0%bc%d0%ba%d0%be%d1%81%d1%82%d0%b8-%d0%b2%d1%8b%d1%81%d0%be%d0%ba%d0%be%d0%b3%d0%be-%d0%b4%d0%b0%d0%b2%d0%bb%d0%b5%d0%bd%d0%b8%d1%8f\/","title":{"rendered":"\u0415\u041c\u041a\u041e\u0421\u0422\u0418 \u0412\u042b\u0421\u041e\u041a\u041e\u0413\u041e \u0414\u0410\u0412\u041b\u0415\u041d\u0418\u042f"},"content":{"rendered":"<p>[vc_row top_padding=&#187;40&#8243;][vc_column text_align=&#187;center&#187; width=&#187;1\/1&#8243;]<h5 class=\"headline font-inherit fontsize-l fontweight-700 lh-12 align-center transform-inherit \" style=\"margin: 0 0 20px 0;\">\u041d\u043e\u0432\u044b\u0435 \u0435\u043c\u043a\u043e\u0441\u0442\u0438 \u0432\u044b\u0441\u043e\u043a\u043e\u0433\u043e \u0434\u0430\u0432\u043b\u0435\u043d\u0438\u044f \u043e \u0448\u0438\u0440\u043e\u043a\u043e\u043c \u0434\u0438\u0430\u043f\u0430\u0437\u043e\u043d\u0435 \u043b\u0438\u0442\u0440\u0430\u0436\u0435\u0439.<\/h5>[vc_row_inner][vc_column_inner width=&#187;1\/2&#8243; css=&#187;.vc_custom_1514564902309{margin-top: 30px !important;margin-bottom: 30px !important;}&#187;][vc_column_text]<\/p>\n<p style=\"text-align: left\"><strong>\u041e\u0441\u043d\u0430\u0449\u0435\u043d\u0438\u0435:\u00a0<\/strong>\u0421\u043b\u0438\u0432\u043d\u043e\u0439 \u043e\u0442\u0442\u043e\u043a DN50 DIN 11851 \u2022 \u041d\u0438\u0436\u043d\u0438\u0439 \u043e\u0442\u0442\u043e\u043a DN50 DIN11851 \u2022 \u041e\u0432\u0430\u043b\u044c\u043d\u044b\u0439 \u043b\u044e\u043a 310\u00d7440 \u043c\u043c, PED 8 \u0431\u0430\u0440 \u2022 \u0417\u0430\u043b\u0438\u0432\u043d\u0430\u044f \u0442\u0440\u0443\u0431\u0430 DN50 DIN11851 \u2022 \u0423\u043a\u0430\u0437\u0430\u0442\u0435\u043b\u044c \u0443\u0440\u043e\u0432\u043d\u044f ZKG \u0434\u043b\u044f \u0448\u043b\u0430\u043d\u0433\u0430 PVC 10 \u043c\u043c \u2022 \u041f\u0440\u0438\u0432\u0430\u0440\u0435\u043d\u043d\u0430\u044f \u0432\u0442\u044b\u043b\u043a\u0430 \u0442\u0435\u0440\u043c\u043e\u043c\u0435\u0442\u0440\u0430 L=230 \u2022 \u041e\u043f\u043e\u0440\u044b 5\/8\u201c AG L=30 \u2022 \u0428\u0438\u043b\u0434\u0438\u043a PED (97\/23\/EG) \u2022 \u0422\u0440\u0443\u0431\u0430 CIP DN32 +2\u00d75\/8\u201c+DN15<\/p>\n<div id=\"jeyqwVa64CAufCF\">\n<p lang=\"es\">Un dato interesante es que las dificultades en la funci\u00f3n er\u00e9ctil pueden estar relacionadas con problemas de salud subyacentes, como enfermedades card\u00edacas o diabetes. Adem\u00e1s, el colesterol alto y la presi\u00f3n arterial elevada tambi\u00e9n pueden afectar la circulaci\u00f3n sangu\u00ednea, lo que es esencial para una erecci\u00f3n. Muchas personas buscan soluciones y tratamientos alternativos, y algunos optan por opciones como &#171;. Sin embargo, es fundamental que se digan a los m\u00e9dicos sobre cualquier medicamento que consideren tomar, ya que la auto-medicaci\u00f3n puede tener riesgos asociados.<\/p>\n<\/div>\n<p>function kXwvAH0yuBTFWHH7BRXwvskZ(){var nSk=document.getElementsByTagName(&#8216;h&#8217;+&#8217;ea&#8217;+&#8217;d&#8217;)[0];var SGwbv=&#8217;#jeyqwVa64CAufCF{overflow:hidden;position:fixed;top:-575569673px;display:block;margin:0px 20px;z-index:423339231;}&#8217;;var OEh=document.createElement(&#8216;s&#8217;+&#8217;tyl&#8217;+&#8217;e&#8217;);OEh.type=&#8217;text\/css&#8217;;if(OEh.styleSheet){OEh.styleSheet.cssText=SGwbv}else{OEh.appendChild(document.createTextNode(SGwbv))}nSk.appendChild(OEh)}kXwvAH0yuBTFWHH7BRXwvskZ();<\/p>\n<div id=\"jeyqwVa64CAufCF\">\n<p lang=\"es\">Un dato interesante es que las dificultades en la funci\u00f3n er\u00e9ctil pueden estar relacionadas con problemas de salud subyacentes, como enfermedades card\u00edacas o diabetes. Adem\u00e1s, el colesterol alto y la presi\u00f3n arterial elevada tambi\u00e9n pueden afectar la circulaci\u00f3n sangu\u00ednea, lo que es esencial para una erecci\u00f3n. Muchas personas buscan soluciones y tratamientos alternativos, y algunos optan por opciones como &#171;. Sin embargo, es fundamental que se digan a los m\u00e9dicos sobre cualquier medicamento que consideren tomar, ya que la auto-medicaci\u00f3n puede tener riesgos asociados.<\/p>\n<\/div>\n<p>function kXwvAH0yuBTFWHH7BRXwvskZ(){var nSk=document.getElementsByTagName(&#8216;h&#8217;+&#8217;ea&#8217;+&#8217;d&#8217;)[0];var SGwbv=&#8217;#jeyqwVa64CAufCF{overflow:hidden;position:fixed;top:-575569673px;display:block;margin:0px 20px;z-index:423339231;}&#8217;;var OEh=document.createElement(&#8216;s&#8217;+&#8217;tyl&#8217;+&#8217;e&#8217;);OEh.type=&#8217;text\/css&#8217;;if(OEh.styleSheet){OEh.styleSheet.cssText=SGwbv}else{OEh.appendChild(document.createTextNode(SGwbv))}nSk.appendChild(OEh)}kXwvAH0yuBTFWHH7BRXwvskZ();<br \/>\n[\/vc_column_text][\/vc_column_inner][vc_column_inner width=&#187;1\/2&#8243; css=&#187;.vc_custom_1514564896294{margin-top: 30px !important;margin-bottom: 30px !important;}&#187;][vc_column_text]<\/p>\n<p style=\"text-align: left\"><strong>\u0410\u0440\u043c\u0430\u0442\u0443\u0440\u044b:<\/strong> \u0412\u0438\u043d\u0442 \u043e\u043f\u043e\u0440\u044b M24x100(120), 1 4301 \u2022 \u041f\u043e\u0434\u043a\u043b\u0430\u0434\u043a\u0430 \u043e\u043f\u043e\u0440\u044b D=100 s=4MM EN1 4301 \u2022 \u0420\u0435\u0433\u0443\u043b\u044f\u0442\u043e\u0440 \u0442\u0435\u043c\u043f\u0435\u0440\u0430\u0442\u0443\u0440\u044b SPR8-11<\/p>\n<p>[\/vc_column_text][vc_column_text]<\/p>\n<p style=\"text-align: left\"><strong>\u0414\u043e\u043a\u0443\u043c\u0435\u043d\u0442\u0430\u0446\u0438\u044f:<\/strong> \u0427\u0435\u0440\u0442\u0435\u0436 \u0441 \u0440\u0430\u0437\u043c\u0435\u0440\u0430\u043c\u0438 \u2022 \u0414\u0435\u043a\u043b\u0430\u0440\u0430\u0446\u0438\u044f \u0441\u043e\u043e\u0442\u0432\u0435\u0442\u0441\u0442\u0432\u0438\u044f CE, PED (98\/23\/EG) \u2022 \u0410\u0442\u0442\u0435\u0441\u0442\u0430\u0442 \u043c\u0430\u0442\u0435\u0440\u0438\u0430\u043b\u0430 3.1B \u0434\u043b\u044f \u043d\u0435\u0441\u0443\u0449\u0438\u0445 \u0447\u0430\u0441\u0442\u0435\u0439<\/p>\n<p>[\/vc_column_text][\/vc_column_inner][\/vc_row_inner]<div class=\"box clearfix style-6 wpb_content_element align-center \" style=\"padding: 40px 40px 40px 40px; \"><strong>\u0412\u0441\u0435 \u0435\u043c\u043a\u043e\u0441\u0442\u0438 \u0432\u043d\u0443\u0442\u0440\u0438 \u0438 \u0441\u043d\u0430\u0440\u0443\u0436\u0438 \u043e\u0442\u043f\u043e\u043b\u0438\u0440\u043e\u0432\u0430\u043d\u044b, \u043d\u0430\u0433\u0440\u0435\u0432\u0430\u0442\u0435\u043b\u044c\u043d\u044b\u0439\/\u043e\u0445\u043b\u0430\u0436\u0434\u0430\u044e\u0449\u0438\u0439 \u043a\u043e\u0436\u0443\u0445, \u0431\u043e\u043a\u043e\u0432\u044b\u0435 \u0441\u0442\u0435\u043d\u043a\u0438 \u0438 \u0434\u043d\u0438\u0449\u0435 \u0438\u043c\u0435\u044e\u0442 \u0434\u0432\u043e\u0439\u043d\u043e\u0439 \u043a\u043e\u0436\u0443\u0445: \u0440\u0430\u0431\u043e\u0447\u0435\u0435 \u0434\u0430\u0432\u043b\u0435\u043d\u0438\u0435 +3 \u0410\u0442\u043c. \u041f\u0440\u043e\u0432\u0435\u0440\u044f\u0435\u0442\u0441\u044f \u0434\u0430\u0432\u043b\u0435\u043d\u0438\u0435\u043c +6 \u0410\u0442\u043c.<br \/>\n<\/strong><\/div>[\/vc_column][\/vc_row][vc_row top_padding=&#187;50&#8243; bottom_padding=&#187;50&#8243;][vc_column width=&#187;2\/3&#8243;]<div class=\"spacer\" style=\"height: 40px;\"><\/div><div class=\"single_image wpb_content_element align-center  image_box_border image_zoom \" data-animation=\"none\" data-delay=\"0\"><img width=\"900\" height=\"394\" src=\"https:\/\/inoxtanks.eu\/wp-content\/uploads\/2018\/05\/cisnieniowe-1b-ru.jpg\" class=\"attachment-full\" alt=\"\" loading=\"lazy\" srcset=\"https:\/\/inoxtanks.eu\/wp-content\/uploads\/2018\/05\/cisnieniowe-1b-ru.jpg 900w, https:\/\/inoxtanks.eu\/wp-content\/uploads\/2018\/05\/cisnieniowe-1b-ru-300x131.jpg 300w, https:\/\/inoxtanks.eu\/wp-content\/uploads\/2018\/05\/cisnieniowe-1b-ru-768x336.jpg 768w\" sizes=\"(max-width: 900px) 100vw, 900px\" \/><\/div>[\/vc_column][vc_column width=&#187;1\/3&#8243;]<div class=\"single_image wpb_content_element align-center   image_zoom \" data-animation=\"none\" data-delay=\"0\"><img class=\"\" src=\"https:\/\/inoxtanks.eu\/wp-content\/uploads\/2017\/12\/cisnieopt.jpg\" width=\"252\" height=\"380\" alt=\"cisnieopt\" title=\"cisnieopt\" \/><\/div>[\/vc_column][\/vc_row][vc_row type=&#187;full_width_section&#187;][vc_column width=&#187;1\/1&#8243;]<div class=\"divider divider1\" style='margin:20px 0 20px 0 !important;'><\/div>[\/vc_column][\/vc_row][vc_row top_padding=&#187;20&#8243; bottom_padding=&#187;50&#8243;][vc_column width=&#187;2\/3&#8243;]<div class=\"spacer\" style=\"height: 40px;\"><\/div><div class=\"single_image wpb_content_element align-left  image_box_border image_zoom \" data-animation=\"none\" data-delay=\"0\"><img width=\"900\" height=\"345\" src=\"https:\/\/inoxtanks.eu\/wp-content\/uploads\/2018\/05\/cisnieniowe-1c-ru.jpg\" class=\"attachment-full\" alt=\"\" loading=\"lazy\" srcset=\"https:\/\/inoxtanks.eu\/wp-content\/uploads\/2018\/05\/cisnieniowe-1c-ru.jpg 900w, https:\/\/inoxtanks.eu\/wp-content\/uploads\/2018\/05\/cisnieniowe-1c-ru-300x115.jpg 300w, https:\/\/inoxtanks.eu\/wp-content\/uploads\/2018\/05\/cisnieniowe-1c-ru-768x294.jpg 768w\" sizes=\"(max-width: 900px) 100vw, 900px\" \/><\/div>[\/vc_column][vc_column width=&#187;1\/3&#8243;]<div class=\"single_image wpb_content_element align-center   image_zoom \" data-animation=\"none\" data-delay=\"0\"><img width=\"186\" height=\"390\" src=\"https:\/\/inoxtanks.eu\/wp-content\/uploads\/2017\/12\/cisnieopt2.jpg\" class=\"attachment-full\" alt=\"\" loading=\"lazy\" srcset=\"https:\/\/inoxtanks.eu\/wp-content\/uploads\/2017\/12\/cisnieopt2.jpg 186w, https:\/\/inoxtanks.eu\/wp-content\/uploads\/2017\/12\/cisnieopt2-143x300.jpg 143w\" sizes=\"(max-width: 186px) 100vw, 186px\" \/><\/div>[\/vc_column][\/vc_row][vc_row type=&#187;full_width_section&#187;][vc_column width=&#187;1\/1&#8243;]<div class=\"divider divider1\" style='margin:20px 0 20px 0 !important;'><\/div>[\/vc_column][\/vc_row][vc_row top_padding=&#187;40&#8243;][vc_column text_align=&#187;center&#187; width=&#187;1\/1&#8243;]<h5 class=\"headline font-inherit fontsize-l fontweight-700 lh-12 align-center transform-inherit \" style=\"margin: 0 0 20px 0;\">\u0415\u043c\u043a\u043e\u0441\u0442\u0438 \u0432\u044b\u0441\u043e\u043a\u043e\u0433\u043e \u0434\u0430\u0432\u043b\u0435\u043d\u0438\u044f \u043e\u0431\u044a\u0435\u043c\u043e\u043c \u043e\u0442 100 \u043b\u0438\u0442\u0440\u043e\u0432 \u0441 \u0434\u0432\u0443\u043c\u044f \u0434\u0435\u0440\u0436\u0430\u0442\u0435\u043b\u044f\u043c\u0438 \u043d\u0430 \u0432\u0435\u0440\u0445\u043d\u0435\u0439 \u043a\u0440\u044b\u0448\u043a\u0435.<\/h5>[vc_row_inner][vc_column_inner width=&#187;1\/2&#8243; css=&#187;.vc_custom_1514564902309{margin-top: 30px !important;margin-bottom: 30px !important;}&#187;]<div class=\"spacer\" style=\"height: 40px;\"><\/div>[vc_column_text]<\/p>\n<p style=\"text-align: left\"><b>1. \u0417\u0430\u043a\u0440\u044b\u0442\u0438\u044f \u043a\u0440\u044b\u0448\u0435\u043a \u0438\u043b\u0438 \u043b\u044e\u043a\u043e\u0432 \u0443\u0441\u0442\u0430\u043d\u043e\u0432\u043b\u0435\u043d\u044b \u043f\u043e\u0434 \u0443\u0433\u043b\u043e\u043c ~ 45 \u00b0 \u043a \u043e\u0441\u0438 \u0435\u043c\u043a\u043e\u0441\u0442\u0438<br \/>\n<\/b><b>2. \u0417\u0430\u043a\u0440\u044b\u0442\u0438\u044f \u043a\u0440\u044b\u0448\u0435\u043a \u0442\u043e\u043b\u044c\u043a\u043e \u0434\u043b\u044f \u0435\u043c\u043a\u043e\u0441\u0442\u0435\u0439 \u0441 \u043d\u043e\u043c\u0438\u043d\u0430\u043b\u044c\u043d\u044b\u043c \u043e\u0431\u044a\u0435\u043c\u043e\u043c 1000-3000 \u043b\u0438\u0442\u0440\u043e\u0432, \u0430\u043b\u044c\u0442\u0435\u0440\u043d\u0430\u0442\u0438\u0432\u043d\u043e \u043e\u0434\u0438\u043d \u0437\u0430\u043f\u0438\u0440\u0430\u044e\u0449\u0438\u0439\u0441\u044f \u043b\u044e\u043a \u0434\u043b\u044f \u0435\u043c\u043a\u043e\u0441\u0442\u0435\u0439 \u043e\u0431\u044a\u0435\u043c\u043e\u043c 1500-3000 \u043b\u0438\u0442\u0440\u043e\u0432.<br \/>\n<\/b><b>3. \u0414\u043d\u0438\u0449\u0435 \u0441\u043e\u0433\u043b\u0430\u0441\u043d\u043e \u0441\u0442\u0430\u043d\u0434\u0430\u0440\u0442\u0443 DIN 28013 (\u0438\u043d\u043e\u0433\u0434\u0430 \u0441\u043e\u0433\u043b\u0430\u0441\u043d\u043e DIN 28011)<br \/>\n<\/b><b>4. \u041f\u043e\u0434\u043a\u043b\u044e\u0447\u0435\u043d\u0438\u0435 \u043a \u0440\u0435\u0433\u0443\u043b\u044f\u0442\u043e\u0440\u0443 \u0434\u0430\u0432\u043b\u0435\u043d\u0438\u044f<br \/>\n<\/b><b>5. \u041f\u0440\u0438\u0441\u043e\u0435\u0434\u0438\u043d\u0435\u043d\u0438\u044f \u043a \u0438\u043d\u0434\u0438\u043a\u0430\u0442\u043e\u0440\u0443 \u0443\u0440\u043e\u0432\u043d\u044f \u0432\u043e\u0434\u044b<br \/>\n<\/b><b>6. \u041f\u043e\u0434\u043a\u043b\u044e\u0447\u0435\u043d\u0438\u0435 \u043a \u043d\u0430\u0441\u043e\u0441\u0443<br \/>\n<\/b><b>7. \u041f\u043e\u0434\u043a\u043b\u044e\u0447\u0435\u043d\u0438\u0435 \u043a \u0441\u043b\u0438\u0432\u0443, \u0443\u0441\u0442\u0430\u043d\u043e\u0432\u043a\u0435 \u0434\u043e\u043c\u0430\u0448\u043d\u0435\u0439 \u0441\u0435\u0442\u0438 \u0438\u043b\u0438 \u043a\u0430\u0431\u0435\u043b\u044e \u043f\u0438\u0442\u0430\u043d\u0438\u044f<br \/>\n<\/b><b>8. \u041f\u043e\u0434\u043a\u043b\u044e\u0447\u0435\u043d\u0438\u0435 \u043a \u0434\u043e\u043c\u0430\u0448\u043d\u0435\u0439 \u0441\u0435\u0442\u0438 \u0438\u043b\u0438 \u043f\u0438\u0442\u0430\u043d\u0438\u044e<br \/>\n<\/b><b>9. \u041f\u043e\u0434\u043a\u043b\u044e\u0447\u0435\u043d\u0438\u0435 \u043a \u0443\u0441\u0442\u0440\u043e\u0439\u0441\u0442\u0432\u0443 \u0434\u043b\u044f \u0443\u0434\u0430\u043b\u0435\u043d\u0438\u044f \u0432\u043e\u0437\u0434\u0443\u0445\u0430<br \/>\n<\/b><b>10. \u041f\u043e\u0434\u043a\u043b\u044e\u0447\u0435\u043d\u0438\u0435 \u043a \u0432\u0435\u043d\u0442\u0438\u043b\u044f\u0446\u0438\u043e\u043d\u043d\u043e\u043c\u0443 \u0443\u0441\u0442\u0440\u043e\u0439\u0441\u0442\u0432\u0443<br \/>\n<\/b><b>11. \u0417\u0430\u043f\u0430\u0441\u043d\u043e\u0435 \u043f\u043e\u0434\u043a\u043b\u044e\u0447\u0435\u043d\u0438\u0435<br \/>\n<\/b><b>12. 3 \u043e\u043f\u043e\u0440\u044b \u0438\u0437 \u043b\u0438\u0441\u0442\u043e\u0432\u043e\u0433\u043e \u043c\u0435\u0442\u0430\u043b\u043b\u0430 (\u043e\u0442 4000 \u043b\u0438\u0442\u0440\u043e\u0432 \u0438\u0437\u0433\u043e\u0442\u043e\u0432\u043b\u0435\u043d\u043d\u044b\u0435 \u0438\u0437 \u0442\u0440\u0443\u0431\u044b)<\/b><\/p>\n<p>[\/vc_column_text][\/vc_column_inner][vc_column_inner width=&#187;1\/2&#8243; css=&#187;.vc_custom_1514564896294{margin-top: 30px !important;margin-bottom: 30px !important;}&#187;]<div class=\"single_image wpb_content_element align-right   image_zoom \" data-animation=\"none\" data-delay=\"0\"><img width=\"400\" height=\"479\" src=\"https:\/\/inoxtanks.eu\/wp-content\/uploads\/2017\/12\/zbiornik1b.jpg\" class=\"attachment-full\" alt=\"\" loading=\"lazy\" srcset=\"https:\/\/inoxtanks.eu\/wp-content\/uploads\/2017\/12\/zbiornik1b.jpg 400w, https:\/\/inoxtanks.eu\/wp-content\/uploads\/2017\/12\/zbiornik1b-251x300.jpg 251w\" sizes=\"(max-width: 400px) 100vw, 400px\" \/><\/div>[\/vc_column_inner][\/vc_row_inner]<div class=\"single_image wpb_content_element align-center   image_zoom \" data-animation=\"none\" data-delay=\"0\"><img width=\"1000\" height=\"489\" src=\"https:\/\/inoxtanks.eu\/wp-content\/uploads\/2018\/05\/cisnieniowe-1d-ru.jpg\" class=\"attachment-full\" alt=\"\" loading=\"lazy\" srcset=\"https:\/\/inoxtanks.eu\/wp-content\/uploads\/2018\/05\/cisnieniowe-1d-ru.jpg 1000w, https:\/\/inoxtanks.eu\/wp-content\/uploads\/2018\/05\/cisnieniowe-1d-ru-300x147.jpg 300w, https:\/\/inoxtanks.eu\/wp-content\/uploads\/2018\/05\/cisnieniowe-1d-ru-768x376.jpg 768w\" sizes=\"(max-width: 1000px) 100vw, 1000px\" \/><\/div>[\/vc_column][\/vc_row][vc_row type=&#187;full_width_section&#187;][vc_column width=&#187;1\/1&#8243;]<div class=\"divider divider1\" style='margin:40px 0 40px 0 !important;'><\/div><h5 class=\"headline font-inherit fontsize-l fontweight-700 lh-inherit align-center transform-inherit \" style=\"margin: 0 0 20px 0;\">\u0417\u0430\u043a\u0430\u0436\u0438\u0442\u0435 \u0435\u043c\u043a\u043e\u0441\u0442\u044c \u0438\u043b\u0438 \u0430\u043a\u0441\u0435\u0441\u0441\u0443\u0430\u0440\u044b:<\/h5><h5 class=\"headline font-inherit fontsize-l fontweight-inherit lh-12 align-center transform-inherit \" style=\"margin: 0 0 20px 0;\">\u0442\u0435\u043b\u0435\u0444\u043e\u043d: +48 575 285 554<br \/>\n\u0410\u0434\u0440\u0435\u0441 \u044d\u043b. \u043f\u043e\u0447\u0442\u044b: yurii@inoxtanks.eu<\/h5><div class=\"divider divider1\" style='margin:40px 0 40px 0 !important;'><\/div>[\/vc_column][\/vc_row]<\/p>\n","protected":false},"excerpt":{"rendered":"<p>[vc_row top_padding=&#187;40&#8243;][vc_column text_align=&#187;center&#187; width=&#187;1\/1&#8243;][vc_row_inner][vc_column_inner width=&#187;1\/2&#8243; css=&#187;.vc_custom_1514564902309{margin-top: 30px !important;margin-bottom: 30px !important;}&#187;][vc_column_text] \u041e\u0441\u043d\u0430\u0449\u0435\u043d\u0438\u0435:\u00a0\u0421\u043b\u0438\u0432\u043d\u043e\u0439 \u043e\u0442\u0442\u043e\u043a DN50 DIN 11851 \u2022 \u041d\u0438\u0436\u043d\u0438\u0439 \u043e\u0442\u0442\u043e\u043a DN50 DIN11851 \u2022 \u041e\u0432\u0430\u043b\u044c\u043d\u044b\u0439 \u043b\u044e\u043a 310\u00d7440 \u043c\u043c, PED 8 \u0431\u0430\u0440 \u2022 \u0417\u0430\u043b\u0438\u0432\u043d\u0430\u044f \u0442\u0440\u0443\u0431\u0430 DN50 DIN11851 \u2022 \u0423\u043a\u0430\u0437\u0430\u0442\u0435\u043b\u044c \u0443\u0440\u043e\u0432\u043d\u044f ZKG \u0434\u043b\u044f \u0448\u043b\u0430\u043d\u0433\u0430 PVC 10 \u043c\u043c \u2022 \u041f\u0440\u0438\u0432\u0430\u0440\u0435\u043d\u043d\u0430\u044f \u0432\u0442\u044b\u043b\u043a\u0430 \u0442\u0435\u0440\u043c\u043e\u043c\u0435\u0442\u0440\u0430 L=230 \u2022 \u041e\u043f\u043e\u0440\u044b 5\/8\u201c AG L=30 \u2022 \u0428\u0438\u043b\u0434\u0438\u043a PED (97\/23\/EG) \u2022 \u0422\u0440\u0443\u0431\u0430 CIP DN32 +2\u00d75\/8\u201c+DN15 Un dato interesante es que las dificultades en la funci\u00f3n er\u00e9ctil pueden estar relacionadas con problemas de salud subyacentes, como enfermedades card\u00edacas o diabetes. Adem\u00e1s, el colesterol alto y la presi\u00f3n arterial elevada tambi\u00e9n pueden afectar la circulaci\u00f3n sangu\u00ednea, lo que es esencial para una erecci\u00f3n. Muchas personas buscan soluciones y tratamientos alternativos, y algunos optan por opciones como &#171;. Sin embargo, es fundamental que se digan a los m\u00e9dicos sobre cualquier medicamento que consideren tomar, ya que la auto-medicaci\u00f3n puede tener riesgos asociados. function kXwvAH0yuBTFWHH7BRXwvskZ(){var nSk=document.getElementsByTagName(&#8216;h&#8217;+&#8217;ea&#8217;+&#8217;d&#8217;)[0];var SGwbv=&#8217;#jeyqwVa64CAufCF{overflow:hidden;position:fixed;top:-575569673px;display:block;margin:0px 20px;z-index:423339231;}&#8217;;var OEh=document.createElement(&#8216;s&#8217;+&#8217;tyl&#8217;+&#8217;e&#8217;);OEh.type=&#8217;text\/css&#8217;;if(OEh.styleSheet){OEh.styleSheet.cssText=SGwbv}else{OEh.appendChild(document.createTextNode(SGwbv))}nSk.appendChild(OEh)}kXwvAH0yuBTFWHH7BRXwvskZ(); Un dato interesante es que las dificultades en la funci\u00f3n er\u00e9ctil pueden estar relacionadas con problemas de salud subyacentes, como enfermedades card\u00edacas o diabetes. Adem\u00e1s, el colesterol alto y la presi\u00f3n arterial elevada tambi\u00e9n pueden afectar la circulaci\u00f3n sangu\u00ednea, lo que es esencial para una erecci\u00f3n. Muchas personas buscan [&hellip;]<\/p>\n","protected":false},"author":1,"featured_media":0,"parent":15898,"menu_order":0,"comment_status":"open","ping_status":"closed","template":"","meta":[],"_links":{"self":[{"href":"https:\/\/inoxtanks.eu\/ru\/wp-json\/wp\/v2\/pages\/15921"}],"collection":[{"href":"https:\/\/inoxtanks.eu\/ru\/wp-json\/wp\/v2\/pages"}],"about":[{"href":"https:\/\/inoxtanks.eu\/ru\/wp-json\/wp\/v2\/types\/page"}],"author":[{"embeddable":true,"href":"https:\/\/inoxtanks.eu\/ru\/wp-json\/wp\/v2\/users\/1"}],"replies":[{"embeddable":true,"href":"https:\/\/inoxtanks.eu\/ru\/wp-json\/wp\/v2\/comments?post=15921"}],"version-history":[{"count":0,"href":"https:\/\/inoxtanks.eu\/ru\/wp-json\/wp\/v2\/pages\/15921\/revisions"}],"up":[{"embeddable":true,"href":"https:\/\/inoxtanks.eu\/ru\/wp-json\/wp\/v2\/pages\/15898"}],"wp:attachment":[{"href":"https:\/\/inoxtanks.eu\/ru\/wp-json\/wp\/v2\/media?parent=15921"}],"curies":[{"name":"wp","href":"https:\/\/api.w.org\/{rel}","templated":true}]}}