{"id":15809,"date":"2018-03-19T15:42:05","date_gmt":"2018-03-19T15:42:05","guid":{"rendered":"http:\/\/inoxtanks.eu\/?page_id=15809"},"modified":"2026-04-16T16:54:16","modified_gmt":"2026-04-16T16:54:16","slug":"kontakt","status":"publish","type":"page","link":"https:\/\/inoxtanks.eu\/sk\/kontakt\/","title":{"rendered":"Kontakt"},"content":{"rendered":"<div class=\"wpb-content-wrapper\"><p>[vc_row bg_color=&#8220;#ffffff&#8220; top_padding=&#8220;60&#8243; bottom_padding=&#8220;60&#8243; bg_position=&#8220;left top&#8220;][vc_column width=&#8220;1\/4&#8243;]<h3 class=\"headline font-special fontsize-m fontweight-700 lh-inherit align-left transform-uppercase \" style=\"margin: 0 0 20px 0;\">OT\u00c1ZKY<\/h3>[vc_column_text]Na v\u0161etky ot\u00e1zky t\u00fdkaj\u00face sa ponuky a objedn\u00e1vok odpovie:<\/p>\n<p><strong class=\"highlight\">S\u0142awomir \u015awie\u017cak<br \/>\ntel.: <a href=\"tel:+48693860412\">+48 693 860 412<\/a><br \/>\nmail: <a href=\"mailto:biuro@inoxtanks.eu\">biuro@inoxtanks.eu<\/a><\/strong>[\/vc_column_text]<div class=\"spacer\" style=\"height: 20px;\"><\/div><h3 class=\"headline font-special fontsize-m fontweight-700 lh-inherit align-left transform-uppercase \" style=\"margin: 0 0 20px 0;\">\u00daDAJE FIRMY<\/h3>[vc_column_text]GABINET Sp. z o.o. Sp.k.<br \/>\nDI\u010c: 7811980734<br \/>\nul.Olecka 24\/1<br \/>\n60-458 Pozna\u0144<br \/>\nPolska (Poland)[\/vc_column_text][\/vc_column][vc_column width=&#8220;3\/4&#8243;]<h3 class=\"headline font-special fontsize-m fontweight-700 lh-inherit align-left transform-uppercase \" style=\"margin: 0 0 20px 0;\">ZA\u010cNIME SPOLUPRACOVA\u0164!<\/h3>\n<div class=\"wpcf7 no-js\" id=\"wpcf7-f15807-o1\" lang=\"en-US\" dir=\"ltr\" data-wpcf7-id=\"15807\">\n<div class=\"screen-reader-response\"><p role=\"status\" aria-live=\"polite\" aria-atomic=\"true\"><\/p> <ul><\/ul><\/div>\n<form action=\"\/sk\/wp-json\/wp\/v2\/pages\/15809#wpcf7-f15807-o1\" method=\"post\" class=\"wpcf7-form init\" aria-label=\"Contact form\" novalidate=\"novalidate\" data-status=\"init\">\n<fieldset class=\"hidden-fields-container\"><input type=\"hidden\" name=\"_wpcf7\" value=\"15807\" \/><input type=\"hidden\" name=\"_wpcf7_version\" value=\"6.1.5\" \/><input type=\"hidden\" name=\"_wpcf7_locale\" value=\"en_US\" \/><input type=\"hidden\" name=\"_wpcf7_unit_tag\" value=\"wpcf7-f15807-o1\" \/><input type=\"hidden\" name=\"_wpcf7_container_post\" value=\"0\" \/><input type=\"hidden\" name=\"_wpcf7_posted_data_hash\" value=\"\" \/><input type=\"hidden\" name=\"_wpcf7_recaptcha_response\" value=\"\" \/>\n<\/fieldset>\n<p>N\u00e1zov subjektu (je vy\u017eadovan\u00fd)\n<\/p>\n<p><span class=\"wpcf7-form-control-wrap\" data-name=\"your-name\"><input size=\"40\" maxlength=\"400\" class=\"wpcf7-form-control wpcf7-text wpcf7-validates-as-required\" aria-required=\"true\" aria-invalid=\"false\" value=\"\" type=\"text\" name=\"your-name\" \/><\/span>\n<\/p>\n<p>E-mailov\u00e1 adresa (je vy\u017eadovan\u00e1)\n<\/p>\n<p><span class=\"wpcf7-form-control-wrap\" data-name=\"your-email\"><input size=\"40\" maxlength=\"400\" class=\"wpcf7-form-control wpcf7-email wpcf7-validates-as-required wpcf7-text wpcf7-validates-as-email\" aria-required=\"true\" aria-invalid=\"false\" value=\"\" type=\"email\" name=\"your-email\" \/><\/span>\n<\/p>\n<p>\u010c. telef\u00f3nu (je vy\u017eadovan\u00e9)\n<\/p>\n<p><span class=\"wpcf7-form-control-wrap\" data-name=\"tel-925\"><input size=\"40\" maxlength=\"400\" class=\"wpcf7-form-control wpcf7-tel wpcf7-validates-as-required wpcf7-text wpcf7-validates-as-tel\" aria-required=\"true\" aria-invalid=\"false\" value=\"\" type=\"tel\" name=\"tel-925\" \/><\/span>\n<\/p>\n<p>Va\u0161a spr\u00e1va\n<\/p>\n<p><span class=\"wpcf7-form-control-wrap\" data-name=\"your-message\"><textarea cols=\"40\" rows=\"10\" maxlength=\"2000\" class=\"wpcf7-form-control wpcf7-textarea\" aria-invalid=\"false\" name=\"your-message\"><\/textarea><\/span>\n<\/p>\n<p><input class=\"wpcf7-form-control wpcf7-submit has-spinner\" type=\"submit\" value=\"odosla\u0165\" \/>\n<\/p><div class=\"wpcf7-response-output\" aria-hidden=\"true\"><\/div>\n<\/form>\n<\/div>\n[\/vc_column][\/vc_row]<\/p>\n<\/div>","protected":false},"excerpt":{"rendered":"<p>[vc_row bg_color=&#8220;#ffffff&#8220; top_padding=&#8220;60&#8243; bottom_padding=&#8220;60&#8243; bg_position=&#8220;left top&#8220;][vc_column width=&#8220;1\/4&#8243;][vc_column_text]Na v\u0161etky ot\u00e1zky t\u00fdkaj\u00face sa ponuky a objedn\u00e1vok odpovie: S\u0142awomir \u015awie\u017cak tel.: +48 693 860 412 mail: biuro@inoxtanks.eu[\/vc_column_text][vc_column_text]GABINET Sp. z o.o. Sp.k. DI\u010c: 7811980734 ul.Olecka 24\/1 60-458 Pozna\u0144 Polska (Poland)[\/vc_column_text][\/vc_column][vc_column width=&#8220;3\/4&#8243;][\/vc_column][\/vc_row]<\/p>\n","protected":false},"author":1,"featured_media":0,"parent":0,"menu_order":0,"comment_status":"open","ping_status":"closed","template":"","meta":{"footnotes":""},"class_list":["post-15809","page","type-page","status-publish","hentry"],"yoast_head":"<!-- This site is optimized with the Yoast SEO plugin v27.4 - https:\/\/yoast.com\/product\/yoast-seo-wordpress\/ -->\n<title>Kontakt - Inox Tanks<\/title>\n<meta name=\"robots\" content=\"index, follow, max-snippet:-1, max-image-preview:large, max-video-preview:-1\" \/>\n<link rel=\"canonical\" href=\"https:\/\/inoxtanks.eu\/kontakt\/\" \/>\n<meta property=\"og:locale\" content=\"sk_SK\" \/>\n<meta property=\"og:type\" content=\"article\" \/>\n<meta property=\"og:title\" content=\"Kontakt - Inox Tanks\" \/>\n<meta property=\"og:description\" content=\"[vc_row bg_color=&#8220;#ffffff&#8220; top_padding=&#8220;60&#8243; bottom_padding=&#8220;60&#8243; bg_position=&#8220;left top&#8220;][vc_column width=&#8220;1\/4&#8243;][vc_column_text]Na v\u0161etky ot\u00e1zky t\u00fdkaj\u00face sa ponuky a objedn\u00e1vok odpovie: S\u0142awomir \u015awie\u017cak tel.: +48 693 860 412 mail: biuro@inoxtanks.eu[\/vc_column_text][vc_column_text]GABINET Sp. z o.o. Sp.k. DI\u010c: 7811980734 ul.Olecka 24\/1 60-458 Pozna\u0144 Polska (Poland)[\/vc_column_text][\/vc_column][vc_column width=&#8220;3\/4&#8243;][\/vc_column][\/vc_row]\" \/>\n<meta property=\"og:url\" content=\"https:\/\/inoxtanks.eu\/kontakt\/\" \/>\n<meta property=\"og:site_name\" content=\"Inox Tanks\" \/>\n<meta property=\"article:modified_time\" content=\"2026-04-16T16:54:16+00:00\" \/>\n<meta name=\"twitter:card\" content=\"summary_large_image\" \/>\n<meta name=\"twitter:label1\" content=\"Predpokladan\u00fd \u010das \u010d\u00edtania\" \/>\n\t<meta name=\"twitter:data1\" content=\"1 min\u00fata\" \/>\n<script type=\"application\/ld+json\" class=\"yoast-schema-graph\">{\"@context\":\"https:\\\/\\\/schema.org\",\"@graph\":[{\"@type\":\"WebPage\",\"@id\":\"https:\\\/\\\/inoxtanks.eu\\\/kontakt\\\/\",\"url\":\"https:\\\/\\\/inoxtanks.eu\\\/kontakt\\\/\",\"name\":\"Kontakt - Inox Tanks\",\"isPartOf\":{\"@id\":\"https:\\\/\\\/inoxtanks.eu\\\/#website\"},\"datePublished\":\"2018-03-19T15:42:05+00:00\",\"dateModified\":\"2026-04-16T16:54:16+00:00\",\"breadcrumb\":{\"@id\":\"https:\\\/\\\/inoxtanks.eu\\\/kontakt\\\/#breadcrumb\"},\"inLanguage\":\"sk-SK\",\"potentialAction\":[{\"@type\":\"ReadAction\",\"target\":[\"https:\\\/\\\/inoxtanks.eu\\\/kontakt\\\/\"]}]},{\"@type\":\"BreadcrumbList\",\"@id\":\"https:\\\/\\\/inoxtanks.eu\\\/kontakt\\\/#breadcrumb\",\"itemListElement\":[{\"@type\":\"ListItem\",\"position\":1,\"name\":\"Strona g\u0142\u00f3wna\",\"item\":\"https:\\\/\\\/inoxtanks.eu\\\/\"},{\"@type\":\"ListItem\",\"position\":2,\"name\":\"Kontakt\"}]},{\"@type\":\"WebSite\",\"@id\":\"https:\\\/\\\/inoxtanks.eu\\\/#website\",\"url\":\"https:\\\/\\\/inoxtanks.eu\\\/\",\"name\":\"Inox Tanks\",\"description\":\"\",\"publisher\":{\"@id\":\"https:\\\/\\\/inoxtanks.eu\\\/#organization\"},\"potentialAction\":[{\"@type\":\"SearchAction\",\"target\":{\"@type\":\"EntryPoint\",\"urlTemplate\":\"https:\\\/\\\/inoxtanks.eu\\\/?s={search_term_string}\"},\"query-input\":{\"@type\":\"PropertyValueSpecification\",\"valueRequired\":true,\"valueName\":\"search_term_string\"}}],\"inLanguage\":\"sk-SK\"},{\"@type\":\"Organization\",\"@id\":\"https:\\\/\\\/inoxtanks.eu\\\/#organization\",\"name\":\"InoxTanks\",\"url\":\"https:\\\/\\\/inoxtanks.eu\\\/\",\"logo\":{\"@type\":\"ImageObject\",\"inLanguage\":\"sk-SK\",\"@id\":\"https:\\\/\\\/inoxtanks.eu\\\/#\\\/schema\\\/logo\\\/image\\\/\",\"url\":\"https:\\\/\\\/inoxtanks.eu\\\/wp-content\\\/uploads\\\/2017\\\/12\\\/inox-logo-retina.jpg\",\"contentUrl\":\"https:\\\/\\\/inoxtanks.eu\\\/wp-content\\\/uploads\\\/2017\\\/12\\\/inox-logo-retina.jpg\",\"width\":300,\"height\":269,\"caption\":\"InoxTanks\"},\"image\":{\"@id\":\"https:\\\/\\\/inoxtanks.eu\\\/#\\\/schema\\\/logo\\\/image\\\/\"}}]}<\/script>\n<!-- \/ Yoast SEO plugin. -->","yoast_head_json":{"title":"Kontakt - Inox Tanks","robots":{"index":"index","follow":"follow","max-snippet":"max-snippet:-1","max-image-preview":"max-image-preview:large","max-video-preview":"max-video-preview:-1"},"canonical":"https:\/\/inoxtanks.eu\/kontakt\/","og_locale":"sk_SK","og_type":"article","og_title":"Kontakt - Inox Tanks","og_description":"[vc_row bg_color=&#8220;#ffffff&#8220; top_padding=&#8220;60&#8243; bottom_padding=&#8220;60&#8243; bg_position=&#8220;left top&#8220;][vc_column width=&#8220;1\/4&#8243;][vc_column_text]Na v\u0161etky ot\u00e1zky t\u00fdkaj\u00face sa ponuky a objedn\u00e1vok odpovie: S\u0142awomir \u015awie\u017cak tel.: +48 693 860 412 mail: biuro@inoxtanks.eu[\/vc_column_text][vc_column_text]GABINET Sp. z o.o. Sp.k. DI\u010c: 7811980734 ul.Olecka 24\/1 60-458 Pozna\u0144 Polska (Poland)[\/vc_column_text][\/vc_column][vc_column width=&#8220;3\/4&#8243;][\/vc_column][\/vc_row]","og_url":"https:\/\/inoxtanks.eu\/kontakt\/","og_site_name":"Inox Tanks","article_modified_time":"2026-04-16T16:54:16+00:00","twitter_card":"summary_large_image","twitter_misc":{"Predpokladan\u00fd \u010das \u010d\u00edtania":"1 min\u00fata"},"schema":{"@context":"https:\/\/schema.org","@graph":[{"@type":"WebPage","@id":"https:\/\/inoxtanks.eu\/kontakt\/","url":"https:\/\/inoxtanks.eu\/kontakt\/","name":"Kontakt - Inox Tanks","isPartOf":{"@id":"https:\/\/inoxtanks.eu\/#website"},"datePublished":"2018-03-19T15:42:05+00:00","dateModified":"2026-04-16T16:54:16+00:00","breadcrumb":{"@id":"https:\/\/inoxtanks.eu\/kontakt\/#breadcrumb"},"inLanguage":"sk-SK","potentialAction":[{"@type":"ReadAction","target":["https:\/\/inoxtanks.eu\/kontakt\/"]}]},{"@type":"BreadcrumbList","@id":"https:\/\/inoxtanks.eu\/kontakt\/#breadcrumb","itemListElement":[{"@type":"ListItem","position":1,"name":"Strona g\u0142\u00f3wna","item":"https:\/\/inoxtanks.eu\/"},{"@type":"ListItem","position":2,"name":"Kontakt"}]},{"@type":"WebSite","@id":"https:\/\/inoxtanks.eu\/#website","url":"https:\/\/inoxtanks.eu\/","name":"Inox Tanks","description":"","publisher":{"@id":"https:\/\/inoxtanks.eu\/#organization"},"potentialAction":[{"@type":"SearchAction","target":{"@type":"EntryPoint","urlTemplate":"https:\/\/inoxtanks.eu\/?s={search_term_string}"},"query-input":{"@type":"PropertyValueSpecification","valueRequired":true,"valueName":"search_term_string"}}],"inLanguage":"sk-SK"},{"@type":"Organization","@id":"https:\/\/inoxtanks.eu\/#organization","name":"InoxTanks","url":"https:\/\/inoxtanks.eu\/","logo":{"@type":"ImageObject","inLanguage":"sk-SK","@id":"https:\/\/inoxtanks.eu\/#\/schema\/logo\/image\/","url":"https:\/\/inoxtanks.eu\/wp-content\/uploads\/2017\/12\/inox-logo-retina.jpg","contentUrl":"https:\/\/inoxtanks.eu\/wp-content\/uploads\/2017\/12\/inox-logo-retina.jpg","width":300,"height":269,"caption":"InoxTanks"},"image":{"@id":"https:\/\/inoxtanks.eu\/#\/schema\/logo\/image\/"}}]}},"_links":{"self":[{"href":"https:\/\/inoxtanks.eu\/sk\/wp-json\/wp\/v2\/pages\/15809","targetHints":{"allow":["GET"]}}],"collection":[{"href":"https:\/\/inoxtanks.eu\/sk\/wp-json\/wp\/v2\/pages"}],"about":[{"href":"https:\/\/inoxtanks.eu\/sk\/wp-json\/wp\/v2\/types\/page"}],"author":[{"embeddable":true,"href":"https:\/\/inoxtanks.eu\/sk\/wp-json\/wp\/v2\/users\/1"}],"replies":[{"embeddable":true,"href":"https:\/\/inoxtanks.eu\/sk\/wp-json\/wp\/v2\/comments?post=15809"}],"version-history":[{"count":1,"href":"https:\/\/inoxtanks.eu\/sk\/wp-json\/wp\/v2\/pages\/15809\/revisions"}],"predecessor-version":[{"id":24714,"href":"https:\/\/inoxtanks.eu\/sk\/wp-json\/wp\/v2\/pages\/15809\/revisions\/24714"}],"wp:attachment":[{"href":"https:\/\/inoxtanks.eu\/sk\/wp-json\/wp\/v2\/media?parent=15809"}],"curies":[{"name":"wp","href":"https:\/\/api.w.org\/{rel}","templated":true}]}}