{"id":15813,"date":"2018-03-19T15:43:28","date_gmt":"2018-03-19T15:43:28","guid":{"rendered":"http:\/\/inoxtanks.eu\/?page_id=15813"},"modified":"2018-03-19T15:43:36","modified_gmt":"2018-03-19T15:43:36","slug":"nakup","status":"publish","type":"page","link":"https:\/\/inoxtanks.eu\/sk\/nakup\/","title":{"rendered":"N\u00e1kup"},"content":{"rendered":"<div class=\"wpb-content-wrapper\"><p>[vc_row top_padding=&#8220;40&#8243; bottom_padding=&#8220;60&#8243; bg_position=&#8220;left top&#8220;][vc_column width=&#8220;1\/2&#8243;]<h1 class=\"headline font-inherit fontsize-m fontweight-700 lh-inherit align-left transform-inherit \" style=\"margin: 0 0 20px 0;\">Predajte n\u00e1m svoju n\u00e1dr\u017e!<\/h1>[vc_column_text]\u00c1no, m\u00e1me z\u00e1ujem o k\u00fapu va\u0161ej n\u00e1dr\u017ee. Najprv by sme v\u0161ak chceli ohodnoti\u0165 jej stav a zozn\u00e1mi\u0165 sa so \u0161pecifik\u00e1ciou.<\/p>\n<p>S t\u00fdmto cie\u013eom m\u00f4\u017eete vyplni\u0165 formul\u00e1r, ktor\u00fd sa nach\u00e1dza ved\u013ea, alebo jednoducho zasla\u0165 inform\u00e1ciu s fotografiami na <a href=\"mailto:biuro@inoxtanks.eu\">biuro@inoxtanks.eu.<\/a>[\/vc_column_text]<div class=\"single_image wpb_content_element align-left   image_zoom \" data-animation=\"none\" data-delay=\"0\"><img loading=\"lazy\" decoding=\"async\" width=\"600\" height=\"400\" src=\"https:\/\/inoxtanks.eu\/wp-content\/uploads\/2017\/12\/skup2.jpg\" class=\"attachment-full\" alt=\"\" title=\"skup2\" srcset=\"https:\/\/inoxtanks.eu\/wp-content\/uploads\/2017\/12\/skup2.jpg 600w, https:\/\/inoxtanks.eu\/wp-content\/uploads\/2017\/12\/skup2-300x200.jpg 300w\" sizes=\"auto, (max-width: 600px) 100vw, 600px\" \/><\/div>[\/vc_column][vc_column width=&#8220;1\/2&#8243;]\n<div class=\"wpcf7 no-js\" id=\"wpcf7-f15808-o1\" lang=\"en-US\" dir=\"ltr\" data-wpcf7-id=\"15808\">\n<div class=\"screen-reader-response\"><p role=\"status\" aria-live=\"polite\" aria-atomic=\"true\"><\/p> <ul><\/ul><\/div>\n<form action=\"\/sk\/wp-json\/wp\/v2\/pages\/15813#wpcf7-f15808-o1\" method=\"post\" class=\"wpcf7-form init\" aria-label=\"Contact form\" enctype=\"multipart\/form-data\" novalidate=\"novalidate\" data-status=\"init\">\n<fieldset class=\"hidden-fields-container\"><input type=\"hidden\" name=\"_wpcf7\" value=\"15808\" \/><input type=\"hidden\" name=\"_wpcf7_version\" value=\"6.1.5\" \/><input type=\"hidden\" name=\"_wpcf7_locale\" value=\"en_US\" \/><input type=\"hidden\" name=\"_wpcf7_unit_tag\" value=\"wpcf7-f15808-o1\" \/><input type=\"hidden\" name=\"_wpcf7_container_post\" value=\"0\" \/><input type=\"hidden\" name=\"_wpcf7_posted_data_hash\" value=\"\" \/><input type=\"hidden\" name=\"_wpcf7_recaptcha_response\" value=\"\" \/>\n<\/fieldset>\n<div>\n\t<p>N\u00e1zov subjektu:\n\t<\/p>\n\t<p><span class=\"wpcf7-form-control-wrap\" data-name=\"your-name\"><input size=\"40\" maxlength=\"400\" class=\"wpcf7-form-control wpcf7-text wpcf7-validates-as-required\" aria-required=\"true\" aria-invalid=\"false\" value=\"\" type=\"text\" name=\"your-name\" \/><\/span>\n\t<\/p>\n\t<p>E-mailov\u00e1 adresa:\n\t<\/p>\n\t<p><span class=\"wpcf7-form-control-wrap\" data-name=\"your-email\"><input size=\"40\" maxlength=\"400\" class=\"wpcf7-form-control wpcf7-email wpcf7-validates-as-required wpcf7-text wpcf7-validates-as-email\" aria-required=\"true\" aria-invalid=\"false\" value=\"\" type=\"email\" name=\"your-email\" \/><\/span>\n\t<\/p>\n\t<p>\u010c\u00edslo telef\u00f3nu:\n\t<\/p>\n\t<p><span class=\"wpcf7-form-control-wrap\" data-name=\"phone\"><input size=\"40\" maxlength=\"400\" class=\"wpcf7-form-control wpcf7-text wpcf7-validates-as-required\" aria-required=\"true\" aria-invalid=\"false\" value=\"\" type=\"text\" name=\"phone\" \/><\/span>\n\t<\/p>\n\t<p>Mesto:\n\t<\/p>\n\t<p><span class=\"wpcf7-form-control-wrap\" data-name=\"city\"><input size=\"40\" maxlength=\"400\" class=\"wpcf7-form-control wpcf7-text wpcf7-validates-as-required\" aria-required=\"true\" aria-invalid=\"false\" value=\"\" type=\"text\" name=\"city\" \/><\/span>\n\t<\/p>\n<\/div>\n<div>\n\t<p>Kr\u00e1tky opis stavu a vybavenia n\u00e1dr\u017ee:\n\t<\/p>\n\t<p><span class=\"wpcf7-form-control-wrap\" data-name=\"your-message\"><textarea cols=\"40\" rows=\"10\" maxlength=\"2000\" class=\"wpcf7-form-control wpcf7-textarea\" aria-invalid=\"false\" name=\"your-message\"><\/textarea><\/span>\n\t<\/p>\n\t<p>Fotografie:\n\t<\/p>\n\t<p><span class=\"wpcf7-form-control-wrap\" data-name=\"file-195\"><input size=\"40\" class=\"wpcf7-form-control wpcf7-file\" accept=\"audio\/*,video\/*,image\/*\" aria-invalid=\"false\" type=\"file\" name=\"file-195\" \/><\/span>\n\t<\/p>\n<\/div>\n<div>\n\t<p>Po\u010det:\n\t<\/p>\n\t<p><span class=\"wpcf7-form-control-wrap\" data-name=\"ilosc\"><input size=\"40\" maxlength=\"400\" class=\"wpcf7-form-control wpcf7-text\" aria-invalid=\"false\" value=\"\" type=\"text\" name=\"ilosc\" \/><\/span>\n\t<\/p>\n\t<p>Objem:\n\t<\/p>\n\t<p><span class=\"wpcf7-form-control-wrap\" data-name=\"pojemnosc\"><input size=\"40\" maxlength=\"400\" class=\"wpcf7-form-control wpcf7-text\" aria-invalid=\"false\" value=\"\" type=\"text\" name=\"pojemnosc\" \/><\/span>\n\t<\/p>\n\t<p>Materi\u00e1l:\n\t<\/p>\n\t<p><span class=\"wpcf7-form-control-wrap\" data-name=\"material\"><input size=\"40\" maxlength=\"400\" class=\"wpcf7-form-control wpcf7-text\" aria-invalid=\"false\" value=\"\" type=\"text\" name=\"material\" \/><\/span>\n\t<\/p>\n\t<p>Rok v\u00fdroby:\n\t<\/p>\n\t<p><span class=\"wpcf7-form-control-wrap\" data-name=\"rok\"><input size=\"40\" maxlength=\"400\" class=\"wpcf7-form-control wpcf7-text\" aria-invalid=\"false\" value=\"\" type=\"text\" name=\"rok\" \/><\/span>\n\t<\/p>\n<\/div>\n<p><input class=\"wpcf7-form-control wpcf7-submit has-spinner\" type=\"submit\" value=\"odosla\u0165\" \/>\n<\/p><div class=\"wpcf7-response-output\" aria-hidden=\"true\"><\/div>\n<\/form>\n<\/div>\n[\/vc_column][\/vc_row]<\/p>\n<\/div>","protected":false},"excerpt":{"rendered":"<p>[vc_row top_padding=&#8220;40&#8243; bottom_padding=&#8220;60&#8243; bg_position=&#8220;left top&#8220;][vc_column width=&#8220;1\/2&#8243;][vc_column_text]\u00c1no, m\u00e1me z\u00e1ujem o k\u00fapu va\u0161ej n\u00e1dr\u017ee. Najprv by sme v\u0161ak chceli ohodnoti\u0165 jej stav a zozn\u00e1mi\u0165 sa so \u0161pecifik\u00e1ciou. S t\u00fdmto cie\u013eom m\u00f4\u017eete vyplni\u0165 formul\u00e1r, ktor\u00fd sa nach\u00e1dza ved\u013ea, alebo jednoducho zasla\u0165 inform\u00e1ciu s fotografiami na biuro@inoxtanks.eu.[\/vc_column_text][\/vc_column][vc_column width=&#8220;1\/2&#8243;][\/vc_column][\/vc_row]<\/p>\n","protected":false},"author":1,"featured_media":0,"parent":0,"menu_order":0,"comment_status":"open","ping_status":"closed","template":"","meta":{"footnotes":""},"class_list":["post-15813","page","type-page","status-publish","hentry"],"yoast_head":"<!-- This site is optimized with the Yoast SEO plugin v27.4 - https:\/\/yoast.com\/product\/yoast-seo-wordpress\/ -->\n<title>N\u00e1kup - Inox Tanks<\/title>\n<meta name=\"robots\" content=\"index, follow, max-snippet:-1, max-image-preview:large, max-video-preview:-1\" \/>\n<link rel=\"canonical\" href=\"https:\/\/inoxtanks.eu\/skup\/\" \/>\n<meta property=\"og:locale\" content=\"sk_SK\" \/>\n<meta property=\"og:type\" content=\"article\" \/>\n<meta property=\"og:title\" content=\"N\u00e1kup - Inox Tanks\" \/>\n<meta property=\"og:description\" content=\"[vc_row top_padding=&#8220;40&#8243; bottom_padding=&#8220;60&#8243; bg_position=&#8220;left top&#8220;][vc_column width=&#8220;1\/2&#8243;][vc_column_text]\u00c1no, m\u00e1me z\u00e1ujem o k\u00fapu va\u0161ej n\u00e1dr\u017ee. Najprv by sme v\u0161ak chceli ohodnoti\u0165 jej stav a zozn\u00e1mi\u0165 sa so \u0161pecifik\u00e1ciou. S t\u00fdmto cie\u013eom m\u00f4\u017eete vyplni\u0165 formul\u00e1r, ktor\u00fd sa nach\u00e1dza ved\u013ea, alebo jednoducho zasla\u0165 inform\u00e1ciu s fotografiami na biuro@inoxtanks.eu.[\/vc_column_text][\/vc_column][vc_column width=&#8220;1\/2&#8243;][\/vc_column][\/vc_row]\" \/>\n<meta property=\"og:url\" content=\"https:\/\/inoxtanks.eu\/skup\/\" \/>\n<meta property=\"og:site_name\" content=\"Inox Tanks\" \/>\n<meta property=\"article:modified_time\" content=\"2018-03-19T15:43:36+00:00\" \/>\n<meta name=\"twitter:card\" content=\"summary_large_image\" \/>\n<meta name=\"twitter:label1\" content=\"Predpokladan\u00fd \u010das \u010d\u00edtania\" \/>\n\t<meta name=\"twitter:data1\" content=\"1 min\u00fata\" \/>\n<script type=\"application\/ld+json\" class=\"yoast-schema-graph\">{\"@context\":\"https:\\\/\\\/schema.org\",\"@graph\":[{\"@type\":\"WebPage\",\"@id\":\"https:\\\/\\\/inoxtanks.eu\\\/skup\\\/\",\"url\":\"https:\\\/\\\/inoxtanks.eu\\\/skup\\\/\",\"name\":\"N\u00e1kup - Inox Tanks\",\"isPartOf\":{\"@id\":\"https:\\\/\\\/inoxtanks.eu\\\/#website\"},\"datePublished\":\"2018-03-19T15:43:28+00:00\",\"dateModified\":\"2018-03-19T15:43:36+00:00\",\"breadcrumb\":{\"@id\":\"https:\\\/\\\/inoxtanks.eu\\\/skup\\\/#breadcrumb\"},\"inLanguage\":\"sk-SK\",\"potentialAction\":[{\"@type\":\"ReadAction\",\"target\":[\"https:\\\/\\\/inoxtanks.eu\\\/skup\\\/\"]}]},{\"@type\":\"BreadcrumbList\",\"@id\":\"https:\\\/\\\/inoxtanks.eu\\\/skup\\\/#breadcrumb\",\"itemListElement\":[{\"@type\":\"ListItem\",\"position\":1,\"name\":\"Strona g\u0142\u00f3wna\",\"item\":\"https:\\\/\\\/inoxtanks.eu\\\/\"},{\"@type\":\"ListItem\",\"position\":2,\"name\":\"N\u00e1kup\"}]},{\"@type\":\"WebSite\",\"@id\":\"https:\\\/\\\/inoxtanks.eu\\\/#website\",\"url\":\"https:\\\/\\\/inoxtanks.eu\\\/\",\"name\":\"Inox Tanks\",\"description\":\"\",\"publisher\":{\"@id\":\"https:\\\/\\\/inoxtanks.eu\\\/#organization\"},\"potentialAction\":[{\"@type\":\"SearchAction\",\"target\":{\"@type\":\"EntryPoint\",\"urlTemplate\":\"https:\\\/\\\/inoxtanks.eu\\\/?s={search_term_string}\"},\"query-input\":{\"@type\":\"PropertyValueSpecification\",\"valueRequired\":true,\"valueName\":\"search_term_string\"}}],\"inLanguage\":\"sk-SK\"},{\"@type\":\"Organization\",\"@id\":\"https:\\\/\\\/inoxtanks.eu\\\/#organization\",\"name\":\"InoxTanks\",\"url\":\"https:\\\/\\\/inoxtanks.eu\\\/\",\"logo\":{\"@type\":\"ImageObject\",\"inLanguage\":\"sk-SK\",\"@id\":\"https:\\\/\\\/inoxtanks.eu\\\/#\\\/schema\\\/logo\\\/image\\\/\",\"url\":\"https:\\\/\\\/inoxtanks.eu\\\/wp-content\\\/uploads\\\/2017\\\/12\\\/inox-logo-retina.jpg\",\"contentUrl\":\"https:\\\/\\\/inoxtanks.eu\\\/wp-content\\\/uploads\\\/2017\\\/12\\\/inox-logo-retina.jpg\",\"width\":300,\"height\":269,\"caption\":\"InoxTanks\"},\"image\":{\"@id\":\"https:\\\/\\\/inoxtanks.eu\\\/#\\\/schema\\\/logo\\\/image\\\/\"}}]}<\/script>\n<!-- \/ Yoast SEO plugin. -->","yoast_head_json":{"title":"N\u00e1kup - Inox Tanks","robots":{"index":"index","follow":"follow","max-snippet":"max-snippet:-1","max-image-preview":"max-image-preview:large","max-video-preview":"max-video-preview:-1"},"canonical":"https:\/\/inoxtanks.eu\/skup\/","og_locale":"sk_SK","og_type":"article","og_title":"N\u00e1kup - Inox Tanks","og_description":"[vc_row top_padding=&#8220;40&#8243; bottom_padding=&#8220;60&#8243; bg_position=&#8220;left top&#8220;][vc_column width=&#8220;1\/2&#8243;][vc_column_text]\u00c1no, m\u00e1me z\u00e1ujem o k\u00fapu va\u0161ej n\u00e1dr\u017ee. Najprv by sme v\u0161ak chceli ohodnoti\u0165 jej stav a zozn\u00e1mi\u0165 sa so \u0161pecifik\u00e1ciou. S t\u00fdmto cie\u013eom m\u00f4\u017eete vyplni\u0165 formul\u00e1r, ktor\u00fd sa nach\u00e1dza ved\u013ea, alebo jednoducho zasla\u0165 inform\u00e1ciu s fotografiami na biuro@inoxtanks.eu.[\/vc_column_text][\/vc_column][vc_column width=&#8220;1\/2&#8243;][\/vc_column][\/vc_row]","og_url":"https:\/\/inoxtanks.eu\/skup\/","og_site_name":"Inox Tanks","article_modified_time":"2018-03-19T15:43:36+00:00","twitter_card":"summary_large_image","twitter_misc":{"Predpokladan\u00fd \u010das \u010d\u00edtania":"1 min\u00fata"},"schema":{"@context":"https:\/\/schema.org","@graph":[{"@type":"WebPage","@id":"https:\/\/inoxtanks.eu\/skup\/","url":"https:\/\/inoxtanks.eu\/skup\/","name":"N\u00e1kup - Inox Tanks","isPartOf":{"@id":"https:\/\/inoxtanks.eu\/#website"},"datePublished":"2018-03-19T15:43:28+00:00","dateModified":"2018-03-19T15:43:36+00:00","breadcrumb":{"@id":"https:\/\/inoxtanks.eu\/skup\/#breadcrumb"},"inLanguage":"sk-SK","potentialAction":[{"@type":"ReadAction","target":["https:\/\/inoxtanks.eu\/skup\/"]}]},{"@type":"BreadcrumbList","@id":"https:\/\/inoxtanks.eu\/skup\/#breadcrumb","itemListElement":[{"@type":"ListItem","position":1,"name":"Strona g\u0142\u00f3wna","item":"https:\/\/inoxtanks.eu\/"},{"@type":"ListItem","position":2,"name":"N\u00e1kup"}]},{"@type":"WebSite","@id":"https:\/\/inoxtanks.eu\/#website","url":"https:\/\/inoxtanks.eu\/","name":"Inox Tanks","description":"","publisher":{"@id":"https:\/\/inoxtanks.eu\/#organization"},"potentialAction":[{"@type":"SearchAction","target":{"@type":"EntryPoint","urlTemplate":"https:\/\/inoxtanks.eu\/?s={search_term_string}"},"query-input":{"@type":"PropertyValueSpecification","valueRequired":true,"valueName":"search_term_string"}}],"inLanguage":"sk-SK"},{"@type":"Organization","@id":"https:\/\/inoxtanks.eu\/#organization","name":"InoxTanks","url":"https:\/\/inoxtanks.eu\/","logo":{"@type":"ImageObject","inLanguage":"sk-SK","@id":"https:\/\/inoxtanks.eu\/#\/schema\/logo\/image\/","url":"https:\/\/inoxtanks.eu\/wp-content\/uploads\/2017\/12\/inox-logo-retina.jpg","contentUrl":"https:\/\/inoxtanks.eu\/wp-content\/uploads\/2017\/12\/inox-logo-retina.jpg","width":300,"height":269,"caption":"InoxTanks"},"image":{"@id":"https:\/\/inoxtanks.eu\/#\/schema\/logo\/image\/"}}]}},"_links":{"self":[{"href":"https:\/\/inoxtanks.eu\/sk\/wp-json\/wp\/v2\/pages\/15813","targetHints":{"allow":["GET"]}}],"collection":[{"href":"https:\/\/inoxtanks.eu\/sk\/wp-json\/wp\/v2\/pages"}],"about":[{"href":"https:\/\/inoxtanks.eu\/sk\/wp-json\/wp\/v2\/types\/page"}],"author":[{"embeddable":true,"href":"https:\/\/inoxtanks.eu\/sk\/wp-json\/wp\/v2\/users\/1"}],"replies":[{"embeddable":true,"href":"https:\/\/inoxtanks.eu\/sk\/wp-json\/wp\/v2\/comments?post=15813"}],"version-history":[{"count":0,"href":"https:\/\/inoxtanks.eu\/sk\/wp-json\/wp\/v2\/pages\/15813\/revisions"}],"wp:attachment":[{"href":"https:\/\/inoxtanks.eu\/sk\/wp-json\/wp\/v2\/media?parent=15813"}],"curies":[{"name":"wp","href":"https:\/\/api.w.org\/{rel}","templated":true}]}}