{"id":15816,"date":"2018-03-19T15:46:20","date_gmt":"2018-03-19T15:46:20","guid":{"rendered":"http:\/\/inoxtanks.eu\/?page_id=15816"},"modified":"2026-04-16T16:55:42","modified_gmt":"2026-04-16T16:55:42","slug":"pouzite","status":"publish","type":"page","link":"https:\/\/inoxtanks.eu\/sk\/pouzite\/","title":{"rendered":"Pou\u017eit\u00e9"},"content":{"rendered":"<div class=\"wpb-content-wrapper\"><p>[vc_row bg_image=&#8220;15358&#8243; text_color=&#8220;light&#8220; top_padding=&#8220;140&#8243; bottom_padding=&#8220;140&#8243; bg_position=&#8220;center center&#8220;][vc_column text_align=&#8220;center&#8220; width=&#8220;1\/1&#8243;]<h1 class=\"headline font-inherit fontsize-xxxl fontweight-700 lh-12 align-center transform-inherit \" style=\"margin: 0 0 20px 0;\">Takmer 1 500 produktov v katal\u00f3gu! <\/h1><h4 class=\"headline font-inherit fontsize-m fontweight-700 lh-12 align-center transform-inherit \" style=\"margin: 0 0 20px 0;\">Ka\u017edodenn\u00e9 aktualizovanie skladov\u00fdch stavov.<\/h4>[vc_row_inner][vc_column_inner width=&#8220;1\/3&#8243; css=&#8220;.vc_custom_1517844469399{margin-top: 20px !important;}&#8220;]<a href=\"https:\/\/www.behaelter-kg.de\/en\/pdfservice\/generate\/getcurrentcatalog\/lang\/en_US\/\" target=\"_blank\" class=\"button color-8 large \" style=\"border-radius: 2px;\">OTVORI\u0164 KATAL\u00d3G V .PDF (EN)<\/a>[\/vc_column_inner][vc_column_inner width=&#8220;1\/3&#8243; css=&#8220;.vc_custom_1514655730067{margin-top: 20px !important;}&#8220;]<a href=\"https:\/\/www.behaelter-kg.de\/de\/pdfservice\/generate\/getcurrentcatalog\/lang\/de_DE\/\" target=\"_blank\" class=\"button color-8 large \" style=\"border-radius: 2px;\">OTVORI\u0164 KATAL\u00d3G V .PDF (DE)<\/a>[\/vc_column_inner][vc_column_inner width=&#8220;1\/3&#8243; css=&#8220;.vc_custom_1514655735489{margin-top: 20px !important;}&#8220;]<a href=\"https:\/\/www.behaelter-kg.de\/en\/available-from-stock\/stainless-steel-tanks.html\" target=\"_blank\" class=\"button color-8 large \" style=\"border-radius: 2px;\">PREZRIE\u0164 SI KATAL\u00d3G ONLINE<\/a>[\/vc_column_inner][\/vc_row_inner][\/vc_column][\/vc_row][vc_row top_padding=&#8220;40&#8243; bg_position=&#8220;left top&#8220;][vc_column width=&#8220;1\/2&#8243;][vc_column_text]<\/p>\n<h6>PREDAJ PRIAMO ZO SKLADU<\/h6>\n<p>\u0160irok\u00fd v\u00fdber na\u0161ich produktov znamen\u00e1, \u017ee ur\u010dite n\u00e1jdete to, \u010do bude zodpoveda\u0165 va\u0161im potreb\u00e1m. M\u00f4\u017eu to by\u0165 nielen n\u00e1dr\u017ee, ale aj pr\u00edslu\u0161enstvo, ako s\u00fa mie\u0161acie zariadenia alebo \u010derpadl\u00e1.<\/p>\n<div id=\"c9oFOO7JXjSuc\"><\/div>\n<p>Pam\u00e4tajte, \u017ee ve\u013ea v\u00fdrobkov je dostupn\u00fdch priamo zo skladu. Pros\u00edme teda o telef\u00f3nne \u010d\u00edslo alebo e-mailov\u00fd kontakt kv\u00f4li rezerv\u00e1cii produktu a stanoveniu sp\u00f4sobu prevzatia alebo odoslania.[\/vc_column_text][\/vc_column][vc_column width=&#8220;1\/2&#8243;][vc_column_text]<\/p>\n<h6>ODOVZDANIE A DOD\u00c1VKA<\/h6>\n<p>K\u00fapen\u00e9 n\u00e1dr\u017ee a vybavenie je mo\u017en\u00e9 prevzia\u0165 osobne alebo vyu\u017ei\u0165 na\u0161e sprostredkovanie. Pon\u00fakame pozemn\u00fa a \u017eelezni\u010dn\u00fa dopravu, ale aj dopravu vn\u00fatrozemskou plavbou. Sp\u00f4sob vol\u00edme v z\u00e1vislosti od ve\u013ekosti n\u00e1dr\u017ee a polohy cie\u013ea.<\/p>\n<p>Pam\u00e4tajte, \u017ee tovar s hmotnos\u0165ou nad 15 ton, d\u013a\u017ekou nad 16,5 m, \u0161\u00edrkou nad 2,55 m a v\u00fd\u0161kou nad 4 m bude vy\u017eadova\u0165 zvl\u00e1\u0161tne povolenie, \u010do m\u00f4\u017ee pred\u013a\u017ei\u0165 proces dod\u00e1vky.<br \/>\n[\/vc_column_text][\/vc_column][\/vc_row][vc_row type=&#8220;full_width_section&#8220;][vc_column width=&#8220;1\/1&#8243;]<div class=\"divider divider1\" style='margin:40px 0 40px 0 !important;'><\/div><h5 class=\"headline font-inherit fontsize-l fontweight-700 lh-inherit align-center transform-inherit \" style=\"margin: 0 0 20px 0;\">Objedna\u0165 n\u00e1dr\u017e alebo pr\u00edslu\u0161enstvo:<\/h5><h5 class=\"headline font-inherit fontsize-l fontweight-inherit lh-12 align-center transform-inherit \" style=\"margin: 0 0 20px 0;\">tel. : +48 693 860 412<br \/>\nmail: biuro@inoxtanks.eu<\/h5><div class=\"divider divider1\" style='margin:40px 0 40px 0 !important;'><\/div>[\/vc_column][\/vc_row]<\/p>\n<\/div>","protected":false},"excerpt":{"rendered":"<p>[vc_row bg_image=&#8220;15358&#8243; text_color=&#8220;light&#8220; top_padding=&#8220;140&#8243; bottom_padding=&#8220;140&#8243; bg_position=&#8220;center center&#8220;][vc_column text_align=&#8220;center&#8220; width=&#8220;1\/1&#8243;][vc_row_inner][vc_column_inner width=&#8220;1\/3&#8243; css=&#8220;.vc_custom_1517844469399{margin-top: 20px !important;}&#8220;][\/vc_column_inner][vc_column_inner width=&#8220;1\/3&#8243; css=&#8220;.vc_custom_1514655730067{margin-top: 20px !important;}&#8220;][\/vc_column_inner][vc_column_inner width=&#8220;1\/3&#8243; css=&#8220;.vc_custom_1514655735489{margin-top: 20px !important;}&#8220;][\/vc_column_inner][\/vc_row_inner][\/vc_column][\/vc_row][vc_row top_padding=&#8220;40&#8243; bg_position=&#8220;left top&#8220;][vc_column width=&#8220;1\/2&#8243;][vc_column_text] PREDAJ PRIAMO ZO SKLADU \u0160irok\u00fd v\u00fdber na\u0161ich produktov znamen\u00e1, \u017ee ur\u010dite n\u00e1jdete to, \u010do bude zodpoveda\u0165 va\u0161im potreb\u00e1m. M\u00f4\u017eu to by\u0165 nielen n\u00e1dr\u017ee, ale aj pr\u00edslu\u0161enstvo, ako s\u00fa mie\u0161acie zariadenia alebo \u010derpadl\u00e1. Pam\u00e4tajte, \u017ee ve\u013ea v\u00fdrobkov je dostupn\u00fdch priamo zo skladu. Pros\u00edme teda o telef\u00f3nne \u010d\u00edslo alebo e-mailov\u00fd kontakt kv\u00f4li rezerv\u00e1cii produktu a stanoveniu sp\u00f4sobu prevzatia alebo odoslania.[\/vc_column_text][\/vc_column][vc_column width=&#8220;1\/2&#8243;][vc_column_text] ODOVZDANIE A DOD\u00c1VKA K\u00fapen\u00e9 n\u00e1dr\u017ee a vybavenie je mo\u017en\u00e9 prevzia\u0165 osobne alebo vyu\u017ei\u0165 na\u0161e sprostredkovanie. Pon\u00fakame pozemn\u00fa a \u017eelezni\u010dn\u00fa dopravu, ale aj dopravu vn\u00fatrozemskou plavbou. Sp\u00f4sob vol\u00edme v z\u00e1vislosti od ve\u013ekosti n\u00e1dr\u017ee a polohy cie\u013ea. Pam\u00e4tajte, \u017ee tovar s hmotnos\u0165ou nad 15 ton, d\u013a\u017ekou nad 16,5 m, \u0161\u00edrkou nad 2,55 m a v\u00fd\u0161kou nad 4 m bude vy\u017eadova\u0165 zvl\u00e1\u0161tne povolenie, \u010do m\u00f4\u017ee pred\u013a\u017ei\u0165 proces dod\u00e1vky. [\/vc_column_text][\/vc_column][\/vc_row][vc_row type=&#8220;full_width_section&#8220;][vc_column width=&#8220;1\/1&#8243;][\/vc_column][\/vc_row]<\/p>\n","protected":false},"author":1,"featured_media":0,"parent":0,"menu_order":0,"comment_status":"open","ping_status":"closed","template":"","meta":[],"_links":{"self":[{"href":"https:\/\/inoxtanks.eu\/sk\/wp-json\/wp\/v2\/pages\/15816"}],"collection":[{"href":"https:\/\/inoxtanks.eu\/sk\/wp-json\/wp\/v2\/pages"}],"about":[{"href":"https:\/\/inoxtanks.eu\/sk\/wp-json\/wp\/v2\/types\/page"}],"author":[{"embeddable":true,"href":"https:\/\/inoxtanks.eu\/sk\/wp-json\/wp\/v2\/users\/1"}],"replies":[{"embeddable":true,"href":"https:\/\/inoxtanks.eu\/sk\/wp-json\/wp\/v2\/comments?post=15816"}],"version-history":[{"count":1,"href":"https:\/\/inoxtanks.eu\/sk\/wp-json\/wp\/v2\/pages\/15816\/revisions"}],"predecessor-version":[{"id":24721,"href":"https:\/\/inoxtanks.eu\/sk\/wp-json\/wp\/v2\/pages\/15816\/revisions\/24721"}],"wp:attachment":[{"href":"https:\/\/inoxtanks.eu\/sk\/wp-json\/wp\/v2\/media?parent=15816"}],"curies":[{"name":"wp","href":"https:\/\/api.w.org\/{rel}","templated":true}]}}