{"id":15819,"date":"2018-03-19T15:48:01","date_gmt":"2018-03-19T15:48:01","guid":{"rendered":"http:\/\/inoxtanks.eu\/?page_id=15819"},"modified":"2026-04-16T16:55:31","modified_gmt":"2026-04-16T16:55:31","slug":"o-nas","status":"publish","type":"page","link":"https:\/\/inoxtanks.eu\/sk\/o-nas\/","title":{"rendered":"O n\u00e1s"},"content":{"rendered":"<div class=\"wpb-content-wrapper\"><p>[vc_row type=&#8220;full_width_section&#8220; bg_image=&#8220;15350&#8243; text_color=&#8220;light&#8220; top_padding=&#8220;200&#8243; bottom_padding=&#8220;200&#8243; bg_position=&#8220;center center&#8220;][vc_column width=&#8220;1\/1&#8243;][\/vc_column][\/vc_row][vc_row top_padding=&#8220;40&#8243; bg_position=&#8220;left top&#8220;][vc_column width=&#8220;1\/3&#8243;][vc_column_text]<\/p>\n<h6>Z\u00c1STUPCA BEHAELTER KG<\/h6>\n<p>InoxTanks je ofici\u00e1lny distrib\u00fator zna\u010dky Behaelter KG pre Po\u013esko, \u010cesko, Slovensko, Ma\u010farsko a Rumunsko. Reprezentujeme jedn\u00e9ho z najv\u00e4\u010d\u0161\u00edch predajcov n\u00e1dr\u017e\u00ed z nehrdzavej\u00facej ocele v Eur\u00f3pe. Firmu, ktor\u00e1 u\u017e viac ne\u017e 50 rokov buduje svoju poz\u00edciu v odvetv\u00ed. V\u010faka nadviazaniu spolupr\u00e1ce m\u00f4\u017ee InoxTanks pon\u00faknu\u0165 pln\u00fa produktov\u00fa \u0161k\u00e1lu aj pre z\u00e1kazn\u00edkov z n\u00e1\u0161ho \u0161t\u00e1tu.[\/vc_column_text][\/vc_column][vc_column width=&#8220;1\/3&#8243;][vc_column_text]<\/p>\n<h6>OBROVSK\u00c1 PONUKA<\/h6>\n<p>Takmer 1 500 n\u00e1dr\u017e\u00ed a s\u00fa\u010dast\u00ed vybavenia dostupn\u00fdch naj\u010dastej\u0161ie okam\u017eite. Pou\u017eit\u00e9 i nov\u00e9 v\u00fdrobky, r\u00f4zne pou\u017eitia, litr\u00e1\u017ee a rozmery. Pr\u00e1ve to je pr\u00ednosom kooper\u00e1cie medzi Behaelter KG a InoxTanks. Celok prezentujeme formou katal\u00f3gu, ktor\u00fd je ka\u017ed\u00fd de\u0148 aktualizovan\u00fd, lebo chceme zaisti\u0165 komplexn\u00fa aktu\u00e1lnos\u0165 ponuky.[\/vc_column_text][\/vc_column][vc_column width=&#8220;1\/3&#8243;][vc_column_text]<\/p>\n<h6>PODPORA NA KA\u017dDOM KROKU<\/h6>\n<p>V\u00e4\u010d\u0161ina n\u00e1dr\u017e\u00ed sa nach\u00e1dza na obrovskom zhroma\u017edisku Behaelter KG v Br\u00e9mach v Nemecku. Nie je v\u0161ak \u017eiadny v\u00e4\u010d\u0161\u00ed probl\u00e9m zorganizova\u0165 dopravu alebo tie\u017e poskytn\u00fa\u0165 podrobn\u00e9 inform\u00e1cie. Sta\u010d\u00ed iba prelistova\u0165 katal\u00f3g, vybra\u0165 n\u00e1dr\u017e a kontaktova\u0165 n\u00e1s. My sa u\u017e postar\u00e1me o zvy\u0161ok.[\/vc_column_text][\/vc_column][\/vc_row][vc_row type=&#8220;full_width_section&#8220;][vc_column width=&#8220;1\/1&#8243;]<div class=\"divider divider1\" style='margin:40px 0 40px 0 !important;'><\/div>[\/vc_column][\/vc_row][vc_row type=&#8220;full_width_section&#8220;][vc_column width=&#8220;1\/1&#8243;]<div class=\"single_image wpb_content_element align-center  animate   \" data-animation=\"fade-in-from-bottom\" data-delay=\"0\"><img width=\"750\" height=\"250\" src=\"https:\/\/inoxtanks.eu\/wp-content\/uploads\/2017\/12\/FIT_Gruppe_Kategorie_1.jpg\" class=\"attachment-full\" alt=\"\" loading=\"lazy\" title=\"FIT_Gruppe_Kategorie_1\" srcset=\"https:\/\/inoxtanks.eu\/wp-content\/uploads\/2017\/12\/FIT_Gruppe_Kategorie_1.jpg 750w, https:\/\/inoxtanks.eu\/wp-content\/uploads\/2017\/12\/FIT_Gruppe_Kategorie_1-300x100.jpg 300w\" sizes=\"(max-width: 750px) 100vw, 750px\" \/><\/div>[\/vc_column][\/vc_row]<\/p>\n<\/div>","protected":false},"excerpt":{"rendered":"<p>[vc_row type=&#8220;full_width_section&#8220; bg_image=&#8220;15350&#8243; text_color=&#8220;light&#8220; top_padding=&#8220;200&#8243; bottom_padding=&#8220;200&#8243; bg_position=&#8220;center center&#8220;][vc_column width=&#8220;1\/1&#8243;][\/vc_column][\/vc_row][vc_row top_padding=&#8220;40&#8243; bg_position=&#8220;left top&#8220;][vc_column width=&#8220;1\/3&#8243;][vc_column_text] Z\u00c1STUPCA BEHAELTER KG InoxTanks je ofici\u00e1lny distrib\u00fator zna\u010dky Behaelter KG pre Po\u013esko, \u010cesko, Slovensko, Ma\u010farsko a Rumunsko. Reprezentujeme jedn\u00e9ho z najv\u00e4\u010d\u0161\u00edch predajcov n\u00e1dr\u017e\u00ed z nehrdzavej\u00facej ocele v Eur\u00f3pe. Firmu, ktor\u00e1 u\u017e viac ne\u017e 50 rokov buduje svoju poz\u00edciu v odvetv\u00ed. V\u010faka nadviazaniu spolupr\u00e1ce m\u00f4\u017ee InoxTanks pon\u00faknu\u0165 pln\u00fa produktov\u00fa \u0161k\u00e1lu aj pre z\u00e1kazn\u00edkov z n\u00e1\u0161ho \u0161t\u00e1tu.[\/vc_column_text][\/vc_column][vc_column width=&#8220;1\/3&#8243;][vc_column_text] OBROVSK\u00c1 PONUKA Takmer 1 500 n\u00e1dr\u017e\u00ed a s\u00fa\u010dast\u00ed vybavenia dostupn\u00fdch naj\u010dastej\u0161ie okam\u017eite. Pou\u017eit\u00e9 i nov\u00e9 v\u00fdrobky, r\u00f4zne pou\u017eitia, litr\u00e1\u017ee a rozmery. Pr\u00e1ve to je pr\u00ednosom kooper\u00e1cie medzi Behaelter KG a InoxTanks. Celok prezentujeme formou katal\u00f3gu, ktor\u00fd je ka\u017ed\u00fd de\u0148 aktualizovan\u00fd, lebo chceme zaisti\u0165 komplexn\u00fa aktu\u00e1lnos\u0165 ponuky.[\/vc_column_text][\/vc_column][vc_column width=&#8220;1\/3&#8243;][vc_column_text] PODPORA NA KA\u017dDOM KROKU V\u00e4\u010d\u0161ina n\u00e1dr\u017e\u00ed sa nach\u00e1dza na obrovskom zhroma\u017edisku Behaelter KG v Br\u00e9mach v Nemecku. Nie je v\u0161ak \u017eiadny v\u00e4\u010d\u0161\u00ed probl\u00e9m zorganizova\u0165 dopravu alebo tie\u017e poskytn\u00fa\u0165 podrobn\u00e9 inform\u00e1cie. Sta\u010d\u00ed iba prelistova\u0165 katal\u00f3g, vybra\u0165 n\u00e1dr\u017e a kontaktova\u0165 n\u00e1s. My sa u\u017e postar\u00e1me o zvy\u0161ok.[\/vc_column_text][\/vc_column][\/vc_row][vc_row type=&#8220;full_width_section&#8220;][vc_column width=&#8220;1\/1&#8243;][\/vc_column][\/vc_row][vc_row type=&#8220;full_width_section&#8220;][vc_column width=&#8220;1\/1&#8243;][\/vc_column][\/vc_row]<\/p>\n","protected":false},"author":1,"featured_media":0,"parent":0,"menu_order":0,"comment_status":"open","ping_status":"closed","template":"","meta":[],"_links":{"self":[{"href":"https:\/\/inoxtanks.eu\/sk\/wp-json\/wp\/v2\/pages\/15819"}],"collection":[{"href":"https:\/\/inoxtanks.eu\/sk\/wp-json\/wp\/v2\/pages"}],"about":[{"href":"https:\/\/inoxtanks.eu\/sk\/wp-json\/wp\/v2\/types\/page"}],"author":[{"embeddable":true,"href":"https:\/\/inoxtanks.eu\/sk\/wp-json\/wp\/v2\/users\/1"}],"replies":[{"embeddable":true,"href":"https:\/\/inoxtanks.eu\/sk\/wp-json\/wp\/v2\/comments?post=15819"}],"version-history":[{"count":1,"href":"https:\/\/inoxtanks.eu\/sk\/wp-json\/wp\/v2\/pages\/15819\/revisions"}],"predecessor-version":[{"id":24720,"href":"https:\/\/inoxtanks.eu\/sk\/wp-json\/wp\/v2\/pages\/15819\/revisions\/24720"}],"wp:attachment":[{"href":"https:\/\/inoxtanks.eu\/sk\/wp-json\/wp\/v2\/media?parent=15819"}],"curies":[{"name":"wp","href":"https:\/\/api.w.org\/{rel}","templated":true}]}}