{"id":15832,"date":"2018-03-19T16:09:25","date_gmt":"2018-03-19T16:09:25","guid":{"rendered":"http:\/\/inoxtanks.eu\/?page_id=15832"},"modified":"2025-09-21T08:12:19","modified_gmt":"2025-09-21T08:12:19","slug":"miesacie-zariadenia","status":"publish","type":"page","link":"https:\/\/inoxtanks.eu\/sk\/nove\/miesacie-zariadenia\/","title":{"rendered":"Mie\u0161acie zariadenia"},"content":{"rendered":"<div class=\"wpb-content-wrapper\"><p>[vc_row top_padding=&#8220;40&#8243; bottom_padding=&#8220;60&#8243;][vc_column text_align=&#8220;center&#8220; width=&#8220;1\/2&#8243;]<div class=\"single_image wpb_content_element align-center   image_zoom \" data-animation=\"none\" data-delay=\"0\"><img decoding=\"async\" class=\"\" src=\"https:\/\/inoxtanks.eu\/wp-content\/uploads\/2017\/12\/mieszalnik-2-500x443.jpg\" width=\"500\" height=\"443\" alt=\"mieszalnik-2\" title=\"mieszalnik-2\" loading=\"lazy\" \/><\/div>[\/vc_column][vc_column text_align=&#8220;center&#8220; width=&#8220;1\/2&#8243;]<h5 class=\"headline font-inherit fontsize-l fontweight-700 lh-12 align-center transform-inherit \" style=\"margin: 0 0 20px 0;\">Mie\u0161anie, homogeniz\u00e1cia a disperzia<\/h5><h5 class=\"headline font-inherit fontsize-s fontweight-inherit lh-12 align-center transform-inherit \" style=\"margin: 0 0 20px 0;\">InoxTanks je \u0161irok\u00e1 ponuka nov\u00fdch mie\u0161ac\u00edch zariaden\u00ed. Podrobn\u00e9 inform\u00e1cie n\u00e1jdete v katal\u00f3gu.<\/h5><div class=\"divider divider1\" style='margin:30px 0 30px 0 !important;'><\/div><a href=\"http:\/\/\" target=\"_blank\" class=\"button color-6 large \" style=\"border-radius: 2px;\">Otvorte katal\u00f3g mie\u0161ac\u00edch zariaden\u00ed (3MB)<\/a><div class=\"divider divider1\" style='margin:30px 0 30px 0 !important;'><\/div><h5 class=\"headline font-inherit fontsize-l fontweight-700 lh-inherit align-center transform-inherit \" style=\"margin: 0 0 20px 0;\">Objedna\u0165 n\u00e1dr\u017e alebo pr\u00edslu\u0161enstvo:<\/h5><h5 class=\"headline font-inherit fontsize-l fontweight-inherit lh-12 align-center transform-inherit \" style=\"margin: 0 0 20px 0;\">tel. : +48 693 860 412<br \/>\nmail: biuro@inoxtanks.eu<\/h5><div class=\"divider divider1\" style='margin:30px 0 30px 0 !important;'><\/div>[\/vc_column][\/vc_row]<\/p>\n<\/div>","protected":false},"excerpt":{"rendered":"<p>[vc_row top_padding=&#8220;40&#8243; bottom_padding=&#8220;60&#8243;][vc_column text_align=&#8220;center&#8220; width=&#8220;1\/2&#8243;][\/vc_column][vc_column text_align=&#8220;center&#8220; width=&#8220;1\/2&#8243;][\/vc_column][\/vc_row]<\/p>\n","protected":false},"author":1,"featured_media":0,"parent":15829,"menu_order":0,"comment_status":"open","ping_status":"closed","template":"","meta":{"footnotes":""},"class_list":["post-15832","page","type-page","status-publish","hentry"],"yoast_head":"<!-- This site is optimized with the Yoast SEO plugin v27.4 - https:\/\/yoast.com\/product\/yoast-seo-wordpress\/ -->\n<title>Mie\u0161acie zariadenia - Inox Tanks<\/title>\n<meta name=\"robots\" content=\"index, follow, max-snippet:-1, max-image-preview:large, max-video-preview:-1\" \/>\n<link rel=\"canonical\" href=\"https:\/\/inoxtanks.eu\/nowe-zbiorniki\/mieszalniki\/\" \/>\n<meta property=\"og:locale\" content=\"sk_SK\" \/>\n<meta property=\"og:type\" content=\"article\" \/>\n<meta property=\"og:title\" content=\"Mie\u0161acie zariadenia - Inox Tanks\" \/>\n<meta property=\"og:description\" content=\"[vc_row top_padding=&#8220;40&#8243; bottom_padding=&#8220;60&#8243;][vc_column text_align=&#8220;center&#8220; width=&#8220;1\/2&#8243;][\/vc_column][vc_column text_align=&#8220;center&#8220; width=&#8220;1\/2&#8243;][\/vc_column][\/vc_row]\" \/>\n<meta property=\"og:url\" content=\"https:\/\/inoxtanks.eu\/nowe-zbiorniki\/mieszalniki\/\" \/>\n<meta property=\"og:site_name\" content=\"Inox Tanks\" \/>\n<meta property=\"article:modified_time\" content=\"2025-09-21T08:12:19+00:00\" \/>\n<meta name=\"twitter:card\" content=\"summary_large_image\" \/>\n<meta name=\"twitter:label1\" content=\"Predpokladan\u00fd \u010das \u010d\u00edtania\" \/>\n\t<meta name=\"twitter:data1\" content=\"3 min\u00faty\" \/>\n<script type=\"application\/ld+json\" class=\"yoast-schema-graph\">{\"@context\":\"https:\\\/\\\/schema.org\",\"@graph\":[{\"@type\":\"WebPage\",\"@id\":\"https:\\\/\\\/inoxtanks.eu\\\/nowe-zbiorniki\\\/mieszalniki\\\/\",\"url\":\"https:\\\/\\\/inoxtanks.eu\\\/nowe-zbiorniki\\\/mieszalniki\\\/\",\"name\":\"Mie\u0161acie zariadenia - Inox Tanks\",\"isPartOf\":{\"@id\":\"https:\\\/\\\/inoxtanks.eu\\\/#website\"},\"datePublished\":\"2018-03-19T16:09:25+00:00\",\"dateModified\":\"2025-09-21T08:12:19+00:00\",\"breadcrumb\":{\"@id\":\"https:\\\/\\\/inoxtanks.eu\\\/nowe-zbiorniki\\\/mieszalniki\\\/#breadcrumb\"},\"inLanguage\":\"sk-SK\",\"potentialAction\":[{\"@type\":\"ReadAction\",\"target\":[\"https:\\\/\\\/inoxtanks.eu\\\/nowe-zbiorniki\\\/mieszalniki\\\/\"]}]},{\"@type\":\"BreadcrumbList\",\"@id\":\"https:\\\/\\\/inoxtanks.eu\\\/nowe-zbiorniki\\\/mieszalniki\\\/#breadcrumb\",\"itemListElement\":[{\"@type\":\"ListItem\",\"position\":1,\"name\":\"Strona g\u0142\u00f3wna\",\"item\":\"https:\\\/\\\/inoxtanks.eu\\\/\"},{\"@type\":\"ListItem\",\"position\":2,\"name\":\"NOV\u00c9\",\"item\":\"https:\\\/\\\/inoxtanks.eu\\\/nowe-zbiorniki\\\/\"},{\"@type\":\"ListItem\",\"position\":3,\"name\":\"Mie\u0161acie zariadenia\"}]},{\"@type\":\"WebSite\",\"@id\":\"https:\\\/\\\/inoxtanks.eu\\\/#website\",\"url\":\"https:\\\/\\\/inoxtanks.eu\\\/\",\"name\":\"Inox Tanks\",\"description\":\"\",\"publisher\":{\"@id\":\"https:\\\/\\\/inoxtanks.eu\\\/#organization\"},\"potentialAction\":[{\"@type\":\"SearchAction\",\"target\":{\"@type\":\"EntryPoint\",\"urlTemplate\":\"https:\\\/\\\/inoxtanks.eu\\\/?s={search_term_string}\"},\"query-input\":{\"@type\":\"PropertyValueSpecification\",\"valueRequired\":true,\"valueName\":\"search_term_string\"}}],\"inLanguage\":\"sk-SK\"},{\"@type\":\"Organization\",\"@id\":\"https:\\\/\\\/inoxtanks.eu\\\/#organization\",\"name\":\"InoxTanks\",\"url\":\"https:\\\/\\\/inoxtanks.eu\\\/\",\"logo\":{\"@type\":\"ImageObject\",\"inLanguage\":\"sk-SK\",\"@id\":\"https:\\\/\\\/inoxtanks.eu\\\/#\\\/schema\\\/logo\\\/image\\\/\",\"url\":\"https:\\\/\\\/inoxtanks.eu\\\/wp-content\\\/uploads\\\/2017\\\/12\\\/inox-logo-retina.jpg\",\"contentUrl\":\"https:\\\/\\\/inoxtanks.eu\\\/wp-content\\\/uploads\\\/2017\\\/12\\\/inox-logo-retina.jpg\",\"width\":300,\"height\":269,\"caption\":\"InoxTanks\"},\"image\":{\"@id\":\"https:\\\/\\\/inoxtanks.eu\\\/#\\\/schema\\\/logo\\\/image\\\/\"}}]}<\/script>\n<!-- \/ Yoast SEO plugin. -->","yoast_head_json":{"title":"Mie\u0161acie zariadenia - Inox Tanks","robots":{"index":"index","follow":"follow","max-snippet":"max-snippet:-1","max-image-preview":"max-image-preview:large","max-video-preview":"max-video-preview:-1"},"canonical":"https:\/\/inoxtanks.eu\/nowe-zbiorniki\/mieszalniki\/","og_locale":"sk_SK","og_type":"article","og_title":"Mie\u0161acie zariadenia - Inox Tanks","og_description":"[vc_row top_padding=&#8220;40&#8243; bottom_padding=&#8220;60&#8243;][vc_column text_align=&#8220;center&#8220; width=&#8220;1\/2&#8243;][\/vc_column][vc_column text_align=&#8220;center&#8220; width=&#8220;1\/2&#8243;][\/vc_column][\/vc_row]","og_url":"https:\/\/inoxtanks.eu\/nowe-zbiorniki\/mieszalniki\/","og_site_name":"Inox Tanks","article_modified_time":"2025-09-21T08:12:19+00:00","twitter_card":"summary_large_image","twitter_misc":{"Predpokladan\u00fd \u010das \u010d\u00edtania":"3 min\u00faty"},"schema":{"@context":"https:\/\/schema.org","@graph":[{"@type":"WebPage","@id":"https:\/\/inoxtanks.eu\/nowe-zbiorniki\/mieszalniki\/","url":"https:\/\/inoxtanks.eu\/nowe-zbiorniki\/mieszalniki\/","name":"Mie\u0161acie zariadenia - Inox Tanks","isPartOf":{"@id":"https:\/\/inoxtanks.eu\/#website"},"datePublished":"2018-03-19T16:09:25+00:00","dateModified":"2025-09-21T08:12:19+00:00","breadcrumb":{"@id":"https:\/\/inoxtanks.eu\/nowe-zbiorniki\/mieszalniki\/#breadcrumb"},"inLanguage":"sk-SK","potentialAction":[{"@type":"ReadAction","target":["https:\/\/inoxtanks.eu\/nowe-zbiorniki\/mieszalniki\/"]}]},{"@type":"BreadcrumbList","@id":"https:\/\/inoxtanks.eu\/nowe-zbiorniki\/mieszalniki\/#breadcrumb","itemListElement":[{"@type":"ListItem","position":1,"name":"Strona g\u0142\u00f3wna","item":"https:\/\/inoxtanks.eu\/"},{"@type":"ListItem","position":2,"name":"NOV\u00c9","item":"https:\/\/inoxtanks.eu\/nowe-zbiorniki\/"},{"@type":"ListItem","position":3,"name":"Mie\u0161acie zariadenia"}]},{"@type":"WebSite","@id":"https:\/\/inoxtanks.eu\/#website","url":"https:\/\/inoxtanks.eu\/","name":"Inox Tanks","description":"","publisher":{"@id":"https:\/\/inoxtanks.eu\/#organization"},"potentialAction":[{"@type":"SearchAction","target":{"@type":"EntryPoint","urlTemplate":"https:\/\/inoxtanks.eu\/?s={search_term_string}"},"query-input":{"@type":"PropertyValueSpecification","valueRequired":true,"valueName":"search_term_string"}}],"inLanguage":"sk-SK"},{"@type":"Organization","@id":"https:\/\/inoxtanks.eu\/#organization","name":"InoxTanks","url":"https:\/\/inoxtanks.eu\/","logo":{"@type":"ImageObject","inLanguage":"sk-SK","@id":"https:\/\/inoxtanks.eu\/#\/schema\/logo\/image\/","url":"https:\/\/inoxtanks.eu\/wp-content\/uploads\/2017\/12\/inox-logo-retina.jpg","contentUrl":"https:\/\/inoxtanks.eu\/wp-content\/uploads\/2017\/12\/inox-logo-retina.jpg","width":300,"height":269,"caption":"InoxTanks"},"image":{"@id":"https:\/\/inoxtanks.eu\/#\/schema\/logo\/image\/"}}]}},"_links":{"self":[{"href":"https:\/\/inoxtanks.eu\/sk\/wp-json\/wp\/v2\/pages\/15832","targetHints":{"allow":["GET"]}}],"collection":[{"href":"https:\/\/inoxtanks.eu\/sk\/wp-json\/wp\/v2\/pages"}],"about":[{"href":"https:\/\/inoxtanks.eu\/sk\/wp-json\/wp\/v2\/types\/page"}],"author":[{"embeddable":true,"href":"https:\/\/inoxtanks.eu\/sk\/wp-json\/wp\/v2\/users\/1"}],"replies":[{"embeddable":true,"href":"https:\/\/inoxtanks.eu\/sk\/wp-json\/wp\/v2\/comments?post=15832"}],"version-history":[{"count":0,"href":"https:\/\/inoxtanks.eu\/sk\/wp-json\/wp\/v2\/pages\/15832\/revisions"}],"up":[{"embeddable":true,"href":"https:\/\/inoxtanks.eu\/sk\/wp-json\/wp\/v2\/pages\/15829"}],"wp:attachment":[{"href":"https:\/\/inoxtanks.eu\/sk\/wp-json\/wp\/v2\/media?parent=15832"}],"curies":[{"name":"wp","href":"https:\/\/api.w.org\/{rel}","templated":true}]}}