{"id":15846,"date":"2018-03-19T16:25:18","date_gmt":"2018-03-19T16:25:18","guid":{"rendered":"http:\/\/inoxtanks.eu\/?page_id=15846"},"modified":"2026-04-16T16:55:08","modified_gmt":"2026-04-16T16:55:08","slug":"serie-fot","status":"publish","type":"page","link":"https:\/\/inoxtanks.eu\/sk\/nove\/serie-fot\/","title":{"rendered":"S\u00c9RIE \u201eFOT\u201c"},"content":{"rendered":"<div class=\"wpb-content-wrapper\"><p>[vc_row top_padding=&#8220;40&#8243;][vc_column text_align=&#8220;center&#8220; width=&#8220;1\/2&#8243;]<div class=\"single_image wpb_content_element align-center   image_zoom \" data-animation=\"none\" data-delay=\"0\"><img decoding=\"async\" class=\"\" src=\"https:\/\/inoxtanks.eu\/wp-content\/uploads\/2017\/12\/fot-500x500.jpg\" width=\"500\" height=\"500\" alt=\"fot\" title=\"fot\" loading=\"lazy\" \/><\/div>[\/vc_column][vc_column width=&#8220;1\/2&#8243;]<h5 class=\"headline font-inherit fontsize-l fontweight-700 lh-12 align-left transform-inherit \" style=\"margin: 0 0 20px 0;\">Nov\u00e9 mie\u0161acie n\u00e1dr\u017ee od 1 100 do 3 800 litrov<\/h5><h5 class=\"headline font-inherit fontsize-s fontweight-inherit lh-12 align-left transform-inherit \" style=\"margin: 0 0 20px 0;\">Mie\u0161acie n\u00e1dr\u017ee typu FOT sa osved\u010duj\u00fa predov\u0161etk\u00fdm v oblasti spracovania potravin\u00e1rskeho tovaru. Tu sa daj\u00fa spracov\u00e1va\u0165 suroviny so zv\u00fd\u0161enou hustotou produktov a\u017e 1,4 kg na liter. Povrch le\u0161ten\u00fd na vysok\u00fd lesk zabra\u0148uje prichyt\u00e1vaniu zvy\u0161kov suroviny. N\u00e1dr\u017ee typu FOT s\u00fa navy\u0161e vybaven\u00e9 dvomi od seba nez\u00e1visl\u00fdmi a samostatne riaden\u00fdmi chladiacimi\/ohrievac\u00edmi z\u00f3nami. Integrovan\u00e9 podlahov\u00e9 dosky umo\u017e\u0148uj\u00fa doplnkov\u00e9 ukotvenie na podlo\u017eie.<\/h5><div class=\"single_image wpb_content_element align-left  image_box_border image_zoom \" data-animation=\"none\" data-delay=\"0\"><img loading=\"lazy\" decoding=\"async\" width=\"518\" height=\"366\" src=\"https:\/\/inoxtanks.eu\/wp-content\/uploads\/2017\/12\/fotset2.jpg\" class=\"attachment-full\" alt=\"\" title=\"fotset2\" srcset=\"https:\/\/inoxtanks.eu\/wp-content\/uploads\/2017\/12\/fotset2.jpg 518w, https:\/\/inoxtanks.eu\/wp-content\/uploads\/2017\/12\/fotset2-300x212.jpg 300w\" sizes=\"auto, (max-width: 518px) 100vw, 518px\" \/><\/div>[\/vc_column][\/vc_row][vc_row type=&#8220;full_width_section&#8220;][vc_column width=&#8220;1\/1&#8243;]<div class=\"divider divider1\" style='margin:40px 0 40px 0 !important;'><\/div>[\/vc_column][\/vc_row][vc_row top_padding=&#8220;0&#8243; bg_position=&#8220;left top&#8220;][vc_column width=&#8220;1\/2&#8243;]<div class=\"iconbox  wpb_content_element iconbox-style-1 icon-color-accent color-dark animation-none\"><h3><i class=\"fa fa-check boxicon\" style=\"\"><\/i><span><\/span><\/h3><p><strong>Dvojit\u00e1 stena valca a dna odoln\u00e1 proti tlaku<\/strong><\/p><\/div><div class=\"iconbox  wpb_content_element iconbox-style-1 icon-color-accent color-dark animation-none\"><h3><i class=\"fa fa-check boxicon\" style=\"\"><\/i><span><\/span><\/h3><p><strong>Pevn\u00e1 kon\u0161trukcia s vysok\u00fdm leskom<\/strong><\/p><\/div><div class=\"iconbox  wpb_content_element iconbox-style-1 icon-color-accent color-dark animation-none\"><h3><i class=\"fa fa-check boxicon\" style=\"\"><\/i><span><\/span><\/h3><p><strong>Volite\u013ene: mie\u0161acie zariadenie s dvomi vekami so z\u00e1vesom<\/strong><\/p><\/div><div class=\"iconbox  wpb_content_element iconbox-style-1 icon-color-accent color-dark animation-none\"><h3><i class=\"fa fa-check boxicon\" style=\"\"><\/i><span><\/span><\/h3><p><strong>Volite\u013ene: r\u00f4zne varianty mie\u0161adla<\/strong><\/p><\/div><div class=\"iconbox  wpb_content_element iconbox-style-1 icon-color-accent color-dark animation-none\"><h3><i class=\"fa fa-check boxicon\" style=\"\"><\/i><span><\/span><\/h3><p><strong>Komplexn\u00e1 dokument\u00e1cia spolu s vyhl\u00e1sen\u00edm o zhode, mont\u00e1\u017enym n\u00e1vodom, n\u00e1vodom na obsluhu a menovit\u00fdm \u0161t\u00edtkom<\/strong><\/p><\/div><div class=\"iconbox  wpb_content_element iconbox-style-1 icon-color-accent color-dark animation-none\"><h3><i class=\"fa fa-check boxicon\" style=\"\"><\/i><span><\/span><\/h3><p><strong>Dodato\u010dn\u00e9 vybavenie: \u00fachytky na zdv\u00edhanie, odvzdu\u0161\u0148ovac\u00ed a vyp\u00fa\u0161\u0165ac\u00ed ventil v s\u00falade s DIN 11851 DN50<\/strong><\/p><\/div>[\/vc_column][vc_column width=&#8220;1\/2&#8243;]<div class=\"iconbox  wpb_content_element iconbox-style-1 icon-color-accent color-dark animation-none\"><h3><i class=\"fa fa-check boxicon\" style=\"\"><\/i><span><\/span><\/h3><p><strong>Stojan so \u0161tyrmi nohami z nehrdzavej\u00facej ocele<\/strong><\/p><\/div><div class=\"iconbox  wpb_content_element iconbox-style-1 icon-color-accent color-dark animation-none\"><h3><i class=\"fa fa-check boxicon\" style=\"\"><\/i><span><\/span><\/h3><p><strong>Nastavenie v\u00fd\u0161ky n\u00f4h<\/strong><\/p><\/div><div class=\"iconbox  wpb_content_element iconbox-style-1 icon-color-accent color-dark animation-none\"><h3><i class=\"fa fa-check boxicon\" style=\"\"><\/i><span><\/span><\/h3><p><strong>Spodn\u00e9 dno ku\u017ee\u013e, horn\u00e9 poschodie mie\u0161acia ty\u010dka s vekom na z\u00e1vese<\/strong><\/p><\/div><div class=\"iconbox  wpb_content_element iconbox-style-1 icon-color-accent color-dark animation-none\"><h3><i class=\"fa fa-check boxicon\" style=\"\"><\/i><span><\/span><\/h3><p><strong>Regul\u00e1cia teploty n\u00e1dr\u017ee: obd\u013a\u017enikov\u00e1 ohrievacia \u0161pir\u00e1la, nastavenie teploty dna<\/strong><\/p><\/div><div class=\"iconbox  wpb_content_element iconbox-style-1 icon-color-accent color-dark animation-none\"><h3><i class=\"fa fa-check boxicon\" style=\"\"><\/i><span><\/span><\/h3><p><strong>Max. pracovn\u00fd tlak pre syst\u00e9m ohrievania\/chladenia: 2 bary<\/strong><\/p><\/div>[\/vc_column][\/vc_row][vc_row type=&#8220;full_width_section&#8220;][vc_column width=&#8220;1\/1&#8243;]<div class=\"divider divider1\" style='margin:40px 0 40px 0 !important;'><\/div><h5 class=\"headline font-inherit fontsize-l fontweight-700 lh-inherit align-center transform-inherit \" style=\"margin: 0 0 20px 0;\">Objedna\u0165 n\u00e1dr\u017e alebo pr\u00edslu\u0161enstvo:<\/h5><h5 class=\"headline font-inherit fontsize-l fontweight-inherit lh-12 align-center transform-inherit \" style=\"margin: 0 0 20px 0;\">tel. : +48 693 860 412<br \/>\nmail: biuro@inoxtanks.eu<\/h5><div class=\"divider divider1\" style='margin:40px 0 40px 0 !important;'><\/div>[\/vc_column][\/vc_row]<\/p>\n<\/div>","protected":false},"excerpt":{"rendered":"<p>[vc_row top_padding=&#8220;40&#8243;][vc_column text_align=&#8220;center&#8220; width=&#8220;1\/2&#8243;][\/vc_column][vc_column width=&#8220;1\/2&#8243;][\/vc_column][\/vc_row][vc_row type=&#8220;full_width_section&#8220;][vc_column width=&#8220;1\/1&#8243;][\/vc_column][\/vc_row][vc_row top_padding=&#8220;0&#8243; bg_position=&#8220;left top&#8220;][vc_column width=&#8220;1\/2&#8243;][\/vc_column][vc_column width=&#8220;1\/2&#8243;][\/vc_column][\/vc_row][vc_row type=&#8220;full_width_section&#8220;][vc_column width=&#8220;1\/1&#8243;][\/vc_column][\/vc_row]<\/p>\n","protected":false},"author":1,"featured_media":0,"parent":15829,"menu_order":0,"comment_status":"open","ping_status":"closed","template":"","meta":{"footnotes":""},"class_list":["post-15846","page","type-page","status-publish","hentry"],"yoast_head":"<!-- This site is optimized with the Yoast SEO plugin v27.4 - https:\/\/yoast.com\/product\/yoast-seo-wordpress\/ -->\n<title>S\u00c9RIE \u201eFOT\u201c - Inox Tanks<\/title>\n<meta name=\"robots\" content=\"index, follow, max-snippet:-1, max-image-preview:large, max-video-preview:-1\" \/>\n<link rel=\"canonical\" href=\"https:\/\/inoxtanks.eu\/nowe-zbiorniki\/fot\/\" \/>\n<meta property=\"og:locale\" content=\"sk_SK\" \/>\n<meta property=\"og:type\" content=\"article\" \/>\n<meta property=\"og:title\" content=\"S\u00c9RIE \u201eFOT\u201c - Inox Tanks\" \/>\n<meta property=\"og:description\" content=\"[vc_row top_padding=&#8220;40&#8243;][vc_column text_align=&#8220;center&#8220; width=&#8220;1\/2&#8243;][\/vc_column][vc_column width=&#8220;1\/2&#8243;][\/vc_column][\/vc_row][vc_row type=&#8220;full_width_section&#8220;][vc_column width=&#8220;1\/1&#8243;][\/vc_column][\/vc_row][vc_row top_padding=&#8220;0&#8243; bg_position=&#8220;left top&#8220;][vc_column width=&#8220;1\/2&#8243;][\/vc_column][vc_column width=&#8220;1\/2&#8243;][\/vc_column][\/vc_row][vc_row type=&#8220;full_width_section&#8220;][vc_column width=&#8220;1\/1&#8243;][\/vc_column][\/vc_row]\" \/>\n<meta property=\"og:url\" content=\"https:\/\/inoxtanks.eu\/nowe-zbiorniki\/fot\/\" \/>\n<meta property=\"og:site_name\" content=\"Inox Tanks\" \/>\n<meta property=\"article:modified_time\" content=\"2026-04-16T16:55:08+00:00\" \/>\n<meta name=\"twitter:card\" content=\"summary_large_image\" \/>\n<meta name=\"twitter:label1\" content=\"Predpokladan\u00fd \u010das \u010d\u00edtania\" \/>\n\t<meta name=\"twitter:data1\" content=\"2 min\u00faty\" \/>\n<script type=\"application\/ld+json\" class=\"yoast-schema-graph\">{\"@context\":\"https:\\\/\\\/schema.org\",\"@graph\":[{\"@type\":\"WebPage\",\"@id\":\"https:\\\/\\\/inoxtanks.eu\\\/nowe-zbiorniki\\\/fot\\\/\",\"url\":\"https:\\\/\\\/inoxtanks.eu\\\/nowe-zbiorniki\\\/fot\\\/\",\"name\":\"S\u00c9RIE \u201eFOT\u201c - Inox Tanks\",\"isPartOf\":{\"@id\":\"https:\\\/\\\/inoxtanks.eu\\\/#website\"},\"datePublished\":\"2018-03-19T16:25:18+00:00\",\"dateModified\":\"2026-04-16T16:55:08+00:00\",\"breadcrumb\":{\"@id\":\"https:\\\/\\\/inoxtanks.eu\\\/nowe-zbiorniki\\\/fot\\\/#breadcrumb\"},\"inLanguage\":\"sk-SK\",\"potentialAction\":[{\"@type\":\"ReadAction\",\"target\":[\"https:\\\/\\\/inoxtanks.eu\\\/nowe-zbiorniki\\\/fot\\\/\"]}]},{\"@type\":\"BreadcrumbList\",\"@id\":\"https:\\\/\\\/inoxtanks.eu\\\/nowe-zbiorniki\\\/fot\\\/#breadcrumb\",\"itemListElement\":[{\"@type\":\"ListItem\",\"position\":1,\"name\":\"Strona g\u0142\u00f3wna\",\"item\":\"https:\\\/\\\/inoxtanks.eu\\\/\"},{\"@type\":\"ListItem\",\"position\":2,\"name\":\"NOV\u00c9\",\"item\":\"https:\\\/\\\/inoxtanks.eu\\\/nowe-zbiorniki\\\/\"},{\"@type\":\"ListItem\",\"position\":3,\"name\":\"S\u00c9RIE \u201eFOT\u201c\"}]},{\"@type\":\"WebSite\",\"@id\":\"https:\\\/\\\/inoxtanks.eu\\\/#website\",\"url\":\"https:\\\/\\\/inoxtanks.eu\\\/\",\"name\":\"Inox Tanks\",\"description\":\"\",\"publisher\":{\"@id\":\"https:\\\/\\\/inoxtanks.eu\\\/#organization\"},\"potentialAction\":[{\"@type\":\"SearchAction\",\"target\":{\"@type\":\"EntryPoint\",\"urlTemplate\":\"https:\\\/\\\/inoxtanks.eu\\\/?s={search_term_string}\"},\"query-input\":{\"@type\":\"PropertyValueSpecification\",\"valueRequired\":true,\"valueName\":\"search_term_string\"}}],\"inLanguage\":\"sk-SK\"},{\"@type\":\"Organization\",\"@id\":\"https:\\\/\\\/inoxtanks.eu\\\/#organization\",\"name\":\"InoxTanks\",\"url\":\"https:\\\/\\\/inoxtanks.eu\\\/\",\"logo\":{\"@type\":\"ImageObject\",\"inLanguage\":\"sk-SK\",\"@id\":\"https:\\\/\\\/inoxtanks.eu\\\/#\\\/schema\\\/logo\\\/image\\\/\",\"url\":\"https:\\\/\\\/inoxtanks.eu\\\/wp-content\\\/uploads\\\/2017\\\/12\\\/inox-logo-retina.jpg\",\"contentUrl\":\"https:\\\/\\\/inoxtanks.eu\\\/wp-content\\\/uploads\\\/2017\\\/12\\\/inox-logo-retina.jpg\",\"width\":300,\"height\":269,\"caption\":\"InoxTanks\"},\"image\":{\"@id\":\"https:\\\/\\\/inoxtanks.eu\\\/#\\\/schema\\\/logo\\\/image\\\/\"}}]}<\/script>\n<!-- \/ Yoast SEO plugin. -->","yoast_head_json":{"title":"S\u00c9RIE \u201eFOT\u201c - Inox Tanks","robots":{"index":"index","follow":"follow","max-snippet":"max-snippet:-1","max-image-preview":"max-image-preview:large","max-video-preview":"max-video-preview:-1"},"canonical":"https:\/\/inoxtanks.eu\/nowe-zbiorniki\/fot\/","og_locale":"sk_SK","og_type":"article","og_title":"S\u00c9RIE \u201eFOT\u201c - Inox Tanks","og_description":"[vc_row top_padding=&#8220;40&#8243;][vc_column text_align=&#8220;center&#8220; width=&#8220;1\/2&#8243;][\/vc_column][vc_column width=&#8220;1\/2&#8243;][\/vc_column][\/vc_row][vc_row type=&#8220;full_width_section&#8220;][vc_column width=&#8220;1\/1&#8243;][\/vc_column][\/vc_row][vc_row top_padding=&#8220;0&#8243; bg_position=&#8220;left top&#8220;][vc_column width=&#8220;1\/2&#8243;][\/vc_column][vc_column width=&#8220;1\/2&#8243;][\/vc_column][\/vc_row][vc_row type=&#8220;full_width_section&#8220;][vc_column width=&#8220;1\/1&#8243;][\/vc_column][\/vc_row]","og_url":"https:\/\/inoxtanks.eu\/nowe-zbiorniki\/fot\/","og_site_name":"Inox Tanks","article_modified_time":"2026-04-16T16:55:08+00:00","twitter_card":"summary_large_image","twitter_misc":{"Predpokladan\u00fd \u010das \u010d\u00edtania":"2 min\u00faty"},"schema":{"@context":"https:\/\/schema.org","@graph":[{"@type":"WebPage","@id":"https:\/\/inoxtanks.eu\/nowe-zbiorniki\/fot\/","url":"https:\/\/inoxtanks.eu\/nowe-zbiorniki\/fot\/","name":"S\u00c9RIE \u201eFOT\u201c - Inox Tanks","isPartOf":{"@id":"https:\/\/inoxtanks.eu\/#website"},"datePublished":"2018-03-19T16:25:18+00:00","dateModified":"2026-04-16T16:55:08+00:00","breadcrumb":{"@id":"https:\/\/inoxtanks.eu\/nowe-zbiorniki\/fot\/#breadcrumb"},"inLanguage":"sk-SK","potentialAction":[{"@type":"ReadAction","target":["https:\/\/inoxtanks.eu\/nowe-zbiorniki\/fot\/"]}]},{"@type":"BreadcrumbList","@id":"https:\/\/inoxtanks.eu\/nowe-zbiorniki\/fot\/#breadcrumb","itemListElement":[{"@type":"ListItem","position":1,"name":"Strona g\u0142\u00f3wna","item":"https:\/\/inoxtanks.eu\/"},{"@type":"ListItem","position":2,"name":"NOV\u00c9","item":"https:\/\/inoxtanks.eu\/nowe-zbiorniki\/"},{"@type":"ListItem","position":3,"name":"S\u00c9RIE \u201eFOT\u201c"}]},{"@type":"WebSite","@id":"https:\/\/inoxtanks.eu\/#website","url":"https:\/\/inoxtanks.eu\/","name":"Inox Tanks","description":"","publisher":{"@id":"https:\/\/inoxtanks.eu\/#organization"},"potentialAction":[{"@type":"SearchAction","target":{"@type":"EntryPoint","urlTemplate":"https:\/\/inoxtanks.eu\/?s={search_term_string}"},"query-input":{"@type":"PropertyValueSpecification","valueRequired":true,"valueName":"search_term_string"}}],"inLanguage":"sk-SK"},{"@type":"Organization","@id":"https:\/\/inoxtanks.eu\/#organization","name":"InoxTanks","url":"https:\/\/inoxtanks.eu\/","logo":{"@type":"ImageObject","inLanguage":"sk-SK","@id":"https:\/\/inoxtanks.eu\/#\/schema\/logo\/image\/","url":"https:\/\/inoxtanks.eu\/wp-content\/uploads\/2017\/12\/inox-logo-retina.jpg","contentUrl":"https:\/\/inoxtanks.eu\/wp-content\/uploads\/2017\/12\/inox-logo-retina.jpg","width":300,"height":269,"caption":"InoxTanks"},"image":{"@id":"https:\/\/inoxtanks.eu\/#\/schema\/logo\/image\/"}}]}},"_links":{"self":[{"href":"https:\/\/inoxtanks.eu\/sk\/wp-json\/wp\/v2\/pages\/15846","targetHints":{"allow":["GET"]}}],"collection":[{"href":"https:\/\/inoxtanks.eu\/sk\/wp-json\/wp\/v2\/pages"}],"about":[{"href":"https:\/\/inoxtanks.eu\/sk\/wp-json\/wp\/v2\/types\/page"}],"author":[{"embeddable":true,"href":"https:\/\/inoxtanks.eu\/sk\/wp-json\/wp\/v2\/users\/1"}],"replies":[{"embeddable":true,"href":"https:\/\/inoxtanks.eu\/sk\/wp-json\/wp\/v2\/comments?post=15846"}],"version-history":[{"count":1,"href":"https:\/\/inoxtanks.eu\/sk\/wp-json\/wp\/v2\/pages\/15846\/revisions"}],"predecessor-version":[{"id":24718,"href":"https:\/\/inoxtanks.eu\/sk\/wp-json\/wp\/v2\/pages\/15846\/revisions\/24718"}],"up":[{"embeddable":true,"href":"https:\/\/inoxtanks.eu\/sk\/wp-json\/wp\/v2\/pages\/15829"}],"wp:attachment":[{"href":"https:\/\/inoxtanks.eu\/sk\/wp-json\/wp\/v2\/media?parent=15846"}],"curies":[{"name":"wp","href":"https:\/\/api.w.org\/{rel}","templated":true}]}}