{"id":15849,"date":"2018-03-19T16:29:06","date_gmt":"2018-03-19T16:29:06","guid":{"rendered":"http:\/\/inoxtanks.eu\/?page_id=15849"},"modified":"2026-04-16T16:55:20","modified_gmt":"2026-04-16T16:55:20","slug":"serie-sde","status":"publish","type":"page","link":"https:\/\/inoxtanks.eu\/sk\/nove\/serie-sde\/","title":{"rendered":"S\u00c9RIE \u201eSDE\u201c"},"content":{"rendered":"<div class=\"wpb-content-wrapper\"><p>[vc_row top_padding=&#8220;40&#8243;][vc_column text_align=&#8220;center&#8220; width=&#8220;1\/2&#8243;]<div class=\"single_image wpb_content_element align-center   image_zoom \" data-animation=\"none\" data-delay=\"0\"><img decoding=\"async\" class=\"\" src=\"https:\/\/inoxtanks.eu\/wp-content\/uploads\/2017\/12\/IMG_5311-1-500x500.jpg\" width=\"500\" height=\"500\" alt=\"IMG_5311\" title=\"IMG_5311\" loading=\"lazy\" \/><\/div>[\/vc_column][vc_column width=&#8220;1\/2&#8243;]<div class=\"spacer\" style=\"height: 40px;\"><\/div><h5 class=\"headline font-inherit fontsize-l fontweight-700 lh-12 align-left transform-inherit \" style=\"margin: 0 0 20px 0;\">Nov\u00e9, mobiln\u00e9 mie\u0161acie n\u00e1dr\u017ee od 550 do 1 150 litrov<\/h5><h5 class=\"headline font-inherit fontsize-s fontweight-inherit lh-12 align-left transform-inherit \" style=\"margin: 0 0 20px 0;\">Leskl\u00fd povrch vysokej kvality z nehrdzavej\u00facej ocele je optim\u00e1lny na \u010distenie a v\u010faka pou\u017eitiu r\u00f4znych mie\u0161adiel nach\u00e1dza n\u00e1dr\u017e univerz\u00e1lne uplatnenie. N\u00e1dr\u017ee sa dod\u00e1vaj\u00fa pripraven\u00e9 na pripojenie. Maj\u00fa ozna\u010denie CE, vyhl\u00e1senie o zhode, prilo\u017een\u00fd mont\u00e1\u017eny n\u00e1vod a n\u00e1vod na obsluhu.<\/h5><div class=\"single_image wpb_content_element align-left  image_box_border image_zoom \" data-animation=\"none\" data-delay=\"0\"><img loading=\"lazy\" decoding=\"async\" width=\"700\" height=\"320\" src=\"https:\/\/inoxtanks.eu\/wp-content\/uploads\/2018\/03\/sdetabele-sk.jpg\" class=\"attachment-full\" alt=\"\" title=\"sdetabele-sk\" srcset=\"https:\/\/inoxtanks.eu\/wp-content\/uploads\/2018\/03\/sdetabele-sk.jpg 700w, https:\/\/inoxtanks.eu\/wp-content\/uploads\/2018\/03\/sdetabele-sk-300x137.jpg 300w\" sizes=\"auto, (max-width: 700px) 100vw, 700px\" \/><\/div>[\/vc_column][\/vc_row][vc_row type=&#8220;full_width_section&#8220;][vc_column width=&#8220;1\/1&#8243;]<div class=\"divider divider1\" style='margin:40px 0 40px 0 !important;'><\/div>[\/vc_column][\/vc_row][vc_row top_padding=&#8220;0&#8243; bg_position=&#8220;left top&#8220;][vc_column width=&#8220;1\/2&#8243;]<div class=\"iconbox  wpb_content_element iconbox-style-1 icon-color-accent color-dark animation-none\"><h3><i class=\"fa fa-check boxicon\" style=\"\"><\/i><span><\/span><\/h3><p><strong>Ohrievac\u00ed\/chladiaci pl\u00e1\u0161\u0165: 2 bary<\/strong><\/p><\/div><div class=\"iconbox  wpb_content_element iconbox-style-1 icon-color-accent color-dark animation-none\"><h3><i class=\"fa fa-check boxicon\" style=\"\"><\/i><span><\/span><\/h3><p><strong>Zostaven\u00e1 a pripraven\u00e1 na pripojenie<\/strong><\/p><\/div><div class=\"iconbox  wpb_content_element iconbox-style-1 icon-color-accent color-dark animation-none\"><h3><i class=\"fa fa-check boxicon\" style=\"\"><\/i><span><\/span><\/h3><p><strong>Podstavec PE (pre vysokozdvi\u017en\u00e9 voz\u00edky)<\/strong><\/p><\/div><div class=\"iconbox  wpb_content_element iconbox-style-1 icon-color-accent color-dark animation-none\"><h3><i class=\"fa fa-check boxicon\" style=\"\"><\/i><span><\/span><\/h3><p><strong>Rozsiahla dokument\u00e1cia<\/strong><\/p><\/div>[\/vc_column][vc_column width=&#8220;1\/2&#8243;]<div class=\"iconbox  wpb_content_element iconbox-style-1 icon-color-accent color-dark animation-none\"><h3><i class=\"fa fa-check boxicon\" style=\"\"><\/i><span><\/span><\/h3><p><strong>Siln\u00e1 podpera mie\u0161acieho zariadenia s dvomi klapkami<\/strong><\/p><\/div><div class=\"iconbox  wpb_content_element iconbox-style-1 icon-color-accent color-dark animation-none\"><h3><i class=\"fa fa-check boxicon\" style=\"\"><\/i><span><\/span><\/h3><p><strong>Dvojit\u00e1 funkcia prevetrania\/odvetrania s INOX<\/strong><\/p><\/div><div class=\"iconbox  wpb_content_element iconbox-style-1 icon-color-accent color-dark animation-none\"><h3><i class=\"fa fa-check boxicon\" style=\"\"><\/i><span><\/span><\/h3><p><strong>Mas\u00edvny vyp\u00fa\u0161\u0165ac\u00ed ventil s INOX<\/strong><\/p><\/div><div class=\"iconbox  wpb_content_element iconbox-style-1 icon-color-accent color-dark animation-none\"><h3><i class=\"fa fa-check boxicon\" style=\"\"><\/i><span><\/span><\/h3><p><strong>Volite\u013ene n\u00e1dr\u017e s V4A<\/strong><\/p><\/div>[\/vc_column][\/vc_row][vc_row type=&#8220;full_width_section&#8220;][vc_column width=&#8220;1\/1&#8243;]<div class=\"divider divider1\" style='margin:40px 0 40px 0 !important;'><\/div><h5 class=\"headline font-inherit fontsize-l fontweight-700 lh-inherit align-center transform-inherit \" style=\"margin: 0 0 20px 0;\">Objedna\u0165 n\u00e1dr\u017e alebo pr\u00edslu\u0161enstvo:<\/h5><h5 class=\"headline font-inherit fontsize-l fontweight-inherit lh-12 align-center transform-inherit \" style=\"margin: 0 0 20px 0;\">tel. : +48 693 860 412<br \/>\nmail: biuro@inoxtanks.eu<\/h5><div class=\"divider divider1\" style='margin:40px 0 40px 0 !important;'><\/div>[\/vc_column][\/vc_row]<\/p>\n<\/div>","protected":false},"excerpt":{"rendered":"<p>[vc_row top_padding=&#8220;40&#8243;][vc_column text_align=&#8220;center&#8220; width=&#8220;1\/2&#8243;][\/vc_column][vc_column width=&#8220;1\/2&#8243;][\/vc_column][\/vc_row][vc_row type=&#8220;full_width_section&#8220;][vc_column width=&#8220;1\/1&#8243;][\/vc_column][\/vc_row][vc_row top_padding=&#8220;0&#8243; bg_position=&#8220;left top&#8220;][vc_column width=&#8220;1\/2&#8243;][\/vc_column][vc_column width=&#8220;1\/2&#8243;][\/vc_column][\/vc_row][vc_row type=&#8220;full_width_section&#8220;][vc_column width=&#8220;1\/1&#8243;][\/vc_column][\/vc_row]<\/p>\n","protected":false},"author":1,"featured_media":0,"parent":15829,"menu_order":0,"comment_status":"open","ping_status":"closed","template":"","meta":{"footnotes":""},"class_list":["post-15849","page","type-page","status-publish","hentry"],"yoast_head":"<!-- This site is optimized with the Yoast SEO plugin v27.4 - https:\/\/yoast.com\/product\/yoast-seo-wordpress\/ -->\n<title>S\u00c9RIE \u201eSDE\u201c - Inox Tanks<\/title>\n<meta name=\"robots\" content=\"index, follow, max-snippet:-1, max-image-preview:large, max-video-preview:-1\" \/>\n<link rel=\"canonical\" href=\"https:\/\/inoxtanks.eu\/nowe-zbiorniki\/sde\/\" \/>\n<meta property=\"og:locale\" content=\"sk_SK\" \/>\n<meta property=\"og:type\" content=\"article\" \/>\n<meta property=\"og:title\" content=\"S\u00c9RIE \u201eSDE\u201c - Inox Tanks\" \/>\n<meta property=\"og:description\" content=\"[vc_row top_padding=&#8220;40&#8243;][vc_column text_align=&#8220;center&#8220; width=&#8220;1\/2&#8243;][\/vc_column][vc_column width=&#8220;1\/2&#8243;][\/vc_column][\/vc_row][vc_row type=&#8220;full_width_section&#8220;][vc_column width=&#8220;1\/1&#8243;][\/vc_column][\/vc_row][vc_row top_padding=&#8220;0&#8243; bg_position=&#8220;left top&#8220;][vc_column width=&#8220;1\/2&#8243;][\/vc_column][vc_column width=&#8220;1\/2&#8243;][\/vc_column][\/vc_row][vc_row type=&#8220;full_width_section&#8220;][vc_column width=&#8220;1\/1&#8243;][\/vc_column][\/vc_row]\" \/>\n<meta property=\"og:url\" content=\"https:\/\/inoxtanks.eu\/nowe-zbiorniki\/sde\/\" \/>\n<meta property=\"og:site_name\" content=\"Inox Tanks\" \/>\n<meta property=\"article:modified_time\" content=\"2026-04-16T16:55:20+00:00\" \/>\n<meta name=\"twitter:card\" content=\"summary_large_image\" \/>\n<meta name=\"twitter:label1\" content=\"Predpokladan\u00fd \u010das \u010d\u00edtania\" \/>\n\t<meta name=\"twitter:data1\" content=\"2 min\u00faty\" \/>\n<script type=\"application\/ld+json\" class=\"yoast-schema-graph\">{\"@context\":\"https:\\\/\\\/schema.org\",\"@graph\":[{\"@type\":\"WebPage\",\"@id\":\"https:\\\/\\\/inoxtanks.eu\\\/nowe-zbiorniki\\\/sde\\\/\",\"url\":\"https:\\\/\\\/inoxtanks.eu\\\/nowe-zbiorniki\\\/sde\\\/\",\"name\":\"S\u00c9RIE \u201eSDE\u201c - Inox Tanks\",\"isPartOf\":{\"@id\":\"https:\\\/\\\/inoxtanks.eu\\\/#website\"},\"datePublished\":\"2018-03-19T16:29:06+00:00\",\"dateModified\":\"2026-04-16T16:55:20+00:00\",\"breadcrumb\":{\"@id\":\"https:\\\/\\\/inoxtanks.eu\\\/nowe-zbiorniki\\\/sde\\\/#breadcrumb\"},\"inLanguage\":\"sk-SK\",\"potentialAction\":[{\"@type\":\"ReadAction\",\"target\":[\"https:\\\/\\\/inoxtanks.eu\\\/nowe-zbiorniki\\\/sde\\\/\"]}]},{\"@type\":\"BreadcrumbList\",\"@id\":\"https:\\\/\\\/inoxtanks.eu\\\/nowe-zbiorniki\\\/sde\\\/#breadcrumb\",\"itemListElement\":[{\"@type\":\"ListItem\",\"position\":1,\"name\":\"Strona g\u0142\u00f3wna\",\"item\":\"https:\\\/\\\/inoxtanks.eu\\\/\"},{\"@type\":\"ListItem\",\"position\":2,\"name\":\"NOV\u00c9\",\"item\":\"https:\\\/\\\/inoxtanks.eu\\\/nowe-zbiorniki\\\/\"},{\"@type\":\"ListItem\",\"position\":3,\"name\":\"S\u00c9RIE \u201eSDE\u201c\"}]},{\"@type\":\"WebSite\",\"@id\":\"https:\\\/\\\/inoxtanks.eu\\\/#website\",\"url\":\"https:\\\/\\\/inoxtanks.eu\\\/\",\"name\":\"Inox Tanks\",\"description\":\"\",\"publisher\":{\"@id\":\"https:\\\/\\\/inoxtanks.eu\\\/#organization\"},\"potentialAction\":[{\"@type\":\"SearchAction\",\"target\":{\"@type\":\"EntryPoint\",\"urlTemplate\":\"https:\\\/\\\/inoxtanks.eu\\\/?s={search_term_string}\"},\"query-input\":{\"@type\":\"PropertyValueSpecification\",\"valueRequired\":true,\"valueName\":\"search_term_string\"}}],\"inLanguage\":\"sk-SK\"},{\"@type\":\"Organization\",\"@id\":\"https:\\\/\\\/inoxtanks.eu\\\/#organization\",\"name\":\"InoxTanks\",\"url\":\"https:\\\/\\\/inoxtanks.eu\\\/\",\"logo\":{\"@type\":\"ImageObject\",\"inLanguage\":\"sk-SK\",\"@id\":\"https:\\\/\\\/inoxtanks.eu\\\/#\\\/schema\\\/logo\\\/image\\\/\",\"url\":\"https:\\\/\\\/inoxtanks.eu\\\/wp-content\\\/uploads\\\/2017\\\/12\\\/inox-logo-retina.jpg\",\"contentUrl\":\"https:\\\/\\\/inoxtanks.eu\\\/wp-content\\\/uploads\\\/2017\\\/12\\\/inox-logo-retina.jpg\",\"width\":300,\"height\":269,\"caption\":\"InoxTanks\"},\"image\":{\"@id\":\"https:\\\/\\\/inoxtanks.eu\\\/#\\\/schema\\\/logo\\\/image\\\/\"}}]}<\/script>\n<!-- \/ Yoast SEO plugin. -->","yoast_head_json":{"title":"S\u00c9RIE \u201eSDE\u201c - Inox Tanks","robots":{"index":"index","follow":"follow","max-snippet":"max-snippet:-1","max-image-preview":"max-image-preview:large","max-video-preview":"max-video-preview:-1"},"canonical":"https:\/\/inoxtanks.eu\/nowe-zbiorniki\/sde\/","og_locale":"sk_SK","og_type":"article","og_title":"S\u00c9RIE \u201eSDE\u201c - Inox Tanks","og_description":"[vc_row top_padding=&#8220;40&#8243;][vc_column text_align=&#8220;center&#8220; width=&#8220;1\/2&#8243;][\/vc_column][vc_column width=&#8220;1\/2&#8243;][\/vc_column][\/vc_row][vc_row type=&#8220;full_width_section&#8220;][vc_column width=&#8220;1\/1&#8243;][\/vc_column][\/vc_row][vc_row top_padding=&#8220;0&#8243; bg_position=&#8220;left top&#8220;][vc_column width=&#8220;1\/2&#8243;][\/vc_column][vc_column width=&#8220;1\/2&#8243;][\/vc_column][\/vc_row][vc_row type=&#8220;full_width_section&#8220;][vc_column width=&#8220;1\/1&#8243;][\/vc_column][\/vc_row]","og_url":"https:\/\/inoxtanks.eu\/nowe-zbiorniki\/sde\/","og_site_name":"Inox Tanks","article_modified_time":"2026-04-16T16:55:20+00:00","twitter_card":"summary_large_image","twitter_misc":{"Predpokladan\u00fd \u010das \u010d\u00edtania":"2 min\u00faty"},"schema":{"@context":"https:\/\/schema.org","@graph":[{"@type":"WebPage","@id":"https:\/\/inoxtanks.eu\/nowe-zbiorniki\/sde\/","url":"https:\/\/inoxtanks.eu\/nowe-zbiorniki\/sde\/","name":"S\u00c9RIE \u201eSDE\u201c - Inox Tanks","isPartOf":{"@id":"https:\/\/inoxtanks.eu\/#website"},"datePublished":"2018-03-19T16:29:06+00:00","dateModified":"2026-04-16T16:55:20+00:00","breadcrumb":{"@id":"https:\/\/inoxtanks.eu\/nowe-zbiorniki\/sde\/#breadcrumb"},"inLanguage":"sk-SK","potentialAction":[{"@type":"ReadAction","target":["https:\/\/inoxtanks.eu\/nowe-zbiorniki\/sde\/"]}]},{"@type":"BreadcrumbList","@id":"https:\/\/inoxtanks.eu\/nowe-zbiorniki\/sde\/#breadcrumb","itemListElement":[{"@type":"ListItem","position":1,"name":"Strona g\u0142\u00f3wna","item":"https:\/\/inoxtanks.eu\/"},{"@type":"ListItem","position":2,"name":"NOV\u00c9","item":"https:\/\/inoxtanks.eu\/nowe-zbiorniki\/"},{"@type":"ListItem","position":3,"name":"S\u00c9RIE \u201eSDE\u201c"}]},{"@type":"WebSite","@id":"https:\/\/inoxtanks.eu\/#website","url":"https:\/\/inoxtanks.eu\/","name":"Inox Tanks","description":"","publisher":{"@id":"https:\/\/inoxtanks.eu\/#organization"},"potentialAction":[{"@type":"SearchAction","target":{"@type":"EntryPoint","urlTemplate":"https:\/\/inoxtanks.eu\/?s={search_term_string}"},"query-input":{"@type":"PropertyValueSpecification","valueRequired":true,"valueName":"search_term_string"}}],"inLanguage":"sk-SK"},{"@type":"Organization","@id":"https:\/\/inoxtanks.eu\/#organization","name":"InoxTanks","url":"https:\/\/inoxtanks.eu\/","logo":{"@type":"ImageObject","inLanguage":"sk-SK","@id":"https:\/\/inoxtanks.eu\/#\/schema\/logo\/image\/","url":"https:\/\/inoxtanks.eu\/wp-content\/uploads\/2017\/12\/inox-logo-retina.jpg","contentUrl":"https:\/\/inoxtanks.eu\/wp-content\/uploads\/2017\/12\/inox-logo-retina.jpg","width":300,"height":269,"caption":"InoxTanks"},"image":{"@id":"https:\/\/inoxtanks.eu\/#\/schema\/logo\/image\/"}}]}},"_links":{"self":[{"href":"https:\/\/inoxtanks.eu\/sk\/wp-json\/wp\/v2\/pages\/15849","targetHints":{"allow":["GET"]}}],"collection":[{"href":"https:\/\/inoxtanks.eu\/sk\/wp-json\/wp\/v2\/pages"}],"about":[{"href":"https:\/\/inoxtanks.eu\/sk\/wp-json\/wp\/v2\/types\/page"}],"author":[{"embeddable":true,"href":"https:\/\/inoxtanks.eu\/sk\/wp-json\/wp\/v2\/users\/1"}],"replies":[{"embeddable":true,"href":"https:\/\/inoxtanks.eu\/sk\/wp-json\/wp\/v2\/comments?post=15849"}],"version-history":[{"count":1,"href":"https:\/\/inoxtanks.eu\/sk\/wp-json\/wp\/v2\/pages\/15849\/revisions"}],"predecessor-version":[{"id":24719,"href":"https:\/\/inoxtanks.eu\/sk\/wp-json\/wp\/v2\/pages\/15849\/revisions\/24719"}],"up":[{"embeddable":true,"href":"https:\/\/inoxtanks.eu\/sk\/wp-json\/wp\/v2\/pages\/15829"}],"wp:attachment":[{"href":"https:\/\/inoxtanks.eu\/sk\/wp-json\/wp\/v2\/media?parent=15849"}],"curies":[{"name":"wp","href":"https:\/\/api.w.org\/{rel}","templated":true}]}}