{"id":15855,"date":"2018-03-19T16:33:58","date_gmt":"2018-03-19T16:33:58","guid":{"rendered":"http:\/\/inoxtanks.eu\/?page_id=15855"},"modified":"2018-03-20T14:01:52","modified_gmt":"2018-03-20T14:01:52","slug":"tlakove","status":"publish","type":"page","link":"https:\/\/inoxtanks.eu\/sk\/nove\/tlakove\/","title":{"rendered":"TLAKOV\u00c9 N\u00c1DR\u017dE"},"content":{"rendered":"<div class=\"wpb-content-wrapper\"><p>[vc_row top_padding=&#8220;40&#8243;][vc_column text_align=&#8220;center&#8220; width=&#8220;1\/1&#8243;]<h5 class=\"headline font-inherit fontsize-l fontweight-700 lh-12 align-center transform-inherit \" style=\"margin: 0 0 20px 0;\">Nov\u00e9 tlakov\u00e9 n\u00e1dr\u017ee so \u0161irok\u00fdm v\u00fdberom litr\u00e1\u017e\u00ed<\/h5>[vc_row_inner][vc_column_inner width=&#8220;1\/2&#8243; css=&#8220;.vc_custom_1514564902309{margin-top: 30px !important;margin-bottom: 30px !important;}&#8220;][vc_column_text]<\/p>\n<p style=\"text-align: left;\"><strong>Vybavenie:<\/strong> Vyp\u00fa\u0161\u0165ac\u00ed odtok DN50 DIN 11851 \u2022 Spodn\u00fd odtok DN50 DIN11851 \u2022 Ov\u00e1lny vstup 310 \u00d7 440 mm, PED 8 barov \u2022 Vtokov\u00e1 r\u00farka DN50 DIN11851 \u2022 Ukazovate\u013e hladiny ZKG pre PVC hadicu 10 mm \u2022 Privaren\u00e1 obj\u00edmka teplomera L = 230 \u2022 Podpery 5\/8\u201c AG L = 30 \u2022 Menovit\u00fd \u0161t\u00edtok PED (97\/23\/EG) \u2022 R\u00farka CIP DN32 +2 \u00d7 5\/8\u201c+ DN15<\/p>\n<p>[\/vc_column_text][\/vc_column_inner][vc_column_inner width=&#8220;1\/2&#8243; css=&#8220;.vc_custom_1514564896294{margin-top: 30px !important;margin-bottom: 30px !important;}&#8220;][vc_column_text]<\/p>\n<p style=\"text-align: left;\"><strong>Pr\u00edslu\u0161enstvo:<\/strong> Skrutka podpernej nohy M24 \u00d7 100(120), 1 4301 \u2022 Do\u0161ti\u010dka podpernej nohy D = 100 s = 4 MM EN1 4301 \u2022 Regul\u00e1tor teploty SPR8-11<\/p>\n<p>[\/vc_column_text][vc_column_text]<\/p>\n<p style=\"text-align: left;\"><strong>Dokument\u00e1cia:<\/strong> V\u00fdkres s rozmermi \u2022 Vyhl\u00e1senie o zhode CE, PED (98\/23\/EG) \u2022 Materi\u00e1lov\u00fd atest 3.1B pre nosn\u00e9 diely<\/p>\n<p>[\/vc_column_text][\/vc_column_inner][\/vc_row_inner]<div class=\"box clearfix style-6 wpb_content_element align-center \" style=\"padding: 40px 40px 40px 40px; \"><strong>V\u0161etky n\u00e1dr\u017ee s\u00fa vn\u00fatri i vonku vyle\u0161ten\u00e9, ohrievac\u00ed\/chladiaci pl\u00e1\u0161\u0165, boky a spodn\u00e9 dno s dvojit\u00fdm pl\u00e1\u0161\u0165om, pracovn\u00fd tlak + 3 Atm. Kontrolovan\u00e9 tlakom + 6 Atm.<\/strong><\/div>[\/vc_column][\/vc_row][vc_row top_padding=&#8220;50&#8243; bottom_padding=&#8220;50&#8243;][vc_column width=&#8220;2\/3&#8243;]<div class=\"spacer\" style=\"height: 40px;\"><\/div><div class=\"single_image wpb_content_element align-center  image_box_border image_zoom \" data-animation=\"none\" data-delay=\"0\"><img loading=\"lazy\" decoding=\"async\" width=\"901\" height=\"387\" src=\"https:\/\/inoxtanks.eu\/wp-content\/uploads\/2018\/03\/cisnienowe-1b-sk.jpg\" class=\"attachment-full\" alt=\"\" title=\"cisnienowe-1b-sk\" srcset=\"https:\/\/inoxtanks.eu\/wp-content\/uploads\/2018\/03\/cisnienowe-1b-sk.jpg 901w, https:\/\/inoxtanks.eu\/wp-content\/uploads\/2018\/03\/cisnienowe-1b-sk-300x129.jpg 300w, https:\/\/inoxtanks.eu\/wp-content\/uploads\/2018\/03\/cisnienowe-1b-sk-768x330.jpg 768w\" sizes=\"auto, (max-width: 901px) 100vw, 901px\" \/><\/div>[\/vc_column][vc_column width=&#8220;1\/3&#8243;]<div class=\"single_image wpb_content_element align-center   image_zoom \" data-animation=\"none\" data-delay=\"0\"><img decoding=\"async\" class=\"\" src=\"https:\/\/inoxtanks.eu\/wp-content\/uploads\/2017\/12\/cisnieopt.jpg\" width=\"252\" height=\"380\" alt=\"cisnieopt\" title=\"cisnieopt\" loading=\"lazy\" \/><\/div>[\/vc_column][\/vc_row][vc_row type=&#8220;full_width_section&#8220;][vc_column width=&#8220;1\/1&#8243;]<div class=\"divider divider1\" style='margin:20px 0 20px 0 !important;'><\/div>[\/vc_column][\/vc_row][vc_row top_padding=&#8220;20&#8243; bottom_padding=&#8220;50&#8243;][vc_column width=&#8220;2\/3&#8243;]<div class=\"spacer\" style=\"height: 40px;\"><\/div><div class=\"single_image wpb_content_element align-left  image_box_border image_zoom \" data-animation=\"none\" data-delay=\"0\"><img loading=\"lazy\" decoding=\"async\" width=\"900\" height=\"333\" src=\"https:\/\/inoxtanks.eu\/wp-content\/uploads\/2018\/03\/cisnienowe-1c-sk.jpg\" class=\"attachment-full\" alt=\"\" title=\"cisnienowe-1c-sk\" srcset=\"https:\/\/inoxtanks.eu\/wp-content\/uploads\/2018\/03\/cisnienowe-1c-sk.jpg 900w, https:\/\/inoxtanks.eu\/wp-content\/uploads\/2018\/03\/cisnienowe-1c-sk-300x111.jpg 300w, https:\/\/inoxtanks.eu\/wp-content\/uploads\/2018\/03\/cisnienowe-1c-sk-768x284.jpg 768w\" sizes=\"auto, (max-width: 900px) 100vw, 900px\" \/><\/div>[\/vc_column][vc_column width=&#8220;1\/3&#8243;]<div class=\"single_image wpb_content_element align-center   image_zoom \" data-animation=\"none\" data-delay=\"0\"><img loading=\"lazy\" decoding=\"async\" width=\"186\" height=\"390\" src=\"https:\/\/inoxtanks.eu\/wp-content\/uploads\/2017\/12\/cisnieopt2.jpg\" class=\"attachment-full\" alt=\"\" title=\"cisnieopt2\" srcset=\"https:\/\/inoxtanks.eu\/wp-content\/uploads\/2017\/12\/cisnieopt2.jpg 186w, https:\/\/inoxtanks.eu\/wp-content\/uploads\/2017\/12\/cisnieopt2-143x300.jpg 143w\" sizes=\"auto, (max-width: 186px) 100vw, 186px\" \/><\/div>[\/vc_column][\/vc_row][vc_row type=&#8220;full_width_section&#8220;][vc_column width=&#8220;1\/1&#8243;]<div class=\"divider divider1\" style='margin:20px 0 20px 0 !important;'><\/div>[\/vc_column][\/vc_row][vc_row top_padding=&#8220;40&#8243;][vc_column text_align=&#8220;center&#8220; width=&#8220;1\/1&#8243;]<h5 class=\"headline font-inherit fontsize-l fontweight-700 lh-12 align-center transform-inherit \" style=\"margin: 0 0 20px 0;\">Tlakov\u00e9 n\u00e1dr\u017ee od 100 litrov objemu s dvomi \u00fachytkami na hornom dne<\/h5>[vc_row_inner][vc_column_inner width=&#8220;1\/2&#8243; css=&#8220;.vc_custom_1514564902309{margin-top: 30px !important;margin-bottom: 30px !important;}&#8220;]<div class=\"spacer\" style=\"height: 40px;\"><\/div>[vc_column_text]<\/p>\n<p style=\"text-align: left;\"><strong>1. Uzavretia viek alebo vstupov s\u00fa pripevnen\u00e9 pod uhlom ~ 45 \u00b0 k osi n\u00e1dr\u017ee<\/strong><br \/>\n<strong> 2. Uzavretia viek iba pre n\u00e1doby s nomin\u00e1lnym obsahom 1 000 a\u017e 3 000 litrov, alternat\u00edvne 1 uzatv\u00e1rate\u013en\u00fd vstup pre n\u00e1dr\u017ee s obsahom 1 500 a\u017e 3 000 litrov<\/strong><br \/>\n<strong> 3. Dno v s\u00falade s DIN 28013 (alternat\u00edvne pod\u013ea DIN 28011)<\/strong><br \/>\n<strong> 4. Pripojenie k regul\u00e1toru tlaku<\/strong><br \/>\n<strong> 5. Pr\u00edpojky k ukazovate\u013eu hladiny vody<\/strong><br \/>\n<strong> 6. Pripojenie k \u010derpadlu<\/strong><br \/>\n<strong> 7. Pripojenie k vyp\u00fa\u0161\u0165aniu, dom\u00e1cej in\u0161tal\u00e1cii alebo nap\u00e1jaciemu k\u00e1blu<\/strong><br \/>\n<strong> 8. Pripojenie k dom\u00e1cej in\u0161tal\u00e1cii alebo nap\u00e1janiu<\/strong><br \/>\n<strong> 9. Pripojenie k odvzdu\u0161\u0148ovaciemu zariadeniu<\/strong><br \/>\n<strong> 10. Pripojenie k ventila\u010dn\u00e9mu zariadeniu<\/strong><br \/>\n<strong> 11. Rezervn\u00e9 pr\u00edpojky<\/strong><br \/>\n<strong> 12. 3 podpern\u00e9 nohy z plechu (od. 4 000 litrov vyroben\u00e9 z r\u00farky)<\/strong><\/p>\n<p>[\/vc_column_text][\/vc_column_inner][vc_column_inner width=&#8220;1\/2&#8243; css=&#8220;.vc_custom_1514564896294{margin-top: 30px !important;margin-bottom: 30px !important;}&#8220;]<div class=\"single_image wpb_content_element align-right   image_zoom \" data-animation=\"none\" data-delay=\"0\"><img loading=\"lazy\" decoding=\"async\" width=\"400\" height=\"479\" src=\"https:\/\/inoxtanks.eu\/wp-content\/uploads\/2017\/12\/zbiornik1b.jpg\" class=\"attachment-full\" alt=\"\" title=\"zbiornik1b\" srcset=\"https:\/\/inoxtanks.eu\/wp-content\/uploads\/2017\/12\/zbiornik1b.jpg 400w, https:\/\/inoxtanks.eu\/wp-content\/uploads\/2017\/12\/zbiornik1b-251x300.jpg 251w\" sizes=\"auto, (max-width: 400px) 100vw, 400px\" \/><\/div>[\/vc_column_inner][\/vc_row_inner]<div class=\"single_image wpb_content_element align-center   image_zoom \" data-animation=\"none\" data-delay=\"0\"><img loading=\"lazy\" decoding=\"async\" width=\"1000\" height=\"487\" src=\"https:\/\/inoxtanks.eu\/wp-content\/uploads\/2018\/03\/cisnienowe-1d-sk.jpg\" class=\"attachment-full\" alt=\"\" title=\"cisnienowe-1d-sk\" srcset=\"https:\/\/inoxtanks.eu\/wp-content\/uploads\/2018\/03\/cisnienowe-1d-sk.jpg 1000w, https:\/\/inoxtanks.eu\/wp-content\/uploads\/2018\/03\/cisnienowe-1d-sk-300x146.jpg 300w, https:\/\/inoxtanks.eu\/wp-content\/uploads\/2018\/03\/cisnienowe-1d-sk-768x374.jpg 768w\" sizes=\"auto, (max-width: 1000px) 100vw, 1000px\" \/><\/div>[\/vc_column][\/vc_row][vc_row type=&#8220;full_width_section&#8220;][vc_column width=&#8220;1\/1&#8243;]<div class=\"divider divider1\" style='margin:40px 0 40px 0 !important;'><\/div><h5 class=\"headline font-inherit fontsize-l fontweight-700 lh-inherit align-center transform-inherit \" style=\"margin: 0 0 20px 0;\">Objedna\u0165 n\u00e1dr\u017e alebo pr\u00edslu\u0161enstvo:<\/h5><h5 class=\"headline font-inherit fontsize-l fontweight-inherit lh-12 align-center transform-inherit \" style=\"margin: 0 0 20px 0;\">tel. : +48 693 860 412<br \/>\nmail: biuro@inoxtanks.eu<\/h5><div class=\"divider divider1\" style='margin:40px 0 40px 0 !important;'><\/div>[\/vc_column][\/vc_row]<\/p>\n<\/div>","protected":false},"excerpt":{"rendered":"<p>[vc_row top_padding=&#8220;40&#8243;][vc_column text_align=&#8220;center&#8220; width=&#8220;1\/1&#8243;][vc_row_inner][vc_column_inner width=&#8220;1\/2&#8243; css=&#8220;.vc_custom_1514564902309{margin-top: 30px !important;margin-bottom: 30px !important;}&#8220;][vc_column_text] Vybavenie: Vyp\u00fa\u0161\u0165ac\u00ed odtok DN50 DIN 11851 \u2022 Spodn\u00fd odtok DN50 DIN11851 \u2022 Ov\u00e1lny vstup 310 \u00d7 440 mm, PED 8 barov \u2022 Vtokov\u00e1 r\u00farka DN50 DIN11851 \u2022 Ukazovate\u013e hladiny ZKG pre PVC hadicu 10 mm \u2022 Privaren\u00e1 obj\u00edmka teplomera L = 230 \u2022 Podpery 5\/8\u201c AG L = 30 \u2022 Menovit\u00fd \u0161t\u00edtok PED (97\/23\/EG) \u2022 R\u00farka CIP DN32 +2 \u00d7 5\/8\u201c+ DN15 [\/vc_column_text][\/vc_column_inner][vc_column_inner width=&#8220;1\/2&#8243; css=&#8220;.vc_custom_1514564896294{margin-top: 30px !important;margin-bottom: 30px !important;}&#8220;][vc_column_text] Pr\u00edslu\u0161enstvo: Skrutka podpernej nohy M24 \u00d7 100(120), 1 4301 \u2022 Do\u0161ti\u010dka podpernej nohy D = 100 s = 4 MM EN1 4301 \u2022 Regul\u00e1tor teploty SPR8-11 [\/vc_column_text][vc_column_text] Dokument\u00e1cia: V\u00fdkres s rozmermi \u2022 Vyhl\u00e1senie o zhode CE, PED (98\/23\/EG) \u2022 Materi\u00e1lov\u00fd atest 3.1B pre nosn\u00e9 diely [\/vc_column_text][\/vc_column_inner][\/vc_row_inner][\/vc_column][\/vc_row][vc_row top_padding=&#8220;50&#8243; bottom_padding=&#8220;50&#8243;][vc_column width=&#8220;2\/3&#8243;][\/vc_column][vc_column width=&#8220;1\/3&#8243;][\/vc_column][\/vc_row][vc_row type=&#8220;full_width_section&#8220;][vc_column width=&#8220;1\/1&#8243;][\/vc_column][\/vc_row][vc_row top_padding=&#8220;20&#8243; bottom_padding=&#8220;50&#8243;][vc_column width=&#8220;2\/3&#8243;][\/vc_column][vc_column width=&#8220;1\/3&#8243;][\/vc_column][\/vc_row][vc_row type=&#8220;full_width_section&#8220;][vc_column width=&#8220;1\/1&#8243;][\/vc_column][\/vc_row][vc_row top_padding=&#8220;40&#8243;][vc_column text_align=&#8220;center&#8220; width=&#8220;1\/1&#8243;][vc_row_inner][vc_column_inner width=&#8220;1\/2&#8243; css=&#8220;.vc_custom_1514564902309{margin-top: 30px !important;margin-bottom: 30px !important;}&#8220;][vc_column_text] 1. Uzavretia viek alebo vstupov s\u00fa pripevnen\u00e9 pod uhlom ~ 45 \u00b0 k osi n\u00e1dr\u017ee 2. Uzavretia viek iba pre n\u00e1doby s nomin\u00e1lnym obsahom 1 000 a\u017e 3 000 litrov, alternat\u00edvne 1 uzatv\u00e1rate\u013en\u00fd vstup pre n\u00e1dr\u017ee s obsahom 1 500 a\u017e 3 000 litrov 3. Dno v s\u00falade s DIN 28013 (alternat\u00edvne pod\u013ea DIN [&hellip;]<\/p>\n","protected":false},"author":1,"featured_media":0,"parent":15829,"menu_order":0,"comment_status":"open","ping_status":"closed","template":"","meta":{"footnotes":""},"class_list":["post-15855","page","type-page","status-publish","hentry"],"yoast_head":"<!-- This site is optimized with the Yoast SEO plugin v27.4 - https:\/\/yoast.com\/product\/yoast-seo-wordpress\/ -->\n<title>TLAKOV\u00c9 N\u00c1DR\u017dE - Inox Tanks<\/title>\n<meta name=\"robots\" content=\"index, follow, max-snippet:-1, max-image-preview:large, max-video-preview:-1\" \/>\n<link rel=\"canonical\" href=\"https:\/\/inoxtanks.eu\/nowe-zbiorniki\/cisnieniowe\/\" \/>\n<meta property=\"og:locale\" content=\"sk_SK\" \/>\n<meta property=\"og:type\" content=\"article\" \/>\n<meta property=\"og:title\" content=\"TLAKOV\u00c9 N\u00c1DR\u017dE - Inox Tanks\" \/>\n<meta property=\"og:description\" content=\"[vc_row top_padding=&#8220;40&#8243;][vc_column text_align=&#8220;center&#8220; width=&#8220;1\/1&#8243;][vc_row_inner][vc_column_inner width=&#8220;1\/2&#8243; css=&#8220;.vc_custom_1514564902309{margin-top: 30px !important;margin-bottom: 30px !important;}&#8220;][vc_column_text] Vybavenie: Vyp\u00fa\u0161\u0165ac\u00ed odtok DN50 DIN 11851 \u2022 Spodn\u00fd odtok DN50 DIN11851 \u2022 Ov\u00e1lny vstup 310 \u00d7 440 mm, PED 8 barov \u2022 Vtokov\u00e1 r\u00farka DN50 DIN11851 \u2022 Ukazovate\u013e hladiny ZKG pre PVC hadicu 10 mm \u2022 Privaren\u00e1 obj\u00edmka teplomera L = 230 \u2022 Podpery 5\/8\u201c AG L = 30 \u2022 Menovit\u00fd \u0161t\u00edtok PED (97\/23\/EG) \u2022 R\u00farka CIP DN32 +2 \u00d7 5\/8\u201c+ DN15 [\/vc_column_text][\/vc_column_inner][vc_column_inner width=&#8220;1\/2&#8243; css=&#8220;.vc_custom_1514564896294{margin-top: 30px !important;margin-bottom: 30px !important;}&#8220;][vc_column_text] Pr\u00edslu\u0161enstvo: Skrutka podpernej nohy M24 \u00d7 100(120), 1 4301 \u2022 Do\u0161ti\u010dka podpernej nohy D = 100 s = 4 MM EN1 4301 \u2022 Regul\u00e1tor teploty SPR8-11 [\/vc_column_text][vc_column_text] Dokument\u00e1cia: V\u00fdkres s rozmermi \u2022 Vyhl\u00e1senie o zhode CE, PED (98\/23\/EG) \u2022 Materi\u00e1lov\u00fd atest 3.1B pre nosn\u00e9 diely [\/vc_column_text][\/vc_column_inner][\/vc_row_inner][\/vc_column][\/vc_row][vc_row top_padding=&#8220;50&#8243; bottom_padding=&#8220;50&#8243;][vc_column width=&#8220;2\/3&#8243;][\/vc_column][vc_column width=&#8220;1\/3&#8243;][\/vc_column][\/vc_row][vc_row type=&#8220;full_width_section&#8220;][vc_column width=&#8220;1\/1&#8243;][\/vc_column][\/vc_row][vc_row top_padding=&#8220;20&#8243; bottom_padding=&#8220;50&#8243;][vc_column width=&#8220;2\/3&#8243;][\/vc_column][vc_column width=&#8220;1\/3&#8243;][\/vc_column][\/vc_row][vc_row type=&#8220;full_width_section&#8220;][vc_column width=&#8220;1\/1&#8243;][\/vc_column][\/vc_row][vc_row top_padding=&#8220;40&#8243;][vc_column text_align=&#8220;center&#8220; width=&#8220;1\/1&#8243;][vc_row_inner][vc_column_inner width=&#8220;1\/2&#8243; css=&#8220;.vc_custom_1514564902309{margin-top: 30px !important;margin-bottom: 30px !important;}&#8220;][vc_column_text] 1. Uzavretia viek alebo vstupov s\u00fa pripevnen\u00e9 pod uhlom ~ 45 \u00b0 k osi n\u00e1dr\u017ee 2. Uzavretia viek iba pre n\u00e1doby s nomin\u00e1lnym obsahom 1 000 a\u017e 3 000 litrov, alternat\u00edvne 1 uzatv\u00e1rate\u013en\u00fd vstup pre n\u00e1dr\u017ee s obsahom 1 500 a\u017e 3 000 litrov 3. Dno v s\u00falade s DIN 28013 (alternat\u00edvne pod\u013ea DIN [&hellip;]\" \/>\n<meta property=\"og:url\" content=\"https:\/\/inoxtanks.eu\/nowe-zbiorniki\/cisnieniowe\/\" \/>\n<meta property=\"og:site_name\" content=\"Inox Tanks\" \/>\n<meta property=\"article:modified_time\" content=\"2018-03-20T14:01:52+00:00\" \/>\n<meta name=\"twitter:card\" content=\"summary_large_image\" \/>\n<meta name=\"twitter:label1\" content=\"Predpokladan\u00fd \u010das \u010d\u00edtania\" \/>\n\t<meta name=\"twitter:data1\" content=\"3 min\u00faty\" \/>\n<script type=\"application\/ld+json\" class=\"yoast-schema-graph\">{\"@context\":\"https:\\\/\\\/schema.org\",\"@graph\":[{\"@type\":\"WebPage\",\"@id\":\"https:\\\/\\\/inoxtanks.eu\\\/nowe-zbiorniki\\\/cisnieniowe\\\/\",\"url\":\"https:\\\/\\\/inoxtanks.eu\\\/nowe-zbiorniki\\\/cisnieniowe\\\/\",\"name\":\"TLAKOV\u00c9 N\u00c1DR\u017dE - Inox Tanks\",\"isPartOf\":{\"@id\":\"https:\\\/\\\/inoxtanks.eu\\\/#website\"},\"datePublished\":\"2018-03-19T16:33:58+00:00\",\"dateModified\":\"2018-03-20T14:01:52+00:00\",\"breadcrumb\":{\"@id\":\"https:\\\/\\\/inoxtanks.eu\\\/nowe-zbiorniki\\\/cisnieniowe\\\/#breadcrumb\"},\"inLanguage\":\"sk-SK\",\"potentialAction\":[{\"@type\":\"ReadAction\",\"target\":[\"https:\\\/\\\/inoxtanks.eu\\\/nowe-zbiorniki\\\/cisnieniowe\\\/\"]}]},{\"@type\":\"BreadcrumbList\",\"@id\":\"https:\\\/\\\/inoxtanks.eu\\\/nowe-zbiorniki\\\/cisnieniowe\\\/#breadcrumb\",\"itemListElement\":[{\"@type\":\"ListItem\",\"position\":1,\"name\":\"Strona g\u0142\u00f3wna\",\"item\":\"https:\\\/\\\/inoxtanks.eu\\\/\"},{\"@type\":\"ListItem\",\"position\":2,\"name\":\"NOV\u00c9\",\"item\":\"https:\\\/\\\/inoxtanks.eu\\\/nowe-zbiorniki\\\/\"},{\"@type\":\"ListItem\",\"position\":3,\"name\":\"TLAKOV\u00c9 N\u00c1DR\u017dE\"}]},{\"@type\":\"WebSite\",\"@id\":\"https:\\\/\\\/inoxtanks.eu\\\/#website\",\"url\":\"https:\\\/\\\/inoxtanks.eu\\\/\",\"name\":\"Inox Tanks\",\"description\":\"\",\"publisher\":{\"@id\":\"https:\\\/\\\/inoxtanks.eu\\\/#organization\"},\"potentialAction\":[{\"@type\":\"SearchAction\",\"target\":{\"@type\":\"EntryPoint\",\"urlTemplate\":\"https:\\\/\\\/inoxtanks.eu\\\/?s={search_term_string}\"},\"query-input\":{\"@type\":\"PropertyValueSpecification\",\"valueRequired\":true,\"valueName\":\"search_term_string\"}}],\"inLanguage\":\"sk-SK\"},{\"@type\":\"Organization\",\"@id\":\"https:\\\/\\\/inoxtanks.eu\\\/#organization\",\"name\":\"InoxTanks\",\"url\":\"https:\\\/\\\/inoxtanks.eu\\\/\",\"logo\":{\"@type\":\"ImageObject\",\"inLanguage\":\"sk-SK\",\"@id\":\"https:\\\/\\\/inoxtanks.eu\\\/#\\\/schema\\\/logo\\\/image\\\/\",\"url\":\"https:\\\/\\\/inoxtanks.eu\\\/wp-content\\\/uploads\\\/2017\\\/12\\\/inox-logo-retina.jpg\",\"contentUrl\":\"https:\\\/\\\/inoxtanks.eu\\\/wp-content\\\/uploads\\\/2017\\\/12\\\/inox-logo-retina.jpg\",\"width\":300,\"height\":269,\"caption\":\"InoxTanks\"},\"image\":{\"@id\":\"https:\\\/\\\/inoxtanks.eu\\\/#\\\/schema\\\/logo\\\/image\\\/\"}}]}<\/script>\n<!-- \/ Yoast SEO plugin. -->","yoast_head_json":{"title":"TLAKOV\u00c9 N\u00c1DR\u017dE - Inox Tanks","robots":{"index":"index","follow":"follow","max-snippet":"max-snippet:-1","max-image-preview":"max-image-preview:large","max-video-preview":"max-video-preview:-1"},"canonical":"https:\/\/inoxtanks.eu\/nowe-zbiorniki\/cisnieniowe\/","og_locale":"sk_SK","og_type":"article","og_title":"TLAKOV\u00c9 N\u00c1DR\u017dE - Inox Tanks","og_description":"[vc_row top_padding=&#8220;40&#8243;][vc_column text_align=&#8220;center&#8220; width=&#8220;1\/1&#8243;][vc_row_inner][vc_column_inner width=&#8220;1\/2&#8243; css=&#8220;.vc_custom_1514564902309{margin-top: 30px !important;margin-bottom: 30px !important;}&#8220;][vc_column_text] Vybavenie: Vyp\u00fa\u0161\u0165ac\u00ed odtok DN50 DIN 11851 \u2022 Spodn\u00fd odtok DN50 DIN11851 \u2022 Ov\u00e1lny vstup 310 \u00d7 440 mm, PED 8 barov \u2022 Vtokov\u00e1 r\u00farka DN50 DIN11851 \u2022 Ukazovate\u013e hladiny ZKG pre PVC hadicu 10 mm \u2022 Privaren\u00e1 obj\u00edmka teplomera L = 230 \u2022 Podpery 5\/8\u201c AG L = 30 \u2022 Menovit\u00fd \u0161t\u00edtok PED (97\/23\/EG) \u2022 R\u00farka CIP DN32 +2 \u00d7 5\/8\u201c+ DN15 [\/vc_column_text][\/vc_column_inner][vc_column_inner width=&#8220;1\/2&#8243; css=&#8220;.vc_custom_1514564896294{margin-top: 30px !important;margin-bottom: 30px !important;}&#8220;][vc_column_text] Pr\u00edslu\u0161enstvo: Skrutka podpernej nohy M24 \u00d7 100(120), 1 4301 \u2022 Do\u0161ti\u010dka podpernej nohy D = 100 s = 4 MM EN1 4301 \u2022 Regul\u00e1tor teploty SPR8-11 [\/vc_column_text][vc_column_text] Dokument\u00e1cia: V\u00fdkres s rozmermi \u2022 Vyhl\u00e1senie o zhode CE, PED (98\/23\/EG) \u2022 Materi\u00e1lov\u00fd atest 3.1B pre nosn\u00e9 diely [\/vc_column_text][\/vc_column_inner][\/vc_row_inner][\/vc_column][\/vc_row][vc_row top_padding=&#8220;50&#8243; bottom_padding=&#8220;50&#8243;][vc_column width=&#8220;2\/3&#8243;][\/vc_column][vc_column width=&#8220;1\/3&#8243;][\/vc_column][\/vc_row][vc_row type=&#8220;full_width_section&#8220;][vc_column width=&#8220;1\/1&#8243;][\/vc_column][\/vc_row][vc_row top_padding=&#8220;20&#8243; bottom_padding=&#8220;50&#8243;][vc_column width=&#8220;2\/3&#8243;][\/vc_column][vc_column width=&#8220;1\/3&#8243;][\/vc_column][\/vc_row][vc_row type=&#8220;full_width_section&#8220;][vc_column width=&#8220;1\/1&#8243;][\/vc_column][\/vc_row][vc_row top_padding=&#8220;40&#8243;][vc_column text_align=&#8220;center&#8220; width=&#8220;1\/1&#8243;][vc_row_inner][vc_column_inner width=&#8220;1\/2&#8243; css=&#8220;.vc_custom_1514564902309{margin-top: 30px !important;margin-bottom: 30px !important;}&#8220;][vc_column_text] 1. Uzavretia viek alebo vstupov s\u00fa pripevnen\u00e9 pod uhlom ~ 45 \u00b0 k osi n\u00e1dr\u017ee 2. Uzavretia viek iba pre n\u00e1doby s nomin\u00e1lnym obsahom 1 000 a\u017e 3 000 litrov, alternat\u00edvne 1 uzatv\u00e1rate\u013en\u00fd vstup pre n\u00e1dr\u017ee s obsahom 1 500 a\u017e 3 000 litrov 3. Dno v s\u00falade s DIN 28013 (alternat\u00edvne pod\u013ea DIN [&hellip;]","og_url":"https:\/\/inoxtanks.eu\/nowe-zbiorniki\/cisnieniowe\/","og_site_name":"Inox Tanks","article_modified_time":"2018-03-20T14:01:52+00:00","twitter_card":"summary_large_image","twitter_misc":{"Predpokladan\u00fd \u010das \u010d\u00edtania":"3 min\u00faty"},"schema":{"@context":"https:\/\/schema.org","@graph":[{"@type":"WebPage","@id":"https:\/\/inoxtanks.eu\/nowe-zbiorniki\/cisnieniowe\/","url":"https:\/\/inoxtanks.eu\/nowe-zbiorniki\/cisnieniowe\/","name":"TLAKOV\u00c9 N\u00c1DR\u017dE - Inox Tanks","isPartOf":{"@id":"https:\/\/inoxtanks.eu\/#website"},"datePublished":"2018-03-19T16:33:58+00:00","dateModified":"2018-03-20T14:01:52+00:00","breadcrumb":{"@id":"https:\/\/inoxtanks.eu\/nowe-zbiorniki\/cisnieniowe\/#breadcrumb"},"inLanguage":"sk-SK","potentialAction":[{"@type":"ReadAction","target":["https:\/\/inoxtanks.eu\/nowe-zbiorniki\/cisnieniowe\/"]}]},{"@type":"BreadcrumbList","@id":"https:\/\/inoxtanks.eu\/nowe-zbiorniki\/cisnieniowe\/#breadcrumb","itemListElement":[{"@type":"ListItem","position":1,"name":"Strona g\u0142\u00f3wna","item":"https:\/\/inoxtanks.eu\/"},{"@type":"ListItem","position":2,"name":"NOV\u00c9","item":"https:\/\/inoxtanks.eu\/nowe-zbiorniki\/"},{"@type":"ListItem","position":3,"name":"TLAKOV\u00c9 N\u00c1DR\u017dE"}]},{"@type":"WebSite","@id":"https:\/\/inoxtanks.eu\/#website","url":"https:\/\/inoxtanks.eu\/","name":"Inox Tanks","description":"","publisher":{"@id":"https:\/\/inoxtanks.eu\/#organization"},"potentialAction":[{"@type":"SearchAction","target":{"@type":"EntryPoint","urlTemplate":"https:\/\/inoxtanks.eu\/?s={search_term_string}"},"query-input":{"@type":"PropertyValueSpecification","valueRequired":true,"valueName":"search_term_string"}}],"inLanguage":"sk-SK"},{"@type":"Organization","@id":"https:\/\/inoxtanks.eu\/#organization","name":"InoxTanks","url":"https:\/\/inoxtanks.eu\/","logo":{"@type":"ImageObject","inLanguage":"sk-SK","@id":"https:\/\/inoxtanks.eu\/#\/schema\/logo\/image\/","url":"https:\/\/inoxtanks.eu\/wp-content\/uploads\/2017\/12\/inox-logo-retina.jpg","contentUrl":"https:\/\/inoxtanks.eu\/wp-content\/uploads\/2017\/12\/inox-logo-retina.jpg","width":300,"height":269,"caption":"InoxTanks"},"image":{"@id":"https:\/\/inoxtanks.eu\/#\/schema\/logo\/image\/"}}]}},"_links":{"self":[{"href":"https:\/\/inoxtanks.eu\/sk\/wp-json\/wp\/v2\/pages\/15855","targetHints":{"allow":["GET"]}}],"collection":[{"href":"https:\/\/inoxtanks.eu\/sk\/wp-json\/wp\/v2\/pages"}],"about":[{"href":"https:\/\/inoxtanks.eu\/sk\/wp-json\/wp\/v2\/types\/page"}],"author":[{"embeddable":true,"href":"https:\/\/inoxtanks.eu\/sk\/wp-json\/wp\/v2\/users\/1"}],"replies":[{"embeddable":true,"href":"https:\/\/inoxtanks.eu\/sk\/wp-json\/wp\/v2\/comments?post=15855"}],"version-history":[{"count":0,"href":"https:\/\/inoxtanks.eu\/sk\/wp-json\/wp\/v2\/pages\/15855\/revisions"}],"up":[{"embeddable":true,"href":"https:\/\/inoxtanks.eu\/sk\/wp-json\/wp\/v2\/pages\/15829"}],"wp:attachment":[{"href":"https:\/\/inoxtanks.eu\/sk\/wp-json\/wp\/v2\/media?parent=15855"}],"curies":[{"name":"wp","href":"https:\/\/api.w.org\/{rel}","templated":true}]}}